{"id":5779,"date":"2021-10-14T22:06:26","date_gmt":"2021-10-15T05:06:26","guid":{"rendered":"https:\/\/jem-wpml.local\/politica-de-privacidad\/"},"modified":"2024-09-10T12:27:27","modified_gmt":"2024-09-10T19:27:27","slug":"politica-de-privacidad","status":"publish","type":"page","link":"https:\/\/tremblylaw.com\/es\/politica-de-privacidad\/","title":{"rendered":"Pol\u00edtica de Privacidad"},"content":{"rendered":"","protected":false},"excerpt":{"rendered":"<p>&#8230;<\/p>\n","protected":false},"author":3,"featured_media":0,"parent":0,"menu_order":0,"comment_status":"closed","ping_status":"closed","template":"","meta":{"_acf_changed":false,"footnotes":""},"class_list":["post-5779","page","type-page","status-publish","hentry"],"acf":[],"yoast_head":"<!-- This site is optimized with the Yoast SEO plugin v27.3 - https:\/\/yoast.com\/product\/yoast-seo-wordpress\/ -->\n<title>Pol\u00edtica de Privacidad - Trembly Law Firm &quot;Pol\u00edtica de privacidad - Bufete de abogados Trembly - Abogados comerciales de Florida&quot;<\/title>\n<meta name=\"description\" content=\"Pol\u00edtica de privacidad de empresas | Franquicias | Empleo | Litigios Pol\u00edtica de privacidad Gracias por visitar tremblylaw.com. Esta pol\u00edtica de privacidad le informa c\u00f3mo utilizamos la informaci\u00f3n personal recopilada en este sitio. Lea esta pol\u00edtica de privacidad antes de usar el sitio o enviar cualquier informaci\u00f3n personal. Al usar el sitio, acepta las pr\u00e1cticas descritas en [\u2026]&quot;\" \/>\n<meta name=\"robots\" content=\"index, follow, max-snippet:-1, max-image-preview:large, max-video-preview:-1\" \/>\n<link rel=\"canonical\" href=\"https:\/\/tremblylaw.com\/es\/politica-de-privacidad\/\" \/>\n<meta property=\"og:locale\" content=\"es_ES\" \/>\n<meta property=\"og:type\" content=\"article\" \/>\n<meta property=\"og:title\" content=\"Pol\u00edtica de Privacidad - Trembly Law Firm &quot;Pol\u00edtica de privacidad - Bufete de abogados Trembly - Abogados comerciales de Florida&quot;\" \/>\n<meta property=\"og:description\" content=\"Pol\u00edtica de privacidad de empresas | Franquicias | Empleo | Litigios Pol\u00edtica de privacidad Gracias por visitar tremblylaw.com. Esta pol\u00edtica de privacidad le informa c\u00f3mo utilizamos la informaci\u00f3n personal recopilada en este sitio. Lea esta pol\u00edtica de privacidad antes de usar el sitio o enviar cualquier informaci\u00f3n personal. Al usar el sitio, acepta las pr\u00e1cticas descritas en [\u2026]&quot;\" \/>\n<meta property=\"og:url\" content=\"https:\/\/tremblylaw.com\/es\/politica-de-privacidad\/\" \/>\n<meta property=\"og:site_name\" content=\"Trembly Law Firm\" \/>\n<meta property=\"article:modified_time\" content=\"2024-09-10T19:27:27+00:00\" \/>\n<meta name=\"twitter:card\" content=\"summary_large_image\" \/>\n<script type=\"application\/ld+json\" class=\"yoast-schema-graph\">{\"@context\":\"https:\\\/\\\/schema.org\",\"@graph\":[{\"@type\":\"WebPage\",\"@id\":\"https:\\\/\\\/tremblylaw.com\\\/es\\\/politica-de-privacidad\\\/\",\"url\":\"https:\\\/\\\/tremblylaw.com\\\/es\\\/politica-de-privacidad\\\/\",\"name\":\"Pol\u00edtica de Privacidad - Trembly Law Firm \\\"Pol\u00edtica de privacidad - Bufete de abogados Trembly - Abogados comerciales de Florida\\\"\",\"isPartOf\":{\"@id\":\"https:\\\/\\\/tremblylaw.com\\\/es\\\/#website\"},\"datePublished\":\"2021-10-15T05:06:26+00:00\",\"dateModified\":\"2024-09-10T19:27:27+00:00\",\"description\":\"Pol\u00edtica de privacidad de empresas | Franquicias | Empleo | Litigios Pol\u00edtica de privacidad Gracias por visitar tremblylaw.com. Esta pol\u00edtica de privacidad le informa c\u00f3mo utilizamos la informaci\u00f3n personal recopilada en este sitio. Lea esta pol\u00edtica de privacidad antes de usar el sitio o enviar cualquier informaci\u00f3n personal. Al usar el sitio, acepta las pr\u00e1cticas descritas en [\u2026]\\\"\",\"breadcrumb\":{\"@id\":\"https:\\\/\\\/tremblylaw.com\\\/es\\\/politica-de-privacidad\\\/#breadcrumb\"},\"inLanguage\":\"es\",\"potentialAction\":[{\"@type\":\"ReadAction\",\"target\":[\"https:\\\/\\\/tremblylaw.com\\\/es\\\/politica-de-privacidad\\\/\"]}]},{\"@type\":\"BreadcrumbList\",\"@id\":\"https:\\\/\\\/tremblylaw.com\\\/es\\\/politica-de-privacidad\\\/#breadcrumb\",\"itemListElement\":[{\"@type\":\"ListItem\",\"position\":1,\"name\":\"Home\",\"item\":\"https:\\\/\\\/tremblylaw.com\\\/es\\\/\"},{\"@type\":\"ListItem\",\"position\":2,\"name\":\"Pol\u00edtica de Privacidad\"}]},{\"@type\":\"WebSite\",\"@id\":\"https:\\\/\\\/tremblylaw.com\\\/es\\\/#website\",\"url\":\"https:\\\/\\\/tremblylaw.com\\\/es\\\/\",\"name\":\"Trembly Law Firm\",\"description\":\"\",\"publisher\":{\"@id\":\"https:\\\/\\\/tremblylaw.com\\\/es\\\/#organization\"},\"potentialAction\":[{\"@type\":\"SearchAction\",\"target\":{\"@type\":\"EntryPoint\",\"urlTemplate\":\"https:\\\/\\\/tremblylaw.com\\\/es\\\/?s={search_term_string}\"},\"query-input\":{\"@type\":\"PropertyValueSpecification\",\"valueRequired\":true,\"valueName\":\"search_term_string\"}}],\"inLanguage\":\"es\"},{\"@type\":\"Organization\",\"@id\":\"https:\\\/\\\/tremblylaw.com\\\/es\\\/#organization\",\"name\":\"Trembly Law Firm\",\"url\":\"https:\\\/\\\/tremblylaw.com\\\/es\\\/\",\"logo\":{\"@type\":\"ImageObject\",\"inLanguage\":\"es\",\"@id\":\"https:\\\/\\\/tremblylaw.com\\\/es\\\/#\\\/schema\\\/logo\\\/image\\\/\",\"url\":\"https:\\\/\\\/tremblylaw.com\\\/wp-content\\\/uploads\\\/2024\\\/07\\\/trembly_logo_dk.webp\",\"contentUrl\":\"https:\\\/\\\/tremblylaw.com\\\/wp-content\\\/uploads\\\/2024\\\/07\\\/trembly_logo_dk.webp\",\"width\":336,\"height\":96,\"caption\":\"Trembly Law Firm\"},\"image\":{\"@id\":\"https:\\\/\\\/tremblylaw.com\\\/es\\\/#\\\/schema\\\/logo\\\/image\\\/\"}}]}<\/script>\n<!-- \/ Yoast SEO plugin. -->","yoast_head_json":{"title":"Pol\u00edtica de Privacidad - Trembly Law Firm \"Pol\u00edtica de privacidad - Bufete de abogados Trembly - Abogados comerciales de Florida\"","description":"Pol\u00edtica de privacidad de empresas | Franquicias | Empleo | Litigios Pol\u00edtica de privacidad Gracias por visitar tremblylaw.com. Esta pol\u00edtica de privacidad le informa c\u00f3mo utilizamos la informaci\u00f3n personal recopilada en este sitio. Lea esta pol\u00edtica de privacidad antes de usar el sitio o enviar cualquier informaci\u00f3n personal. Al usar el sitio, acepta las pr\u00e1cticas descritas en [\u2026]\"","robots":{"index":"index","follow":"follow","max-snippet":"max-snippet:-1","max-image-preview":"max-image-preview:large","max-video-preview":"max-video-preview:-1"},"canonical":"https:\/\/tremblylaw.com\/es\/politica-de-privacidad\/","og_locale":"es_ES","og_type":"article","og_title":"Pol\u00edtica de Privacidad - Trembly Law Firm \"Pol\u00edtica de privacidad - Bufete de abogados Trembly - Abogados comerciales de Florida\"","og_description":"Pol\u00edtica de privacidad de empresas | Franquicias | Empleo | Litigios Pol\u00edtica de privacidad Gracias por visitar tremblylaw.com. Esta pol\u00edtica de privacidad le informa c\u00f3mo utilizamos la informaci\u00f3n personal recopilada en este sitio. Lea esta pol\u00edtica de privacidad antes de usar el sitio o enviar cualquier informaci\u00f3n personal. Al usar el sitio, acepta las pr\u00e1cticas descritas en [\u2026]\"","og_url":"https:\/\/tremblylaw.com\/es\/politica-de-privacidad\/","og_site_name":"Trembly Law Firm","article_modified_time":"2024-09-10T19:27:27+00:00","twitter_card":"summary_large_image","schema":{"@context":"https:\/\/schema.org","@graph":[{"@type":"WebPage","@id":"https:\/\/tremblylaw.com\/es\/politica-de-privacidad\/","url":"https:\/\/tremblylaw.com\/es\/politica-de-privacidad\/","name":"Pol\u00edtica de Privacidad - Trembly Law Firm \"Pol\u00edtica de privacidad - Bufete de abogados Trembly - Abogados comerciales de Florida\"","isPartOf":{"@id":"https:\/\/tremblylaw.com\/es\/#website"},"datePublished":"2021-10-15T05:06:26+00:00","dateModified":"2024-09-10T19:27:27+00:00","description":"Pol\u00edtica de privacidad de empresas | Franquicias | Empleo | Litigios Pol\u00edtica de privacidad Gracias por visitar tremblylaw.com. Esta pol\u00edtica de privacidad le informa c\u00f3mo utilizamos la informaci\u00f3n personal recopilada en este sitio. Lea esta pol\u00edtica de privacidad antes de usar el sitio o enviar cualquier informaci\u00f3n personal. Al usar el sitio, acepta las pr\u00e1cticas descritas en [\u2026]\"","breadcrumb":{"@id":"https:\/\/tremblylaw.com\/es\/politica-de-privacidad\/#breadcrumb"},"inLanguage":"es","potentialAction":[{"@type":"ReadAction","target":["https:\/\/tremblylaw.com\/es\/politica-de-privacidad\/"]}]},{"@type":"BreadcrumbList","@id":"https:\/\/tremblylaw.com\/es\/politica-de-privacidad\/#breadcrumb","itemListElement":[{"@type":"ListItem","position":1,"name":"Home","item":"https:\/\/tremblylaw.com\/es\/"},{"@type":"ListItem","position":2,"name":"Pol\u00edtica de Privacidad"}]},{"@type":"WebSite","@id":"https:\/\/tremblylaw.com\/es\/#website","url":"https:\/\/tremblylaw.com\/es\/","name":"Trembly Law Firm","description":"","publisher":{"@id":"https:\/\/tremblylaw.com\/es\/#organization"},"potentialAction":[{"@type":"SearchAction","target":{"@type":"EntryPoint","urlTemplate":"https:\/\/tremblylaw.com\/es\/?s={search_term_string}"},"query-input":{"@type":"PropertyValueSpecification","valueRequired":true,"valueName":"search_term_string"}}],"inLanguage":"es"},{"@type":"Organization","@id":"https:\/\/tremblylaw.com\/es\/#organization","name":"Trembly Law Firm","url":"https:\/\/tremblylaw.com\/es\/","logo":{"@type":"ImageObject","inLanguage":"es","@id":"https:\/\/tremblylaw.com\/es\/#\/schema\/logo\/image\/","url":"https:\/\/tremblylaw.com\/wp-content\/uploads\/2024\/07\/trembly_logo_dk.webp","contentUrl":"https:\/\/tremblylaw.com\/wp-content\/uploads\/2024\/07\/trembly_logo_dk.webp","width":336,"height":96,"caption":"Trembly Law Firm"},"image":{"@id":"https:\/\/tremblylaw.com\/es\/#\/schema\/logo\/image\/"}}]}},"_links":{"self":[{"href":"https:\/\/tremblylaw.com\/es\/wp-json\/wp\/v2\/pages\/5779","targetHints":{"allow":["GET"]}}],"collection":[{"href":"https:\/\/tremblylaw.com\/es\/wp-json\/wp\/v2\/pages"}],"about":[{"href":"https:\/\/tremblylaw.com\/es\/wp-json\/wp\/v2\/types\/page"}],"author":[{"embeddable":true,"href":"https:\/\/tremblylaw.com\/es\/wp-json\/wp\/v2\/users\/3"}],"replies":[{"embeddable":true,"href":"https:\/\/tremblylaw.com\/es\/wp-json\/wp\/v2\/comments?post=5779"}],"version-history":[{"count":0,"href":"https:\/\/tremblylaw.com\/es\/wp-json\/wp\/v2\/pages\/5779\/revisions"}],"wp:attachment":[{"href":"https:\/\/tremblylaw.com\/es\/wp-json\/wp\/v2\/media?parent=5779"}],"curies":[{"name":"wp","href":"https:\/\/api.w.org\/{rel}","templated":true}]}}