{"id":7975,"date":"2021-11-11T11:26:56","date_gmt":"2021-11-11T18:26:56","guid":{"rendered":"https:\/\/trembly-jem.local\/noticias\/"},"modified":"2021-11-11T11:26:56","modified_gmt":"2021-11-11T18:26:56","slug":"noticias","status":"publish","type":"page","link":"https:\/\/tremblylaw.com\/es\/noticias\/","title":{"rendered":"Noticias"},"content":{"rendered":"","protected":false},"excerpt":{"rendered":"<p>&#8230;<\/p>\n","protected":false},"author":7,"featured_media":0,"parent":0,"menu_order":0,"comment_status":"closed","ping_status":"closed","template":"","meta":{"_acf_changed":false,"footnotes":""},"class_list":["post-7975","page","type-page","status-publish","hentry"],"acf":[],"yoast_head":"<!-- This site is optimized with the Yoast SEO plugin v27.3 - https:\/\/yoast.com\/product\/yoast-seo-wordpress\/ -->\n<title>Noticias - Trembly Law Firm &quot;Noticias - Bufete de abogados Trembly - Abogados comerciales de Florida&quot;<\/title>\n<meta name=\"description\" content=\"&quot;Negocios | Franquicias | Empleo | Litigios | Marcas comerciales | Propiedad intelectual Noticias Noticias recientes 28 de abril El bufete de abogados Trembly recauda m\u00e1s de $6000 para la Fundaci\u00f3n del Hospital Infantil Nicklaus y la Fundaci\u00f3n Tua El bufete de abogados Trembly recauda m\u00e1s de $6000 para la Fundaci\u00f3n del Hospital Infantil Nicklaus y la Fundaci\u00f3n Tua El bufete de abogados Trembly organiz\u00f3 su \u2026 Leer m\u00e1s \u2192 [\u2026]&quot;\" \/>\n<meta name=\"robots\" content=\"index, follow, max-snippet:-1, max-image-preview:large, max-video-preview:-1\" \/>\n<link rel=\"canonical\" href=\"https:\/\/tremblylaw.com\/es\/noticias\/\" \/>\n<meta property=\"og:locale\" content=\"es_ES\" \/>\n<meta property=\"og:type\" content=\"article\" \/>\n<meta property=\"og:title\" content=\"Noticias - Trembly Law Firm &quot;Noticias - Bufete de abogados Trembly - Abogados comerciales de Florida&quot;\" \/>\n<meta property=\"og:description\" content=\"&quot;Negocios | Franquicias | Empleo | Litigios | Marcas comerciales | Propiedad intelectual Noticias Noticias recientes 28 de abril El bufete de abogados Trembly recauda m\u00e1s de $6000 para la Fundaci\u00f3n del Hospital Infantil Nicklaus y la Fundaci\u00f3n Tua El bufete de abogados Trembly recauda m\u00e1s de $6000 para la Fundaci\u00f3n del Hospital Infantil Nicklaus y la Fundaci\u00f3n Tua El bufete de abogados Trembly organiz\u00f3 su \u2026 Leer m\u00e1s \u2192 [\u2026]&quot;\" \/>\n<meta property=\"og:url\" content=\"https:\/\/tremblylaw.com\/es\/noticias\/\" \/>\n<meta property=\"og:site_name\" content=\"Trembly Law Firm\" \/>\n<meta name=\"twitter:card\" content=\"summary_large_image\" \/>\n<script type=\"application\/ld+json\" class=\"yoast-schema-graph\">{\"@context\":\"https:\\\/\\\/schema.org\",\"@graph\":[{\"@type\":\"WebPage\",\"@id\":\"https:\\\/\\\/tremblylaw.com\\\/es\\\/noticias\\\/\",\"url\":\"https:\\\/\\\/tremblylaw.com\\\/es\\\/noticias\\\/\",\"name\":\"Noticias - Trembly Law Firm \\\"Noticias - Bufete de abogados Trembly - Abogados comerciales de Florida\\\"\",\"isPartOf\":{\"@id\":\"https:\\\/\\\/tremblylaw.com\\\/es\\\/#website\"},\"datePublished\":\"2021-11-11T18:26:56+00:00\",\"description\":\"\\\"Negocios | Franquicias | Empleo | Litigios | Marcas comerciales | Propiedad intelectual Noticias Noticias recientes 28 de abril El bufete de abogados Trembly recauda m\u00e1s de $6000 para la Fundaci\u00f3n del Hospital Infantil Nicklaus y la Fundaci\u00f3n Tua El bufete de abogados Trembly recauda m\u00e1s de $6000 para la Fundaci\u00f3n del Hospital Infantil Nicklaus y la Fundaci\u00f3n Tua El bufete de abogados Trembly organiz\u00f3 su \u2026 Leer m\u00e1s \u2192 [\u2026]\\\"\",\"breadcrumb\":{\"@id\":\"https:\\\/\\\/tremblylaw.com\\\/es\\\/noticias\\\/#breadcrumb\"},\"inLanguage\":\"es\",\"potentialAction\":[{\"@type\":\"ReadAction\",\"target\":[\"https:\\\/\\\/tremblylaw.com\\\/es\\\/noticias\\\/\"]}]},{\"@type\":\"BreadcrumbList\",\"@id\":\"https:\\\/\\\/tremblylaw.com\\\/es\\\/noticias\\\/#breadcrumb\",\"itemListElement\":[{\"@type\":\"ListItem\",\"position\":1,\"name\":\"Home\",\"item\":\"https:\\\/\\\/tremblylaw.com\\\/es\\\/\"},{\"@type\":\"ListItem\",\"position\":2,\"name\":\"Noticias\"}]},{\"@type\":\"WebSite\",\"@id\":\"https:\\\/\\\/tremblylaw.com\\\/es\\\/#website\",\"url\":\"https:\\\/\\\/tremblylaw.com\\\/es\\\/\",\"name\":\"Trembly Law Firm\",\"description\":\"\",\"publisher\":{\"@id\":\"https:\\\/\\\/tremblylaw.com\\\/es\\\/#organization\"},\"potentialAction\":[{\"@type\":\"SearchAction\",\"target\":{\"@type\":\"EntryPoint\",\"urlTemplate\":\"https:\\\/\\\/tremblylaw.com\\\/es\\\/?s={search_term_string}\"},\"query-input\":{\"@type\":\"PropertyValueSpecification\",\"valueRequired\":true,\"valueName\":\"search_term_string\"}}],\"inLanguage\":\"es\"},{\"@type\":\"Organization\",\"@id\":\"https:\\\/\\\/tremblylaw.com\\\/es\\\/#organization\",\"name\":\"Trembly Law Firm\",\"url\":\"https:\\\/\\\/tremblylaw.com\\\/es\\\/\",\"logo\":{\"@type\":\"ImageObject\",\"inLanguage\":\"es\",\"@id\":\"https:\\\/\\\/tremblylaw.com\\\/es\\\/#\\\/schema\\\/logo\\\/image\\\/\",\"url\":\"https:\\\/\\\/tremblylaw.com\\\/wp-content\\\/uploads\\\/2024\\\/07\\\/trembly_logo_dk.webp\",\"contentUrl\":\"https:\\\/\\\/tremblylaw.com\\\/wp-content\\\/uploads\\\/2024\\\/07\\\/trembly_logo_dk.webp\",\"width\":336,\"height\":96,\"caption\":\"Trembly Law Firm\"},\"image\":{\"@id\":\"https:\\\/\\\/tremblylaw.com\\\/es\\\/#\\\/schema\\\/logo\\\/image\\\/\"}}]}<\/script>\n<!-- \/ Yoast SEO plugin. -->","yoast_head_json":{"title":"Noticias - Trembly Law Firm \"Noticias - Bufete de abogados Trembly - Abogados comerciales de Florida\"","description":"\"Negocios | Franquicias | Empleo | Litigios | Marcas comerciales | Propiedad intelectual Noticias Noticias recientes 28 de abril El bufete de abogados Trembly recauda m\u00e1s de $6000 para la Fundaci\u00f3n del Hospital Infantil Nicklaus y la Fundaci\u00f3n Tua El bufete de abogados Trembly recauda m\u00e1s de $6000 para la Fundaci\u00f3n del Hospital Infantil Nicklaus y la Fundaci\u00f3n Tua El bufete de abogados Trembly organiz\u00f3 su \u2026 Leer m\u00e1s \u2192 [\u2026]\"","robots":{"index":"index","follow":"follow","max-snippet":"max-snippet:-1","max-image-preview":"max-image-preview:large","max-video-preview":"max-video-preview:-1"},"canonical":"https:\/\/tremblylaw.com\/es\/noticias\/","og_locale":"es_ES","og_type":"article","og_title":"Noticias - Trembly Law Firm \"Noticias - Bufete de abogados Trembly - Abogados comerciales de Florida\"","og_description":"\"Negocios | Franquicias | Empleo | Litigios | Marcas comerciales | Propiedad intelectual Noticias Noticias recientes 28 de abril El bufete de abogados Trembly recauda m\u00e1s de $6000 para la Fundaci\u00f3n del Hospital Infantil Nicklaus y la Fundaci\u00f3n Tua El bufete de abogados Trembly recauda m\u00e1s de $6000 para la Fundaci\u00f3n del Hospital Infantil Nicklaus y la Fundaci\u00f3n Tua El bufete de abogados Trembly organiz\u00f3 su \u2026 Leer m\u00e1s \u2192 [\u2026]\"","og_url":"https:\/\/tremblylaw.com\/es\/noticias\/","og_site_name":"Trembly Law Firm","twitter_card":"summary_large_image","schema":{"@context":"https:\/\/schema.org","@graph":[{"@type":"WebPage","@id":"https:\/\/tremblylaw.com\/es\/noticias\/","url":"https:\/\/tremblylaw.com\/es\/noticias\/","name":"Noticias - Trembly Law Firm \"Noticias - Bufete de abogados Trembly - Abogados comerciales de Florida\"","isPartOf":{"@id":"https:\/\/tremblylaw.com\/es\/#website"},"datePublished":"2021-11-11T18:26:56+00:00","description":"\"Negocios | Franquicias | Empleo | Litigios | Marcas comerciales | Propiedad intelectual Noticias Noticias recientes 28 de abril El bufete de abogados Trembly recauda m\u00e1s de $6000 para la Fundaci\u00f3n del Hospital Infantil Nicklaus y la Fundaci\u00f3n Tua El bufete de abogados Trembly recauda m\u00e1s de $6000 para la Fundaci\u00f3n del Hospital Infantil Nicklaus y la Fundaci\u00f3n Tua El bufete de abogados Trembly organiz\u00f3 su \u2026 Leer m\u00e1s \u2192 [\u2026]\"","breadcrumb":{"@id":"https:\/\/tremblylaw.com\/es\/noticias\/#breadcrumb"},"inLanguage":"es","potentialAction":[{"@type":"ReadAction","target":["https:\/\/tremblylaw.com\/es\/noticias\/"]}]},{"@type":"BreadcrumbList","@id":"https:\/\/tremblylaw.com\/es\/noticias\/#breadcrumb","itemListElement":[{"@type":"ListItem","position":1,"name":"Home","item":"https:\/\/tremblylaw.com\/es\/"},{"@type":"ListItem","position":2,"name":"Noticias"}]},{"@type":"WebSite","@id":"https:\/\/tremblylaw.com\/es\/#website","url":"https:\/\/tremblylaw.com\/es\/","name":"Trembly Law Firm","description":"","publisher":{"@id":"https:\/\/tremblylaw.com\/es\/#organization"},"potentialAction":[{"@type":"SearchAction","target":{"@type":"EntryPoint","urlTemplate":"https:\/\/tremblylaw.com\/es\/?s={search_term_string}"},"query-input":{"@type":"PropertyValueSpecification","valueRequired":true,"valueName":"search_term_string"}}],"inLanguage":"es"},{"@type":"Organization","@id":"https:\/\/tremblylaw.com\/es\/#organization","name":"Trembly Law Firm","url":"https:\/\/tremblylaw.com\/es\/","logo":{"@type":"ImageObject","inLanguage":"es","@id":"https:\/\/tremblylaw.com\/es\/#\/schema\/logo\/image\/","url":"https:\/\/tremblylaw.com\/wp-content\/uploads\/2024\/07\/trembly_logo_dk.webp","contentUrl":"https:\/\/tremblylaw.com\/wp-content\/uploads\/2024\/07\/trembly_logo_dk.webp","width":336,"height":96,"caption":"Trembly Law Firm"},"image":{"@id":"https:\/\/tremblylaw.com\/es\/#\/schema\/logo\/image\/"}}]}},"_links":{"self":[{"href":"https:\/\/tremblylaw.com\/es\/wp-json\/wp\/v2\/pages\/7975","targetHints":{"allow":["GET"]}}],"collection":[{"href":"https:\/\/tremblylaw.com\/es\/wp-json\/wp\/v2\/pages"}],"about":[{"href":"https:\/\/tremblylaw.com\/es\/wp-json\/wp\/v2\/types\/page"}],"author":[{"embeddable":true,"href":"https:\/\/tremblylaw.com\/es\/wp-json\/wp\/v2\/users\/7"}],"replies":[{"embeddable":true,"href":"https:\/\/tremblylaw.com\/es\/wp-json\/wp\/v2\/comments?post=7975"}],"version-history":[{"count":0,"href":"https:\/\/tremblylaw.com\/es\/wp-json\/wp\/v2\/pages\/7975\/revisions"}],"wp:attachment":[{"href":"https:\/\/tremblylaw.com\/es\/wp-json\/wp\/v2\/media?parent=7975"}],"curies":[{"name":"wp","href":"https:\/\/api.w.org\/{rel}","templated":true}]}}