{"id":7982,"date":"2021-10-08T07:52:15","date_gmt":"2021-10-08T14:52:15","guid":{"rendered":"https:\/\/trembly-jem.local\/noticias\/growfl-anuncia-la-11-a-edicion-anual-de-las-empresas-de-florida-a-tener-en-cuenta\/"},"modified":"2021-10-08T07:52:15","modified_gmt":"2021-10-08T14:52:15","slug":"growfl-anuncia-la-11-a-edicion-anual-de-las-empresas-de-florida-a-tener-en-cuenta","status":"publish","type":"page","link":"https:\/\/tremblylaw.com\/es\/noticias\/growfl-anuncia-la-11-a-edicion-anual-de-las-empresas-de-florida-a-tener-en-cuenta\/","title":{"rendered":"GROWFL ANUNCIA LA 11.\u00aa EDICI\u00d3N ANUAL DE LAS EMPRESAS DE FLORIDA A TENER EN CUENTA"},"content":{"rendered":"","protected":false},"excerpt":{"rendered":"<p>&#8230;<\/p>\n","protected":false},"author":7,"featured_media":7252,"parent":7975,"menu_order":0,"comment_status":"closed","ping_status":"closed","template":"","meta":{"_acf_changed":false,"footnotes":""},"class_list":["post-7982","page","type-page","status-publish","has-post-thumbnail","hentry"],"acf":[],"yoast_head":"<!-- This site is optimized with the Yoast SEO plugin v27.4 - https:\/\/yoast.com\/product\/yoast-seo-wordpress\/ -->\n<title>GROWFL ANUNCIA LA 11.\u00aa EDICI\u00d3N ANUAL DE LAS EMPRESAS DE FLORIDA A TENER EN CUENTA - Trembly Law Firm &quot;GROWFL ANUNCIA LA 11.\u00aa EDICI\u00d3N ANUAL DE LAS COMPA\u00d1\u00cdAS DE FLORIDA A TENER EN CUENTA&quot;<\/title>\n<meta name=\"description\" content=\"&quot;Miami, Florida (5 de octubre de 2021) \u2014 Trembly Law Firm se complace en estar entre las 50 mejores empresas de segunda etapa de Florida seleccionadas como una de las 11.\u00aa empresas anuales de GrowFL Florida Companies to Watch, una competencia estatal que identifica a las empresas que se espera que experimenten un crecimiento significativo en los pr\u00f3ximos a\u00f1os&quot;.\" \/>\n<meta name=\"robots\" content=\"index, follow, max-snippet:-1, max-image-preview:large, max-video-preview:-1\" \/>\n<link rel=\"canonical\" href=\"https:\/\/tremblylaw.com\/es\/noticias\/growfl-anuncia-la-11-a-edicion-anual-de-las-empresas-de-florida-a-tener-en-cuenta\/\" \/>\n<meta property=\"og:locale\" content=\"es_ES\" \/>\n<meta property=\"og:type\" content=\"article\" \/>\n<meta property=\"og:title\" content=\"GROWFL ANUNCIA LA 11.\u00aa EDICI\u00d3N ANUAL DE LAS EMPRESAS DE FLORIDA A TENER EN CUENTA - Trembly Law Firm &quot;GROWFL ANUNCIA LA 11.\u00aa EDICI\u00d3N ANUAL DE LAS COMPA\u00d1\u00cdAS DE FLORIDA A TENER EN CUENTA&quot;\" \/>\n<meta property=\"og:description\" content=\"&quot;Miami, Florida (5 de octubre de 2021) \u2014 Trembly Law Firm se complace en estar entre las 50 mejores empresas de segunda etapa de Florida seleccionadas como una de las 11.\u00aa empresas anuales de GrowFL Florida Companies to Watch, una competencia estatal que identifica a las empresas que se espera que experimenten un crecimiento significativo en los pr\u00f3ximos a\u00f1os&quot;.\" \/>\n<meta property=\"og:url\" content=\"https:\/\/tremblylaw.com\/es\/noticias\/growfl-anuncia-la-11-a-edicion-anual-de-las-empresas-de-florida-a-tener-en-cuenta\/\" \/>\n<meta property=\"og:site_name\" content=\"Trembly Law Firm\" \/>\n<meta property=\"og:image\" content=\"https:\/\/tremblylaw.com\/wp-content\/uploads\/2024\/08\/TLF-LOGO-square-768x768-1-300x300-1.png\" \/>\n\t<meta property=\"og:image:width\" content=\"300\" \/>\n\t<meta property=\"og:image:height\" content=\"300\" \/>\n\t<meta property=\"og:image:type\" content=\"image\/png\" \/>\n<meta name=\"twitter:card\" content=\"summary_large_image\" \/>\n<script type=\"application\/ld+json\" class=\"yoast-schema-graph\">{\"@context\":\"https:\\\/\\\/schema.org\",\"@graph\":[{\"@type\":\"WebPage\",\"@id\":\"https:\\\/\\\/tremblylaw.com\\\/es\\\/noticias\\\/growfl-anuncia-la-11-a-edicion-anual-de-las-empresas-de-florida-a-tener-en-cuenta\\\/\",\"url\":\"https:\\\/\\\/tremblylaw.com\\\/es\\\/noticias\\\/growfl-anuncia-la-11-a-edicion-anual-de-las-empresas-de-florida-a-tener-en-cuenta\\\/\",\"name\":\"GROWFL ANUNCIA LA 11.\u00aa EDICI\u00d3N ANUAL DE LAS EMPRESAS DE FLORIDA A TENER EN CUENTA - Trembly Law Firm \\\"GROWFL ANUNCIA LA 11.\u00aa EDICI\u00d3N ANUAL DE LAS COMPA\u00d1\u00cdAS DE FLORIDA A TENER EN CUENTA\\\"\",\"isPartOf\":{\"@id\":\"https:\\\/\\\/tremblylaw.com\\\/es\\\/#website\"},\"primaryImageOfPage\":{\"@id\":\"https:\\\/\\\/tremblylaw.com\\\/es\\\/noticias\\\/growfl-anuncia-la-11-a-edicion-anual-de-las-empresas-de-florida-a-tener-en-cuenta\\\/#primaryimage\"},\"image\":{\"@id\":\"https:\\\/\\\/tremblylaw.com\\\/es\\\/noticias\\\/growfl-anuncia-la-11-a-edicion-anual-de-las-empresas-de-florida-a-tener-en-cuenta\\\/#primaryimage\"},\"thumbnailUrl\":\"https:\\\/\\\/tremblylaw.com\\\/wp-content\\\/uploads\\\/2024\\\/08\\\/TLF-LOGO-square-768x768-1-300x300-1.png\",\"datePublished\":\"2021-10-08T14:52:15+00:00\",\"description\":\"\\\"Miami, Florida (5 de octubre de 2021) \u2014 Trembly Law Firm se complace en estar entre las 50 mejores empresas de segunda etapa de Florida seleccionadas como una de las 11.\u00aa empresas anuales de GrowFL Florida Companies to Watch, una competencia estatal que identifica a las empresas que se espera que experimenten un crecimiento significativo en los pr\u00f3ximos a\u00f1os\\\".\",\"breadcrumb\":{\"@id\":\"https:\\\/\\\/tremblylaw.com\\\/es\\\/noticias\\\/growfl-anuncia-la-11-a-edicion-anual-de-las-empresas-de-florida-a-tener-en-cuenta\\\/#breadcrumb\"},\"inLanguage\":\"es\",\"potentialAction\":[{\"@type\":\"ReadAction\",\"target\":[\"https:\\\/\\\/tremblylaw.com\\\/es\\\/noticias\\\/growfl-anuncia-la-11-a-edicion-anual-de-las-empresas-de-florida-a-tener-en-cuenta\\\/\"]}]},{\"@type\":\"ImageObject\",\"inLanguage\":\"es\",\"@id\":\"https:\\\/\\\/tremblylaw.com\\\/es\\\/noticias\\\/growfl-anuncia-la-11-a-edicion-anual-de-las-empresas-de-florida-a-tener-en-cuenta\\\/#primaryimage\",\"url\":\"https:\\\/\\\/tremblylaw.com\\\/wp-content\\\/uploads\\\/2024\\\/08\\\/TLF-LOGO-square-768x768-1-300x300-1.png\",\"contentUrl\":\"https:\\\/\\\/tremblylaw.com\\\/wp-content\\\/uploads\\\/2024\\\/08\\\/TLF-LOGO-square-768x768-1-300x300-1.png\",\"width\":300,\"height\":300},{\"@type\":\"BreadcrumbList\",\"@id\":\"https:\\\/\\\/tremblylaw.com\\\/es\\\/noticias\\\/growfl-anuncia-la-11-a-edicion-anual-de-las-empresas-de-florida-a-tener-en-cuenta\\\/#breadcrumb\",\"itemListElement\":[{\"@type\":\"ListItem\",\"position\":1,\"name\":\"Home\",\"item\":\"https:\\\/\\\/tremblylaw.com\\\/es\\\/\"},{\"@type\":\"ListItem\",\"position\":2,\"name\":\"Noticias\",\"item\":\"https:\\\/\\\/tremblylaw.com\\\/es\\\/noticias\\\/\"},{\"@type\":\"ListItem\",\"position\":3,\"name\":\"GROWFL ANUNCIA LA 11.\u00aa EDICI\u00d3N ANUAL DE LAS EMPRESAS DE FLORIDA A TENER EN CUENTA\"}]},{\"@type\":\"WebSite\",\"@id\":\"https:\\\/\\\/tremblylaw.com\\\/es\\\/#website\",\"url\":\"https:\\\/\\\/tremblylaw.com\\\/es\\\/\",\"name\":\"Trembly Law Firm\",\"description\":\"\",\"publisher\":{\"@id\":\"https:\\\/\\\/tremblylaw.com\\\/es\\\/#organization\"},\"potentialAction\":[{\"@type\":\"SearchAction\",\"target\":{\"@type\":\"EntryPoint\",\"urlTemplate\":\"https:\\\/\\\/tremblylaw.com\\\/es\\\/?s={search_term_string}\"},\"query-input\":{\"@type\":\"PropertyValueSpecification\",\"valueRequired\":true,\"valueName\":\"search_term_string\"}}],\"inLanguage\":\"es\"},{\"@type\":\"Organization\",\"@id\":\"https:\\\/\\\/tremblylaw.com\\\/es\\\/#organization\",\"name\":\"Trembly Law Firm\",\"url\":\"https:\\\/\\\/tremblylaw.com\\\/es\\\/\",\"logo\":{\"@type\":\"ImageObject\",\"inLanguage\":\"es\",\"@id\":\"https:\\\/\\\/tremblylaw.com\\\/es\\\/#\\\/schema\\\/logo\\\/image\\\/\",\"url\":\"https:\\\/\\\/tremblylaw.com\\\/wp-content\\\/uploads\\\/2024\\\/07\\\/trembly_logo_dk.webp\",\"contentUrl\":\"https:\\\/\\\/tremblylaw.com\\\/wp-content\\\/uploads\\\/2024\\\/07\\\/trembly_logo_dk.webp\",\"width\":336,\"height\":96,\"caption\":\"Trembly Law Firm\"},\"image\":{\"@id\":\"https:\\\/\\\/tremblylaw.com\\\/es\\\/#\\\/schema\\\/logo\\\/image\\\/\"}}]}<\/script>\n<!-- \/ Yoast SEO plugin. -->","yoast_head_json":{"title":"GROWFL ANUNCIA LA 11.\u00aa EDICI\u00d3N ANUAL DE LAS EMPRESAS DE FLORIDA A TENER EN CUENTA - Trembly Law Firm \"GROWFL ANUNCIA LA 11.\u00aa EDICI\u00d3N ANUAL DE LAS COMPA\u00d1\u00cdAS DE FLORIDA A TENER EN CUENTA\"","description":"\"Miami, Florida (5 de octubre de 2021) \u2014 Trembly Law Firm se complace en estar entre las 50 mejores empresas de segunda etapa de Florida seleccionadas como una de las 11.\u00aa empresas anuales de GrowFL Florida Companies to Watch, una competencia estatal que identifica a las empresas que se espera que experimenten un crecimiento significativo en los pr\u00f3ximos a\u00f1os\".","robots":{"index":"index","follow":"follow","max-snippet":"max-snippet:-1","max-image-preview":"max-image-preview:large","max-video-preview":"max-video-preview:-1"},"canonical":"https:\/\/tremblylaw.com\/es\/noticias\/growfl-anuncia-la-11-a-edicion-anual-de-las-empresas-de-florida-a-tener-en-cuenta\/","og_locale":"es_ES","og_type":"article","og_title":"GROWFL ANUNCIA LA 11.\u00aa EDICI\u00d3N ANUAL DE LAS EMPRESAS DE FLORIDA A TENER EN CUENTA - Trembly Law Firm \"GROWFL ANUNCIA LA 11.\u00aa EDICI\u00d3N ANUAL DE LAS COMPA\u00d1\u00cdAS DE FLORIDA A TENER EN CUENTA\"","og_description":"\"Miami, Florida (5 de octubre de 2021) \u2014 Trembly Law Firm se complace en estar entre las 50 mejores empresas de segunda etapa de Florida seleccionadas como una de las 11.\u00aa empresas anuales de GrowFL Florida Companies to Watch, una competencia estatal que identifica a las empresas que se espera que experimenten un crecimiento significativo en los pr\u00f3ximos a\u00f1os\".","og_url":"https:\/\/tremblylaw.com\/es\/noticias\/growfl-anuncia-la-11-a-edicion-anual-de-las-empresas-de-florida-a-tener-en-cuenta\/","og_site_name":"Trembly Law Firm","og_image":[{"width":300,"height":300,"url":"https:\/\/tremblylaw.com\/wp-content\/uploads\/2024\/08\/TLF-LOGO-square-768x768-1-300x300-1.png","type":"image\/png"}],"twitter_card":"summary_large_image","schema":{"@context":"https:\/\/schema.org","@graph":[{"@type":"WebPage","@id":"https:\/\/tremblylaw.com\/es\/noticias\/growfl-anuncia-la-11-a-edicion-anual-de-las-empresas-de-florida-a-tener-en-cuenta\/","url":"https:\/\/tremblylaw.com\/es\/noticias\/growfl-anuncia-la-11-a-edicion-anual-de-las-empresas-de-florida-a-tener-en-cuenta\/","name":"GROWFL ANUNCIA LA 11.\u00aa EDICI\u00d3N ANUAL DE LAS EMPRESAS DE FLORIDA A TENER EN CUENTA - Trembly Law Firm \"GROWFL ANUNCIA LA 11.\u00aa EDICI\u00d3N ANUAL DE LAS COMPA\u00d1\u00cdAS DE FLORIDA A TENER EN CUENTA\"","isPartOf":{"@id":"https:\/\/tremblylaw.com\/es\/#website"},"primaryImageOfPage":{"@id":"https:\/\/tremblylaw.com\/es\/noticias\/growfl-anuncia-la-11-a-edicion-anual-de-las-empresas-de-florida-a-tener-en-cuenta\/#primaryimage"},"image":{"@id":"https:\/\/tremblylaw.com\/es\/noticias\/growfl-anuncia-la-11-a-edicion-anual-de-las-empresas-de-florida-a-tener-en-cuenta\/#primaryimage"},"thumbnailUrl":"https:\/\/tremblylaw.com\/wp-content\/uploads\/2024\/08\/TLF-LOGO-square-768x768-1-300x300-1.png","datePublished":"2021-10-08T14:52:15+00:00","description":"\"Miami, Florida (5 de octubre de 2021) \u2014 Trembly Law Firm se complace en estar entre las 50 mejores empresas de segunda etapa de Florida seleccionadas como una de las 11.\u00aa empresas anuales de GrowFL Florida Companies to Watch, una competencia estatal que identifica a las empresas que se espera que experimenten un crecimiento significativo en los pr\u00f3ximos a\u00f1os\".","breadcrumb":{"@id":"https:\/\/tremblylaw.com\/es\/noticias\/growfl-anuncia-la-11-a-edicion-anual-de-las-empresas-de-florida-a-tener-en-cuenta\/#breadcrumb"},"inLanguage":"es","potentialAction":[{"@type":"ReadAction","target":["https:\/\/tremblylaw.com\/es\/noticias\/growfl-anuncia-la-11-a-edicion-anual-de-las-empresas-de-florida-a-tener-en-cuenta\/"]}]},{"@type":"ImageObject","inLanguage":"es","@id":"https:\/\/tremblylaw.com\/es\/noticias\/growfl-anuncia-la-11-a-edicion-anual-de-las-empresas-de-florida-a-tener-en-cuenta\/#primaryimage","url":"https:\/\/tremblylaw.com\/wp-content\/uploads\/2024\/08\/TLF-LOGO-square-768x768-1-300x300-1.png","contentUrl":"https:\/\/tremblylaw.com\/wp-content\/uploads\/2024\/08\/TLF-LOGO-square-768x768-1-300x300-1.png","width":300,"height":300},{"@type":"BreadcrumbList","@id":"https:\/\/tremblylaw.com\/es\/noticias\/growfl-anuncia-la-11-a-edicion-anual-de-las-empresas-de-florida-a-tener-en-cuenta\/#breadcrumb","itemListElement":[{"@type":"ListItem","position":1,"name":"Home","item":"https:\/\/tremblylaw.com\/es\/"},{"@type":"ListItem","position":2,"name":"Noticias","item":"https:\/\/tremblylaw.com\/es\/noticias\/"},{"@type":"ListItem","position":3,"name":"GROWFL ANUNCIA LA 11.\u00aa EDICI\u00d3N ANUAL DE LAS EMPRESAS DE FLORIDA A TENER EN CUENTA"}]},{"@type":"WebSite","@id":"https:\/\/tremblylaw.com\/es\/#website","url":"https:\/\/tremblylaw.com\/es\/","name":"Trembly Law Firm","description":"","publisher":{"@id":"https:\/\/tremblylaw.com\/es\/#organization"},"potentialAction":[{"@type":"SearchAction","target":{"@type":"EntryPoint","urlTemplate":"https:\/\/tremblylaw.com\/es\/?s={search_term_string}"},"query-input":{"@type":"PropertyValueSpecification","valueRequired":true,"valueName":"search_term_string"}}],"inLanguage":"es"},{"@type":"Organization","@id":"https:\/\/tremblylaw.com\/es\/#organization","name":"Trembly Law Firm","url":"https:\/\/tremblylaw.com\/es\/","logo":{"@type":"ImageObject","inLanguage":"es","@id":"https:\/\/tremblylaw.com\/es\/#\/schema\/logo\/image\/","url":"https:\/\/tremblylaw.com\/wp-content\/uploads\/2024\/07\/trembly_logo_dk.webp","contentUrl":"https:\/\/tremblylaw.com\/wp-content\/uploads\/2024\/07\/trembly_logo_dk.webp","width":336,"height":96,"caption":"Trembly Law Firm"},"image":{"@id":"https:\/\/tremblylaw.com\/es\/#\/schema\/logo\/image\/"}}]}},"_links":{"self":[{"href":"https:\/\/tremblylaw.com\/es\/wp-json\/wp\/v2\/pages\/7982","targetHints":{"allow":["GET"]}}],"collection":[{"href":"https:\/\/tremblylaw.com\/es\/wp-json\/wp\/v2\/pages"}],"about":[{"href":"https:\/\/tremblylaw.com\/es\/wp-json\/wp\/v2\/types\/page"}],"author":[{"embeddable":true,"href":"https:\/\/tremblylaw.com\/es\/wp-json\/wp\/v2\/users\/7"}],"replies":[{"embeddable":true,"href":"https:\/\/tremblylaw.com\/es\/wp-json\/wp\/v2\/comments?post=7982"}],"version-history":[{"count":0,"href":"https:\/\/tremblylaw.com\/es\/wp-json\/wp\/v2\/pages\/7982\/revisions"}],"up":[{"embeddable":true,"href":"https:\/\/tremblylaw.com\/es\/wp-json\/wp\/v2\/pages\/7975"}],"wp:featuredmedia":[{"embeddable":true,"href":"https:\/\/tremblylaw.com\/es\/wp-json\/wp\/v2\/media\/7252"}],"wp:attachment":[{"href":"https:\/\/tremblylaw.com\/es\/wp-json\/wp\/v2\/media?parent=7982"}],"curies":[{"name":"wp","href":"https:\/\/api.w.org\/{rel}","templated":true}]}}