{"id":7983,"date":"2021-08-18T08:05:46","date_gmt":"2021-08-18T15:05:46","guid":{"rendered":"https:\/\/trembly-jem.local\/noticias\/la-revista-inc-revela-la-lista-anual-de-las-empresas-privadas-de-mas-rapido-crecimiento-de-estados-unidos-inc-5000\/"},"modified":"2024-09-24T15:34:43","modified_gmt":"2024-09-24T20:34:43","slug":"la-revista-inc-revela-la-lista-anual-de-las-empresas-privadas-de-mas-rapido-crecimiento-de-estados-unidos-inc-5000","status":"publish","type":"page","link":"https:\/\/tremblylaw.com\/es\/noticias\/la-revista-inc-revela-la-lista-anual-de-las-empresas-privadas-de-mas-rapido-crecimiento-de-estados-unidos-inc-5000\/","title":{"rendered":"La revista Inc. revela la lista anual de las empresas privadas de m\u00e1s r\u00e1pido crecimiento de Estados Unidos: Inc. 5000"},"content":{"rendered":"","protected":false},"excerpt":{"rendered":"<p>&#8230;<\/p>\n","protected":false},"author":7,"featured_media":0,"parent":7975,"menu_order":0,"comment_status":"closed","ping_status":"closed","template":"","meta":{"_acf_changed":false,"footnotes":""},"class_list":["post-7983","page","type-page","status-publish","hentry"],"acf":[],"yoast_head":"<!-- This site is optimized with the Yoast SEO plugin v27.3 - https:\/\/yoast.com\/product\/yoast-seo-wordpress\/ -->\n<title>La revista Inc. revela la lista anual de las empresas privadas de m\u00e1s r\u00e1pido crecimiento de Estados Unidos: Inc. 5000 - Trembly Law Firm &quot;Remedios para un incumplimiento de contrato en Florida | Abogado comercial de Florida&quot;<\/title>\n<meta name=\"description\" content=\"&quot;Los litigios por incumplimiento de contrato son algo habitual para muchos propietarios de empresas de Florida. Para obtener m\u00e1s informaci\u00f3n, comun\u00edquese con un abogado de empresas de Florida al 305-431-5678&quot;\" \/>\n<meta name=\"robots\" content=\"index, follow, max-snippet:-1, max-image-preview:large, max-video-preview:-1\" \/>\n<link rel=\"canonical\" href=\"https:\/\/tremblylaw.com\/es\/noticias\/la-revista-inc-revela-la-lista-anual-de-las-empresas-privadas-de-mas-rapido-crecimiento-de-estados-unidos-inc-5000\/\" \/>\n<meta property=\"og:locale\" content=\"es_ES\" \/>\n<meta property=\"og:type\" content=\"article\" \/>\n<meta property=\"og:title\" content=\"La revista Inc. revela la lista anual de las empresas privadas de m\u00e1s r\u00e1pido crecimiento de Estados Unidos: Inc. 5000 - Trembly Law Firm &quot;Remedios para un incumplimiento de contrato en Florida | Abogado comercial de Florida&quot;\" \/>\n<meta property=\"og:description\" content=\"&quot;Los litigios por incumplimiento de contrato son algo habitual para muchos propietarios de empresas de Florida. Para obtener m\u00e1s informaci\u00f3n, comun\u00edquese con un abogado de empresas de Florida al 305-431-5678&quot;\" \/>\n<meta property=\"og:url\" content=\"https:\/\/tremblylaw.com\/es\/noticias\/la-revista-inc-revela-la-lista-anual-de-las-empresas-privadas-de-mas-rapido-crecimiento-de-estados-unidos-inc-5000\/\" \/>\n<meta property=\"og:site_name\" content=\"Trembly Law Firm\" \/>\n<meta property=\"article:modified_time\" content=\"2024-09-24T20:34:43+00:00\" \/>\n<meta name=\"twitter:card\" content=\"summary_large_image\" \/>\n<script type=\"application\/ld+json\" class=\"yoast-schema-graph\">{\"@context\":\"https:\\\/\\\/schema.org\",\"@graph\":[{\"@type\":\"WebPage\",\"@id\":\"https:\\\/\\\/tremblylaw.com\\\/es\\\/noticias\\\/la-revista-inc-revela-la-lista-anual-de-las-empresas-privadas-de-mas-rapido-crecimiento-de-estados-unidos-inc-5000\\\/\",\"url\":\"https:\\\/\\\/tremblylaw.com\\\/es\\\/noticias\\\/la-revista-inc-revela-la-lista-anual-de-las-empresas-privadas-de-mas-rapido-crecimiento-de-estados-unidos-inc-5000\\\/\",\"name\":\"La revista Inc. revela la lista anual de las empresas privadas de m\u00e1s r\u00e1pido crecimiento de Estados Unidos: Inc. 5000 - Trembly Law Firm \\\"Remedios para un incumplimiento de contrato en Florida | Abogado comercial de Florida\\\"\",\"isPartOf\":{\"@id\":\"https:\\\/\\\/tremblylaw.com\\\/es\\\/#website\"},\"datePublished\":\"2021-08-18T15:05:46+00:00\",\"dateModified\":\"2024-09-24T20:34:43+00:00\",\"description\":\"\\\"Los litigios por incumplimiento de contrato son algo habitual para muchos propietarios de empresas de Florida. Para obtener m\u00e1s informaci\u00f3n, comun\u00edquese con un abogado de empresas de Florida al 305-431-5678\\\"\",\"breadcrumb\":{\"@id\":\"https:\\\/\\\/tremblylaw.com\\\/es\\\/noticias\\\/la-revista-inc-revela-la-lista-anual-de-las-empresas-privadas-de-mas-rapido-crecimiento-de-estados-unidos-inc-5000\\\/#breadcrumb\"},\"inLanguage\":\"es\",\"potentialAction\":[{\"@type\":\"ReadAction\",\"target\":[\"https:\\\/\\\/tremblylaw.com\\\/es\\\/noticias\\\/la-revista-inc-revela-la-lista-anual-de-las-empresas-privadas-de-mas-rapido-crecimiento-de-estados-unidos-inc-5000\\\/\"]}]},{\"@type\":\"BreadcrumbList\",\"@id\":\"https:\\\/\\\/tremblylaw.com\\\/es\\\/noticias\\\/la-revista-inc-revela-la-lista-anual-de-las-empresas-privadas-de-mas-rapido-crecimiento-de-estados-unidos-inc-5000\\\/#breadcrumb\",\"itemListElement\":[{\"@type\":\"ListItem\",\"position\":1,\"name\":\"Home\",\"item\":\"https:\\\/\\\/tremblylaw.com\\\/es\\\/\"},{\"@type\":\"ListItem\",\"position\":2,\"name\":\"Noticias\",\"item\":\"https:\\\/\\\/tremblylaw.com\\\/es\\\/noticias\\\/\"},{\"@type\":\"ListItem\",\"position\":3,\"name\":\"La revista Inc. revela la lista anual de las empresas privadas de m\u00e1s r\u00e1pido crecimiento de Estados Unidos: Inc. 5000\"}]},{\"@type\":\"WebSite\",\"@id\":\"https:\\\/\\\/tremblylaw.com\\\/es\\\/#website\",\"url\":\"https:\\\/\\\/tremblylaw.com\\\/es\\\/\",\"name\":\"Trembly Law Firm\",\"description\":\"\",\"publisher\":{\"@id\":\"https:\\\/\\\/tremblylaw.com\\\/es\\\/#organization\"},\"potentialAction\":[{\"@type\":\"SearchAction\",\"target\":{\"@type\":\"EntryPoint\",\"urlTemplate\":\"https:\\\/\\\/tremblylaw.com\\\/es\\\/?s={search_term_string}\"},\"query-input\":{\"@type\":\"PropertyValueSpecification\",\"valueRequired\":true,\"valueName\":\"search_term_string\"}}],\"inLanguage\":\"es\"},{\"@type\":\"Organization\",\"@id\":\"https:\\\/\\\/tremblylaw.com\\\/es\\\/#organization\",\"name\":\"Trembly Law Firm\",\"url\":\"https:\\\/\\\/tremblylaw.com\\\/es\\\/\",\"logo\":{\"@type\":\"ImageObject\",\"inLanguage\":\"es\",\"@id\":\"https:\\\/\\\/tremblylaw.com\\\/es\\\/#\\\/schema\\\/logo\\\/image\\\/\",\"url\":\"https:\\\/\\\/tremblylaw.com\\\/wp-content\\\/uploads\\\/2024\\\/07\\\/trembly_logo_dk.webp\",\"contentUrl\":\"https:\\\/\\\/tremblylaw.com\\\/wp-content\\\/uploads\\\/2024\\\/07\\\/trembly_logo_dk.webp\",\"width\":336,\"height\":96,\"caption\":\"Trembly Law Firm\"},\"image\":{\"@id\":\"https:\\\/\\\/tremblylaw.com\\\/es\\\/#\\\/schema\\\/logo\\\/image\\\/\"}}]}<\/script>\n<!-- \/ Yoast SEO plugin. -->","yoast_head_json":{"title":"La revista Inc. revela la lista anual de las empresas privadas de m\u00e1s r\u00e1pido crecimiento de Estados Unidos: Inc. 5000 - Trembly Law Firm \"Remedios para un incumplimiento de contrato en Florida | Abogado comercial de Florida\"","description":"\"Los litigios por incumplimiento de contrato son algo habitual para muchos propietarios de empresas de Florida. Para obtener m\u00e1s informaci\u00f3n, comun\u00edquese con un abogado de empresas de Florida al 305-431-5678\"","robots":{"index":"index","follow":"follow","max-snippet":"max-snippet:-1","max-image-preview":"max-image-preview:large","max-video-preview":"max-video-preview:-1"},"canonical":"https:\/\/tremblylaw.com\/es\/noticias\/la-revista-inc-revela-la-lista-anual-de-las-empresas-privadas-de-mas-rapido-crecimiento-de-estados-unidos-inc-5000\/","og_locale":"es_ES","og_type":"article","og_title":"La revista Inc. revela la lista anual de las empresas privadas de m\u00e1s r\u00e1pido crecimiento de Estados Unidos: Inc. 5000 - Trembly Law Firm \"Remedios para un incumplimiento de contrato en Florida | Abogado comercial de Florida\"","og_description":"\"Los litigios por incumplimiento de contrato son algo habitual para muchos propietarios de empresas de Florida. Para obtener m\u00e1s informaci\u00f3n, comun\u00edquese con un abogado de empresas de Florida al 305-431-5678\"","og_url":"https:\/\/tremblylaw.com\/es\/noticias\/la-revista-inc-revela-la-lista-anual-de-las-empresas-privadas-de-mas-rapido-crecimiento-de-estados-unidos-inc-5000\/","og_site_name":"Trembly Law Firm","article_modified_time":"2024-09-24T20:34:43+00:00","twitter_card":"summary_large_image","schema":{"@context":"https:\/\/schema.org","@graph":[{"@type":"WebPage","@id":"https:\/\/tremblylaw.com\/es\/noticias\/la-revista-inc-revela-la-lista-anual-de-las-empresas-privadas-de-mas-rapido-crecimiento-de-estados-unidos-inc-5000\/","url":"https:\/\/tremblylaw.com\/es\/noticias\/la-revista-inc-revela-la-lista-anual-de-las-empresas-privadas-de-mas-rapido-crecimiento-de-estados-unidos-inc-5000\/","name":"La revista Inc. revela la lista anual de las empresas privadas de m\u00e1s r\u00e1pido crecimiento de Estados Unidos: Inc. 5000 - Trembly Law Firm \"Remedios para un incumplimiento de contrato en Florida | Abogado comercial de Florida\"","isPartOf":{"@id":"https:\/\/tremblylaw.com\/es\/#website"},"datePublished":"2021-08-18T15:05:46+00:00","dateModified":"2024-09-24T20:34:43+00:00","description":"\"Los litigios por incumplimiento de contrato son algo habitual para muchos propietarios de empresas de Florida. Para obtener m\u00e1s informaci\u00f3n, comun\u00edquese con un abogado de empresas de Florida al 305-431-5678\"","breadcrumb":{"@id":"https:\/\/tremblylaw.com\/es\/noticias\/la-revista-inc-revela-la-lista-anual-de-las-empresas-privadas-de-mas-rapido-crecimiento-de-estados-unidos-inc-5000\/#breadcrumb"},"inLanguage":"es","potentialAction":[{"@type":"ReadAction","target":["https:\/\/tremblylaw.com\/es\/noticias\/la-revista-inc-revela-la-lista-anual-de-las-empresas-privadas-de-mas-rapido-crecimiento-de-estados-unidos-inc-5000\/"]}]},{"@type":"BreadcrumbList","@id":"https:\/\/tremblylaw.com\/es\/noticias\/la-revista-inc-revela-la-lista-anual-de-las-empresas-privadas-de-mas-rapido-crecimiento-de-estados-unidos-inc-5000\/#breadcrumb","itemListElement":[{"@type":"ListItem","position":1,"name":"Home","item":"https:\/\/tremblylaw.com\/es\/"},{"@type":"ListItem","position":2,"name":"Noticias","item":"https:\/\/tremblylaw.com\/es\/noticias\/"},{"@type":"ListItem","position":3,"name":"La revista Inc. revela la lista anual de las empresas privadas de m\u00e1s r\u00e1pido crecimiento de Estados Unidos: Inc. 5000"}]},{"@type":"WebSite","@id":"https:\/\/tremblylaw.com\/es\/#website","url":"https:\/\/tremblylaw.com\/es\/","name":"Trembly Law Firm","description":"","publisher":{"@id":"https:\/\/tremblylaw.com\/es\/#organization"},"potentialAction":[{"@type":"SearchAction","target":{"@type":"EntryPoint","urlTemplate":"https:\/\/tremblylaw.com\/es\/?s={search_term_string}"},"query-input":{"@type":"PropertyValueSpecification","valueRequired":true,"valueName":"search_term_string"}}],"inLanguage":"es"},{"@type":"Organization","@id":"https:\/\/tremblylaw.com\/es\/#organization","name":"Trembly Law Firm","url":"https:\/\/tremblylaw.com\/es\/","logo":{"@type":"ImageObject","inLanguage":"es","@id":"https:\/\/tremblylaw.com\/es\/#\/schema\/logo\/image\/","url":"https:\/\/tremblylaw.com\/wp-content\/uploads\/2024\/07\/trembly_logo_dk.webp","contentUrl":"https:\/\/tremblylaw.com\/wp-content\/uploads\/2024\/07\/trembly_logo_dk.webp","width":336,"height":96,"caption":"Trembly Law Firm"},"image":{"@id":"https:\/\/tremblylaw.com\/es\/#\/schema\/logo\/image\/"}}]}},"_links":{"self":[{"href":"https:\/\/tremblylaw.com\/es\/wp-json\/wp\/v2\/pages\/7983","targetHints":{"allow":["GET"]}}],"collection":[{"href":"https:\/\/tremblylaw.com\/es\/wp-json\/wp\/v2\/pages"}],"about":[{"href":"https:\/\/tremblylaw.com\/es\/wp-json\/wp\/v2\/types\/page"}],"author":[{"embeddable":true,"href":"https:\/\/tremblylaw.com\/es\/wp-json\/wp\/v2\/users\/7"}],"replies":[{"embeddable":true,"href":"https:\/\/tremblylaw.com\/es\/wp-json\/wp\/v2\/comments?post=7983"}],"version-history":[{"count":0,"href":"https:\/\/tremblylaw.com\/es\/wp-json\/wp\/v2\/pages\/7983\/revisions"}],"up":[{"embeddable":true,"href":"https:\/\/tremblylaw.com\/es\/wp-json\/wp\/v2\/pages\/7975"}],"wp:attachment":[{"href":"https:\/\/tremblylaw.com\/es\/wp-json\/wp\/v2\/media?parent=7983"}],"curies":[{"name":"wp","href":"https:\/\/api.w.org\/{rel}","templated":true}]}}