{"id":7984,"date":"2021-07-16T08:17:30","date_gmt":"2021-07-16T15:17:30","guid":{"rendered":"https:\/\/trembly-jem.local\/bufete-de-abogados-trembly-law-firm-florida-contrata-a-dos-nuevos-abogados\/"},"modified":"2024-09-09T19:59:05","modified_gmt":"2024-09-10T02:59:05","slug":"bufete-de-abogados-trembly-law-firm-florida-contrata-a-dos-nuevos-abogados","status":"publish","type":"page","link":"https:\/\/tremblylaw.com\/es\/noticias\/bufete-de-abogados-trembly-law-firm-florida-contrata-a-dos-nuevos-abogados\/","title":{"rendered":"Bufete de abogados Trembly Law Firm, Florida, contrata a dos nuevos abogados"},"content":{"rendered":"","protected":false},"excerpt":{"rendered":"<p>&#8230;<\/p>\n","protected":false},"author":7,"featured_media":7409,"parent":7975,"menu_order":0,"comment_status":"closed","ping_status":"closed","template":"","meta":{"_acf_changed":false,"footnotes":""},"class_list":["post-7984","page","type-page","status-publish","has-post-thumbnail","hentry"],"acf":[],"yoast_head":"<!-- This site is optimized with the Yoast SEO plugin v27.3 - https:\/\/yoast.com\/product\/yoast-seo-wordpress\/ -->\n<title>Bufete de abogados Trembly Law Firm, Florida, contrata a dos nuevos abogados - Trembly Law Firm &quot;Trembly Law Firm - Abogados comerciales de Florida contrata a dos nuevos abogados - Trembly Law Firm - Abogados comerciales de Florida&quot;<\/title>\n<meta name=\"description\" content=\"&quot;Trembly Law Firm - Florida Business Attorneys, anuncia la contrataci\u00f3n de dos nuevos abogados: la abogada litigante senior Yadhira Ram\u00edrez-Toro y la abogada comercial Natalie Mart\u00ednez. Ram\u00edrez-Toro, oriunda de Puerto Rico y graduada en 1994 de la Facultad de Derecho de la Universidad de Puerto Rico, ha estado ejerciendo la abogac\u00eda desde 1995. Ha pasado la mayor parte de su [\u2026]&quot;\" \/>\n<meta name=\"robots\" content=\"index, follow, max-snippet:-1, max-image-preview:large, max-video-preview:-1\" \/>\n<link rel=\"canonical\" href=\"https:\/\/tremblylaw.com\/es\/noticias\/bufete-de-abogados-trembly-law-firm-florida-contrata-a-dos-nuevos-abogados\/\" \/>\n<meta property=\"og:locale\" content=\"es_ES\" \/>\n<meta property=\"og:type\" content=\"article\" \/>\n<meta property=\"og:title\" content=\"Bufete de abogados Trembly Law Firm, Florida, contrata a dos nuevos abogados - Trembly Law Firm &quot;Trembly Law Firm - Abogados comerciales de Florida contrata a dos nuevos abogados - Trembly Law Firm - Abogados comerciales de Florida&quot;\" \/>\n<meta property=\"og:description\" content=\"&quot;Trembly Law Firm - Florida Business Attorneys, anuncia la contrataci\u00f3n de dos nuevos abogados: la abogada litigante senior Yadhira Ram\u00edrez-Toro y la abogada comercial Natalie Mart\u00ednez. Ram\u00edrez-Toro, oriunda de Puerto Rico y graduada en 1994 de la Facultad de Derecho de la Universidad de Puerto Rico, ha estado ejerciendo la abogac\u00eda desde 1995. Ha pasado la mayor parte de su [\u2026]&quot;\" \/>\n<meta property=\"og:url\" content=\"https:\/\/tremblylaw.com\/es\/noticias\/bufete-de-abogados-trembly-law-firm-florida-contrata-a-dos-nuevos-abogados\/\" \/>\n<meta property=\"og:site_name\" content=\"Trembly Law Firm\" \/>\n<meta property=\"article:modified_time\" content=\"2024-09-10T02:59:05+00:00\" \/>\n<meta property=\"og:image\" content=\"https:\/\/tremblylaw.com\/wp-content\/uploads\/2024\/08\/3rdQPressRelease-300x300-1-1.png\" \/>\n\t<meta property=\"og:image:width\" content=\"300\" \/>\n\t<meta property=\"og:image:height\" content=\"300\" \/>\n\t<meta property=\"og:image:type\" content=\"image\/png\" \/>\n<meta name=\"twitter:card\" content=\"summary_large_image\" \/>\n<meta name=\"twitter:label1\" content=\"Tiempo de lectura\" \/>\n\t<meta name=\"twitter:data1\" content=\"1 minuto\" \/>\n<script type=\"application\/ld+json\" class=\"yoast-schema-graph\">{\"@context\":\"https:\\\/\\\/schema.org\",\"@graph\":[{\"@type\":\"WebPage\",\"@id\":\"https:\\\/\\\/tremblylaw.com\\\/es\\\/noticias\\\/bufete-de-abogados-trembly-law-firm-florida-contrata-a-dos-nuevos-abogados\\\/\",\"url\":\"https:\\\/\\\/tremblylaw.com\\\/es\\\/noticias\\\/bufete-de-abogados-trembly-law-firm-florida-contrata-a-dos-nuevos-abogados\\\/\",\"name\":\"Bufete de abogados Trembly Law Firm, Florida, contrata a dos nuevos abogados - Trembly Law Firm \\\"Trembly Law Firm - Abogados comerciales de Florida contrata a dos nuevos abogados - Trembly Law Firm - Abogados comerciales de Florida\\\"\",\"isPartOf\":{\"@id\":\"https:\\\/\\\/tremblylaw.com\\\/es\\\/#website\"},\"primaryImageOfPage\":{\"@id\":\"https:\\\/\\\/tremblylaw.com\\\/es\\\/noticias\\\/bufete-de-abogados-trembly-law-firm-florida-contrata-a-dos-nuevos-abogados\\\/#primaryimage\"},\"image\":{\"@id\":\"https:\\\/\\\/tremblylaw.com\\\/es\\\/noticias\\\/bufete-de-abogados-trembly-law-firm-florida-contrata-a-dos-nuevos-abogados\\\/#primaryimage\"},\"thumbnailUrl\":\"https:\\\/\\\/tremblylaw.com\\\/wp-content\\\/uploads\\\/2024\\\/08\\\/3rdQPressRelease-300x300-1-1.png\",\"datePublished\":\"2021-07-16T15:17:30+00:00\",\"dateModified\":\"2024-09-10T02:59:05+00:00\",\"description\":\"\\\"Trembly Law Firm - Florida Business Attorneys, anuncia la contrataci\u00f3n de dos nuevos abogados: la abogada litigante senior Yadhira Ram\u00edrez-Toro y la abogada comercial Natalie Mart\u00ednez. Ram\u00edrez-Toro, oriunda de Puerto Rico y graduada en 1994 de la Facultad de Derecho de la Universidad de Puerto Rico, ha estado ejerciendo la abogac\u00eda desde 1995. Ha pasado la mayor parte de su [\u2026]\\\"\",\"breadcrumb\":{\"@id\":\"https:\\\/\\\/tremblylaw.com\\\/es\\\/noticias\\\/bufete-de-abogados-trembly-law-firm-florida-contrata-a-dos-nuevos-abogados\\\/#breadcrumb\"},\"inLanguage\":\"es\",\"potentialAction\":[{\"@type\":\"ReadAction\",\"target\":[\"https:\\\/\\\/tremblylaw.com\\\/es\\\/noticias\\\/bufete-de-abogados-trembly-law-firm-florida-contrata-a-dos-nuevos-abogados\\\/\"]}]},{\"@type\":\"ImageObject\",\"inLanguage\":\"es\",\"@id\":\"https:\\\/\\\/tremblylaw.com\\\/es\\\/noticias\\\/bufete-de-abogados-trembly-law-firm-florida-contrata-a-dos-nuevos-abogados\\\/#primaryimage\",\"url\":\"https:\\\/\\\/tremblylaw.com\\\/wp-content\\\/uploads\\\/2024\\\/08\\\/3rdQPressRelease-300x300-1-1.png\",\"contentUrl\":\"https:\\\/\\\/tremblylaw.com\\\/wp-content\\\/uploads\\\/2024\\\/08\\\/3rdQPressRelease-300x300-1-1.png\",\"width\":300,\"height\":300},{\"@type\":\"BreadcrumbList\",\"@id\":\"https:\\\/\\\/tremblylaw.com\\\/es\\\/noticias\\\/bufete-de-abogados-trembly-law-firm-florida-contrata-a-dos-nuevos-abogados\\\/#breadcrumb\",\"itemListElement\":[{\"@type\":\"ListItem\",\"position\":1,\"name\":\"Home\",\"item\":\"https:\\\/\\\/tremblylaw.com\\\/es\\\/\"},{\"@type\":\"ListItem\",\"position\":2,\"name\":\"Noticias\",\"item\":\"https:\\\/\\\/tremblylaw.com\\\/es\\\/noticias\\\/\"},{\"@type\":\"ListItem\",\"position\":3,\"name\":\"Bufete de abogados Trembly Law Firm, Florida, contrata a dos nuevos abogados\"}]},{\"@type\":\"WebSite\",\"@id\":\"https:\\\/\\\/tremblylaw.com\\\/es\\\/#website\",\"url\":\"https:\\\/\\\/tremblylaw.com\\\/es\\\/\",\"name\":\"Trembly Law Firm\",\"description\":\"\",\"publisher\":{\"@id\":\"https:\\\/\\\/tremblylaw.com\\\/es\\\/#organization\"},\"potentialAction\":[{\"@type\":\"SearchAction\",\"target\":{\"@type\":\"EntryPoint\",\"urlTemplate\":\"https:\\\/\\\/tremblylaw.com\\\/es\\\/?s={search_term_string}\"},\"query-input\":{\"@type\":\"PropertyValueSpecification\",\"valueRequired\":true,\"valueName\":\"search_term_string\"}}],\"inLanguage\":\"es\"},{\"@type\":\"Organization\",\"@id\":\"https:\\\/\\\/tremblylaw.com\\\/es\\\/#organization\",\"name\":\"Trembly Law Firm\",\"url\":\"https:\\\/\\\/tremblylaw.com\\\/es\\\/\",\"logo\":{\"@type\":\"ImageObject\",\"inLanguage\":\"es\",\"@id\":\"https:\\\/\\\/tremblylaw.com\\\/es\\\/#\\\/schema\\\/logo\\\/image\\\/\",\"url\":\"https:\\\/\\\/tremblylaw.com\\\/wp-content\\\/uploads\\\/2024\\\/07\\\/trembly_logo_dk.webp\",\"contentUrl\":\"https:\\\/\\\/tremblylaw.com\\\/wp-content\\\/uploads\\\/2024\\\/07\\\/trembly_logo_dk.webp\",\"width\":336,\"height\":96,\"caption\":\"Trembly Law Firm\"},\"image\":{\"@id\":\"https:\\\/\\\/tremblylaw.com\\\/es\\\/#\\\/schema\\\/logo\\\/image\\\/\"}}]}<\/script>\n<!-- \/ Yoast SEO plugin. -->","yoast_head_json":{"title":"Bufete de abogados Trembly Law Firm, Florida, contrata a dos nuevos abogados - Trembly Law Firm \"Trembly Law Firm - Abogados comerciales de Florida contrata a dos nuevos abogados - Trembly Law Firm - Abogados comerciales de Florida\"","description":"\"Trembly Law Firm - Florida Business Attorneys, anuncia la contrataci\u00f3n de dos nuevos abogados: la abogada litigante senior Yadhira Ram\u00edrez-Toro y la abogada comercial Natalie Mart\u00ednez. Ram\u00edrez-Toro, oriunda de Puerto Rico y graduada en 1994 de la Facultad de Derecho de la Universidad de Puerto Rico, ha estado ejerciendo la abogac\u00eda desde 1995. Ha pasado la mayor parte de su [\u2026]\"","robots":{"index":"index","follow":"follow","max-snippet":"max-snippet:-1","max-image-preview":"max-image-preview:large","max-video-preview":"max-video-preview:-1"},"canonical":"https:\/\/tremblylaw.com\/es\/noticias\/bufete-de-abogados-trembly-law-firm-florida-contrata-a-dos-nuevos-abogados\/","og_locale":"es_ES","og_type":"article","og_title":"Bufete de abogados Trembly Law Firm, Florida, contrata a dos nuevos abogados - Trembly Law Firm \"Trembly Law Firm - Abogados comerciales de Florida contrata a dos nuevos abogados - Trembly Law Firm - Abogados comerciales de Florida\"","og_description":"\"Trembly Law Firm - Florida Business Attorneys, anuncia la contrataci\u00f3n de dos nuevos abogados: la abogada litigante senior Yadhira Ram\u00edrez-Toro y la abogada comercial Natalie Mart\u00ednez. Ram\u00edrez-Toro, oriunda de Puerto Rico y graduada en 1994 de la Facultad de Derecho de la Universidad de Puerto Rico, ha estado ejerciendo la abogac\u00eda desde 1995. Ha pasado la mayor parte de su [\u2026]\"","og_url":"https:\/\/tremblylaw.com\/es\/noticias\/bufete-de-abogados-trembly-law-firm-florida-contrata-a-dos-nuevos-abogados\/","og_site_name":"Trembly Law Firm","article_modified_time":"2024-09-10T02:59:05+00:00","og_image":[{"width":300,"height":300,"url":"https:\/\/tremblylaw.com\/wp-content\/uploads\/2024\/08\/3rdQPressRelease-300x300-1-1.png","type":"image\/png"}],"twitter_card":"summary_large_image","twitter_misc":{"Tiempo de lectura":"1 minuto"},"schema":{"@context":"https:\/\/schema.org","@graph":[{"@type":"WebPage","@id":"https:\/\/tremblylaw.com\/es\/noticias\/bufete-de-abogados-trembly-law-firm-florida-contrata-a-dos-nuevos-abogados\/","url":"https:\/\/tremblylaw.com\/es\/noticias\/bufete-de-abogados-trembly-law-firm-florida-contrata-a-dos-nuevos-abogados\/","name":"Bufete de abogados Trembly Law Firm, Florida, contrata a dos nuevos abogados - Trembly Law Firm \"Trembly Law Firm - Abogados comerciales de Florida contrata a dos nuevos abogados - Trembly Law Firm - Abogados comerciales de Florida\"","isPartOf":{"@id":"https:\/\/tremblylaw.com\/es\/#website"},"primaryImageOfPage":{"@id":"https:\/\/tremblylaw.com\/es\/noticias\/bufete-de-abogados-trembly-law-firm-florida-contrata-a-dos-nuevos-abogados\/#primaryimage"},"image":{"@id":"https:\/\/tremblylaw.com\/es\/noticias\/bufete-de-abogados-trembly-law-firm-florida-contrata-a-dos-nuevos-abogados\/#primaryimage"},"thumbnailUrl":"https:\/\/tremblylaw.com\/wp-content\/uploads\/2024\/08\/3rdQPressRelease-300x300-1-1.png","datePublished":"2021-07-16T15:17:30+00:00","dateModified":"2024-09-10T02:59:05+00:00","description":"\"Trembly Law Firm - Florida Business Attorneys, anuncia la contrataci\u00f3n de dos nuevos abogados: la abogada litigante senior Yadhira Ram\u00edrez-Toro y la abogada comercial Natalie Mart\u00ednez. Ram\u00edrez-Toro, oriunda de Puerto Rico y graduada en 1994 de la Facultad de Derecho de la Universidad de Puerto Rico, ha estado ejerciendo la abogac\u00eda desde 1995. Ha pasado la mayor parte de su [\u2026]\"","breadcrumb":{"@id":"https:\/\/tremblylaw.com\/es\/noticias\/bufete-de-abogados-trembly-law-firm-florida-contrata-a-dos-nuevos-abogados\/#breadcrumb"},"inLanguage":"es","potentialAction":[{"@type":"ReadAction","target":["https:\/\/tremblylaw.com\/es\/noticias\/bufete-de-abogados-trembly-law-firm-florida-contrata-a-dos-nuevos-abogados\/"]}]},{"@type":"ImageObject","inLanguage":"es","@id":"https:\/\/tremblylaw.com\/es\/noticias\/bufete-de-abogados-trembly-law-firm-florida-contrata-a-dos-nuevos-abogados\/#primaryimage","url":"https:\/\/tremblylaw.com\/wp-content\/uploads\/2024\/08\/3rdQPressRelease-300x300-1-1.png","contentUrl":"https:\/\/tremblylaw.com\/wp-content\/uploads\/2024\/08\/3rdQPressRelease-300x300-1-1.png","width":300,"height":300},{"@type":"BreadcrumbList","@id":"https:\/\/tremblylaw.com\/es\/noticias\/bufete-de-abogados-trembly-law-firm-florida-contrata-a-dos-nuevos-abogados\/#breadcrumb","itemListElement":[{"@type":"ListItem","position":1,"name":"Home","item":"https:\/\/tremblylaw.com\/es\/"},{"@type":"ListItem","position":2,"name":"Noticias","item":"https:\/\/tremblylaw.com\/es\/noticias\/"},{"@type":"ListItem","position":3,"name":"Bufete de abogados Trembly Law Firm, Florida, contrata a dos nuevos abogados"}]},{"@type":"WebSite","@id":"https:\/\/tremblylaw.com\/es\/#website","url":"https:\/\/tremblylaw.com\/es\/","name":"Trembly Law Firm","description":"","publisher":{"@id":"https:\/\/tremblylaw.com\/es\/#organization"},"potentialAction":[{"@type":"SearchAction","target":{"@type":"EntryPoint","urlTemplate":"https:\/\/tremblylaw.com\/es\/?s={search_term_string}"},"query-input":{"@type":"PropertyValueSpecification","valueRequired":true,"valueName":"search_term_string"}}],"inLanguage":"es"},{"@type":"Organization","@id":"https:\/\/tremblylaw.com\/es\/#organization","name":"Trembly Law Firm","url":"https:\/\/tremblylaw.com\/es\/","logo":{"@type":"ImageObject","inLanguage":"es","@id":"https:\/\/tremblylaw.com\/es\/#\/schema\/logo\/image\/","url":"https:\/\/tremblylaw.com\/wp-content\/uploads\/2024\/07\/trembly_logo_dk.webp","contentUrl":"https:\/\/tremblylaw.com\/wp-content\/uploads\/2024\/07\/trembly_logo_dk.webp","width":336,"height":96,"caption":"Trembly Law Firm"},"image":{"@id":"https:\/\/tremblylaw.com\/es\/#\/schema\/logo\/image\/"}}]}},"_links":{"self":[{"href":"https:\/\/tremblylaw.com\/es\/wp-json\/wp\/v2\/pages\/7984","targetHints":{"allow":["GET"]}}],"collection":[{"href":"https:\/\/tremblylaw.com\/es\/wp-json\/wp\/v2\/pages"}],"about":[{"href":"https:\/\/tremblylaw.com\/es\/wp-json\/wp\/v2\/types\/page"}],"author":[{"embeddable":true,"href":"https:\/\/tremblylaw.com\/es\/wp-json\/wp\/v2\/users\/7"}],"replies":[{"embeddable":true,"href":"https:\/\/tremblylaw.com\/es\/wp-json\/wp\/v2\/comments?post=7984"}],"version-history":[{"count":0,"href":"https:\/\/tremblylaw.com\/es\/wp-json\/wp\/v2\/pages\/7984\/revisions"}],"up":[{"embeddable":true,"href":"https:\/\/tremblylaw.com\/es\/wp-json\/wp\/v2\/pages\/7975"}],"wp:featuredmedia":[{"embeddable":true,"href":"https:\/\/tremblylaw.com\/es\/wp-json\/wp\/v2\/media\/7409"}],"wp:attachment":[{"href":"https:\/\/tremblylaw.com\/es\/wp-json\/wp\/v2\/media?parent=7984"}],"curies":[{"name":"wp","href":"https:\/\/api.w.org\/{rel}","templated":true}]}}