{"id":7985,"date":"2020-11-04T08:23:32","date_gmt":"2020-11-04T15:23:32","guid":{"rendered":"https:\/\/trembly-jem.local\/noticias\/el-bufete-de-abogados-trembly-celebra-su-noveno-aniversario\/"},"modified":"2020-11-04T08:23:32","modified_gmt":"2020-11-04T15:23:32","slug":"el-bufete-de-abogados-trembly-celebra-su-noveno-aniversario","status":"publish","type":"page","link":"https:\/\/tremblylaw.com\/es\/noticias\/el-bufete-de-abogados-trembly-celebra-su-noveno-aniversario\/","title":{"rendered":"\u00a1El bufete de abogados Trembly celebra su noveno aniversario!"},"content":{"rendered":"","protected":false},"excerpt":{"rendered":"<p>&#8230;<\/p>\n","protected":false},"author":7,"featured_media":7412,"parent":7975,"menu_order":0,"comment_status":"closed","ping_status":"closed","template":"","meta":{"_acf_changed":false,"footnotes":""},"class_list":["post-7985","page","type-page","status-publish","has-post-thumbnail","hentry"],"acf":[],"yoast_head":"<!-- This site is optimized with the Yoast SEO plugin v27.3 - https:\/\/yoast.com\/product\/yoast-seo-wordpress\/ -->\n<title>\u00a1El bufete de abogados Trembly celebra su noveno aniversario! - Trembly Law Firm &quot;\u00a1El bufete de abogados Trembly celebra su noveno aniversario! - Bufete de abogados Trembly - Abogados comerciales de Florida&quot;<\/title>\n<meta name=\"description\" content=\"&quot;\u00bfC\u00f3mo se le puede decir &quot;gracias&quot; a tanta gente? Haremos lo mejor que podamos. Odio admitirlo, pero, al mirar atr\u00e1s, cuando fund\u00e9 &quot;mi propio&quot; bufete de abogados especializado en litigios en 2011, todo giraba en torno a m\u00ed. Quer\u00eda ser mi propio jefe y un gran litigante. Ten\u00eda [\u2026]&quot;\" \/>\n<meta name=\"robots\" content=\"index, follow, max-snippet:-1, max-image-preview:large, max-video-preview:-1\" \/>\n<link rel=\"canonical\" href=\"https:\/\/tremblylaw.com\/es\/noticias\/el-bufete-de-abogados-trembly-celebra-su-noveno-aniversario\/\" \/>\n<meta property=\"og:locale\" content=\"es_ES\" \/>\n<meta property=\"og:type\" content=\"article\" \/>\n<meta property=\"og:title\" content=\"\u00a1El bufete de abogados Trembly celebra su noveno aniversario! - Trembly Law Firm &quot;\u00a1El bufete de abogados Trembly celebra su noveno aniversario! - Bufete de abogados Trembly - Abogados comerciales de Florida&quot;\" \/>\n<meta property=\"og:description\" content=\"&quot;\u00bfC\u00f3mo se le puede decir &quot;gracias&quot; a tanta gente? Haremos lo mejor que podamos. Odio admitirlo, pero, al mirar atr\u00e1s, cuando fund\u00e9 &quot;mi propio&quot; bufete de abogados especializado en litigios en 2011, todo giraba en torno a m\u00ed. Quer\u00eda ser mi propio jefe y un gran litigante. Ten\u00eda [\u2026]&quot;\" \/>\n<meta property=\"og:url\" content=\"https:\/\/tremblylaw.com\/es\/noticias\/el-bufete-de-abogados-trembly-celebra-su-noveno-aniversario\/\" \/>\n<meta property=\"og:site_name\" content=\"Trembly Law Firm\" \/>\n<meta property=\"og:image\" content=\"https:\/\/tremblylaw.com\/wp-content\/uploads\/2024\/08\/Screen-Shot-2020-11-04-at-12.06.28-PM-336x188-1.png\" \/>\n\t<meta property=\"og:image:width\" content=\"336\" \/>\n\t<meta property=\"og:image:height\" content=\"188\" \/>\n\t<meta property=\"og:image:type\" content=\"image\/png\" \/>\n<meta name=\"twitter:card\" content=\"summary_large_image\" \/>\n<script type=\"application\/ld+json\" class=\"yoast-schema-graph\">{\"@context\":\"https:\\\/\\\/schema.org\",\"@graph\":[{\"@type\":\"WebPage\",\"@id\":\"https:\\\/\\\/tremblylaw.com\\\/es\\\/noticias\\\/el-bufete-de-abogados-trembly-celebra-su-noveno-aniversario\\\/\",\"url\":\"https:\\\/\\\/tremblylaw.com\\\/es\\\/noticias\\\/el-bufete-de-abogados-trembly-celebra-su-noveno-aniversario\\\/\",\"name\":\"\u00a1El bufete de abogados Trembly celebra su noveno aniversario! - Trembly Law Firm \\\"\u00a1El bufete de abogados Trembly celebra su noveno aniversario! - Bufete de abogados Trembly - Abogados comerciales de Florida\\\"\",\"isPartOf\":{\"@id\":\"https:\\\/\\\/tremblylaw.com\\\/es\\\/#website\"},\"primaryImageOfPage\":{\"@id\":\"https:\\\/\\\/tremblylaw.com\\\/es\\\/noticias\\\/el-bufete-de-abogados-trembly-celebra-su-noveno-aniversario\\\/#primaryimage\"},\"image\":{\"@id\":\"https:\\\/\\\/tremblylaw.com\\\/es\\\/noticias\\\/el-bufete-de-abogados-trembly-celebra-su-noveno-aniversario\\\/#primaryimage\"},\"thumbnailUrl\":\"https:\\\/\\\/tremblylaw.com\\\/wp-content\\\/uploads\\\/2024\\\/08\\\/Screen-Shot-2020-11-04-at-12.06.28-PM-336x188-1.png\",\"datePublished\":\"2020-11-04T15:23:32+00:00\",\"description\":\"\\\"\u00bfC\u00f3mo se le puede decir \\\"gracias\\\" a tanta gente? Haremos lo mejor que podamos. Odio admitirlo, pero, al mirar atr\u00e1s, cuando fund\u00e9 \\\"mi propio\\\" bufete de abogados especializado en litigios en 2011, todo giraba en torno a m\u00ed. Quer\u00eda ser mi propio jefe y un gran litigante. Ten\u00eda [\u2026]\\\"\",\"breadcrumb\":{\"@id\":\"https:\\\/\\\/tremblylaw.com\\\/es\\\/noticias\\\/el-bufete-de-abogados-trembly-celebra-su-noveno-aniversario\\\/#breadcrumb\"},\"inLanguage\":\"es\",\"potentialAction\":[{\"@type\":\"ReadAction\",\"target\":[\"https:\\\/\\\/tremblylaw.com\\\/es\\\/noticias\\\/el-bufete-de-abogados-trembly-celebra-su-noveno-aniversario\\\/\"]}]},{\"@type\":\"ImageObject\",\"inLanguage\":\"es\",\"@id\":\"https:\\\/\\\/tremblylaw.com\\\/es\\\/noticias\\\/el-bufete-de-abogados-trembly-celebra-su-noveno-aniversario\\\/#primaryimage\",\"url\":\"https:\\\/\\\/tremblylaw.com\\\/wp-content\\\/uploads\\\/2024\\\/08\\\/Screen-Shot-2020-11-04-at-12.06.28-PM-336x188-1.png\",\"contentUrl\":\"https:\\\/\\\/tremblylaw.com\\\/wp-content\\\/uploads\\\/2024\\\/08\\\/Screen-Shot-2020-11-04-at-12.06.28-PM-336x188-1.png\",\"width\":336,\"height\":188},{\"@type\":\"BreadcrumbList\",\"@id\":\"https:\\\/\\\/tremblylaw.com\\\/es\\\/noticias\\\/el-bufete-de-abogados-trembly-celebra-su-noveno-aniversario\\\/#breadcrumb\",\"itemListElement\":[{\"@type\":\"ListItem\",\"position\":1,\"name\":\"Home\",\"item\":\"https:\\\/\\\/tremblylaw.com\\\/es\\\/\"},{\"@type\":\"ListItem\",\"position\":2,\"name\":\"Noticias\",\"item\":\"https:\\\/\\\/tremblylaw.com\\\/es\\\/noticias\\\/\"},{\"@type\":\"ListItem\",\"position\":3,\"name\":\"\u00a1El bufete de abogados Trembly celebra su noveno aniversario!\"}]},{\"@type\":\"WebSite\",\"@id\":\"https:\\\/\\\/tremblylaw.com\\\/es\\\/#website\",\"url\":\"https:\\\/\\\/tremblylaw.com\\\/es\\\/\",\"name\":\"Trembly Law Firm\",\"description\":\"\",\"publisher\":{\"@id\":\"https:\\\/\\\/tremblylaw.com\\\/es\\\/#organization\"},\"potentialAction\":[{\"@type\":\"SearchAction\",\"target\":{\"@type\":\"EntryPoint\",\"urlTemplate\":\"https:\\\/\\\/tremblylaw.com\\\/es\\\/?s={search_term_string}\"},\"query-input\":{\"@type\":\"PropertyValueSpecification\",\"valueRequired\":true,\"valueName\":\"search_term_string\"}}],\"inLanguage\":\"es\"},{\"@type\":\"Organization\",\"@id\":\"https:\\\/\\\/tremblylaw.com\\\/es\\\/#organization\",\"name\":\"Trembly Law Firm\",\"url\":\"https:\\\/\\\/tremblylaw.com\\\/es\\\/\",\"logo\":{\"@type\":\"ImageObject\",\"inLanguage\":\"es\",\"@id\":\"https:\\\/\\\/tremblylaw.com\\\/es\\\/#\\\/schema\\\/logo\\\/image\\\/\",\"url\":\"https:\\\/\\\/tremblylaw.com\\\/wp-content\\\/uploads\\\/2024\\\/07\\\/trembly_logo_dk.webp\",\"contentUrl\":\"https:\\\/\\\/tremblylaw.com\\\/wp-content\\\/uploads\\\/2024\\\/07\\\/trembly_logo_dk.webp\",\"width\":336,\"height\":96,\"caption\":\"Trembly Law Firm\"},\"image\":{\"@id\":\"https:\\\/\\\/tremblylaw.com\\\/es\\\/#\\\/schema\\\/logo\\\/image\\\/\"}}]}<\/script>\n<!-- \/ Yoast SEO plugin. -->","yoast_head_json":{"title":"\u00a1El bufete de abogados Trembly celebra su noveno aniversario! - Trembly Law Firm \"\u00a1El bufete de abogados Trembly celebra su noveno aniversario! - Bufete de abogados Trembly - Abogados comerciales de Florida\"","description":"\"\u00bfC\u00f3mo se le puede decir \"gracias\" a tanta gente? Haremos lo mejor que podamos. Odio admitirlo, pero, al mirar atr\u00e1s, cuando fund\u00e9 \"mi propio\" bufete de abogados especializado en litigios en 2011, todo giraba en torno a m\u00ed. Quer\u00eda ser mi propio jefe y un gran litigante. Ten\u00eda [\u2026]\"","robots":{"index":"index","follow":"follow","max-snippet":"max-snippet:-1","max-image-preview":"max-image-preview:large","max-video-preview":"max-video-preview:-1"},"canonical":"https:\/\/tremblylaw.com\/es\/noticias\/el-bufete-de-abogados-trembly-celebra-su-noveno-aniversario\/","og_locale":"es_ES","og_type":"article","og_title":"\u00a1El bufete de abogados Trembly celebra su noveno aniversario! - Trembly Law Firm \"\u00a1El bufete de abogados Trembly celebra su noveno aniversario! - Bufete de abogados Trembly - Abogados comerciales de Florida\"","og_description":"\"\u00bfC\u00f3mo se le puede decir \"gracias\" a tanta gente? Haremos lo mejor que podamos. Odio admitirlo, pero, al mirar atr\u00e1s, cuando fund\u00e9 \"mi propio\" bufete de abogados especializado en litigios en 2011, todo giraba en torno a m\u00ed. Quer\u00eda ser mi propio jefe y un gran litigante. Ten\u00eda [\u2026]\"","og_url":"https:\/\/tremblylaw.com\/es\/noticias\/el-bufete-de-abogados-trembly-celebra-su-noveno-aniversario\/","og_site_name":"Trembly Law Firm","og_image":[{"width":336,"height":188,"url":"https:\/\/tremblylaw.com\/wp-content\/uploads\/2024\/08\/Screen-Shot-2020-11-04-at-12.06.28-PM-336x188-1.png","type":"image\/png"}],"twitter_card":"summary_large_image","schema":{"@context":"https:\/\/schema.org","@graph":[{"@type":"WebPage","@id":"https:\/\/tremblylaw.com\/es\/noticias\/el-bufete-de-abogados-trembly-celebra-su-noveno-aniversario\/","url":"https:\/\/tremblylaw.com\/es\/noticias\/el-bufete-de-abogados-trembly-celebra-su-noveno-aniversario\/","name":"\u00a1El bufete de abogados Trembly celebra su noveno aniversario! - Trembly Law Firm \"\u00a1El bufete de abogados Trembly celebra su noveno aniversario! - Bufete de abogados Trembly - Abogados comerciales de Florida\"","isPartOf":{"@id":"https:\/\/tremblylaw.com\/es\/#website"},"primaryImageOfPage":{"@id":"https:\/\/tremblylaw.com\/es\/noticias\/el-bufete-de-abogados-trembly-celebra-su-noveno-aniversario\/#primaryimage"},"image":{"@id":"https:\/\/tremblylaw.com\/es\/noticias\/el-bufete-de-abogados-trembly-celebra-su-noveno-aniversario\/#primaryimage"},"thumbnailUrl":"https:\/\/tremblylaw.com\/wp-content\/uploads\/2024\/08\/Screen-Shot-2020-11-04-at-12.06.28-PM-336x188-1.png","datePublished":"2020-11-04T15:23:32+00:00","description":"\"\u00bfC\u00f3mo se le puede decir \"gracias\" a tanta gente? Haremos lo mejor que podamos. Odio admitirlo, pero, al mirar atr\u00e1s, cuando fund\u00e9 \"mi propio\" bufete de abogados especializado en litigios en 2011, todo giraba en torno a m\u00ed. Quer\u00eda ser mi propio jefe y un gran litigante. Ten\u00eda [\u2026]\"","breadcrumb":{"@id":"https:\/\/tremblylaw.com\/es\/noticias\/el-bufete-de-abogados-trembly-celebra-su-noveno-aniversario\/#breadcrumb"},"inLanguage":"es","potentialAction":[{"@type":"ReadAction","target":["https:\/\/tremblylaw.com\/es\/noticias\/el-bufete-de-abogados-trembly-celebra-su-noveno-aniversario\/"]}]},{"@type":"ImageObject","inLanguage":"es","@id":"https:\/\/tremblylaw.com\/es\/noticias\/el-bufete-de-abogados-trembly-celebra-su-noveno-aniversario\/#primaryimage","url":"https:\/\/tremblylaw.com\/wp-content\/uploads\/2024\/08\/Screen-Shot-2020-11-04-at-12.06.28-PM-336x188-1.png","contentUrl":"https:\/\/tremblylaw.com\/wp-content\/uploads\/2024\/08\/Screen-Shot-2020-11-04-at-12.06.28-PM-336x188-1.png","width":336,"height":188},{"@type":"BreadcrumbList","@id":"https:\/\/tremblylaw.com\/es\/noticias\/el-bufete-de-abogados-trembly-celebra-su-noveno-aniversario\/#breadcrumb","itemListElement":[{"@type":"ListItem","position":1,"name":"Home","item":"https:\/\/tremblylaw.com\/es\/"},{"@type":"ListItem","position":2,"name":"Noticias","item":"https:\/\/tremblylaw.com\/es\/noticias\/"},{"@type":"ListItem","position":3,"name":"\u00a1El bufete de abogados Trembly celebra su noveno aniversario!"}]},{"@type":"WebSite","@id":"https:\/\/tremblylaw.com\/es\/#website","url":"https:\/\/tremblylaw.com\/es\/","name":"Trembly Law Firm","description":"","publisher":{"@id":"https:\/\/tremblylaw.com\/es\/#organization"},"potentialAction":[{"@type":"SearchAction","target":{"@type":"EntryPoint","urlTemplate":"https:\/\/tremblylaw.com\/es\/?s={search_term_string}"},"query-input":{"@type":"PropertyValueSpecification","valueRequired":true,"valueName":"search_term_string"}}],"inLanguage":"es"},{"@type":"Organization","@id":"https:\/\/tremblylaw.com\/es\/#organization","name":"Trembly Law Firm","url":"https:\/\/tremblylaw.com\/es\/","logo":{"@type":"ImageObject","inLanguage":"es","@id":"https:\/\/tremblylaw.com\/es\/#\/schema\/logo\/image\/","url":"https:\/\/tremblylaw.com\/wp-content\/uploads\/2024\/07\/trembly_logo_dk.webp","contentUrl":"https:\/\/tremblylaw.com\/wp-content\/uploads\/2024\/07\/trembly_logo_dk.webp","width":336,"height":96,"caption":"Trembly Law Firm"},"image":{"@id":"https:\/\/tremblylaw.com\/es\/#\/schema\/logo\/image\/"}}]}},"_links":{"self":[{"href":"https:\/\/tremblylaw.com\/es\/wp-json\/wp\/v2\/pages\/7985","targetHints":{"allow":["GET"]}}],"collection":[{"href":"https:\/\/tremblylaw.com\/es\/wp-json\/wp\/v2\/pages"}],"about":[{"href":"https:\/\/tremblylaw.com\/es\/wp-json\/wp\/v2\/types\/page"}],"author":[{"embeddable":true,"href":"https:\/\/tremblylaw.com\/es\/wp-json\/wp\/v2\/users\/7"}],"replies":[{"embeddable":true,"href":"https:\/\/tremblylaw.com\/es\/wp-json\/wp\/v2\/comments?post=7985"}],"version-history":[{"count":0,"href":"https:\/\/tremblylaw.com\/es\/wp-json\/wp\/v2\/pages\/7985\/revisions"}],"up":[{"embeddable":true,"href":"https:\/\/tremblylaw.com\/es\/wp-json\/wp\/v2\/pages\/7975"}],"wp:featuredmedia":[{"embeddable":true,"href":"https:\/\/tremblylaw.com\/es\/wp-json\/wp\/v2\/media\/7412"}],"wp:attachment":[{"href":"https:\/\/tremblylaw.com\/es\/wp-json\/wp\/v2\/media?parent=7985"}],"curies":[{"name":"wp","href":"https:\/\/api.w.org\/{rel}","templated":true}]}}