{"id":7988,"date":"2020-04-18T08:58:46","date_gmt":"2020-04-18T15:58:46","guid":{"rendered":"https:\/\/trembly-jem.local\/noticias\/el-bufete-de-abogados-trembly-evita-con-exito-que-un-ex-empleador-del-bufete-de-abogados-acose-a-un-ex-empleado-abogado\/"},"modified":"2024-09-11T12:14:14","modified_gmt":"2024-09-11T19:14:14","slug":"el-bufete-de-abogados-trembly-evita-con-exito-que-un-ex-empleador-del-bufete-de-abogados-acose-a-un-ex-empleado-abogado","status":"publish","type":"page","link":"https:\/\/tremblylaw.com\/es\/noticias\/el-bufete-de-abogados-trembly-evita-con-exito-que-un-ex-empleador-del-bufete-de-abogados-acose-a-un-ex-empleado-abogado\/","title":{"rendered":"El bufete de abogados Trembly evita con \u00e9xito que un ex empleador del bufete de abogados acose a un ex empleado abogado"},"content":{"rendered":"","protected":false},"excerpt":{"rendered":"<p>&#8230;<\/p>\n","protected":false},"author":7,"featured_media":0,"parent":7975,"menu_order":0,"comment_status":"closed","ping_status":"closed","template":"","meta":{"_acf_changed":false,"footnotes":""},"class_list":["post-7988","page","type-page","status-publish","hentry"],"acf":[],"yoast_head":"<!-- This site is optimized with the Yoast SEO plugin v27.4 - https:\/\/yoast.com\/product\/yoast-seo-wordpress\/ -->\n<title>El bufete de abogados Trembly evita con \u00e9xito que un ex empleador del bufete de abogados acose a un ex empleado abogado - Trembly Law Firm &quot;TLF evita que el empleador acose a un ex empleado abogado&quot;<\/title>\n<meta name=\"description\" content=\"&quot;El bufete de abogados Trembly logra evitar que un ex empleador del bufete de abogados acose a un ex empleado abogado Cuando el socio gerente, Christian E. Rodr\u00edguez, escuch\u00f3 la historia por primera vez, supo que ten\u00eda que ayudar a este colega miembro del Colegio de Abogados de Florida. Un ex empleado abogado (&quot;ex empleado&quot;) de un bufete local hab\u00eda sido citado a testificar en una declaraci\u00f3n [...]&quot;\" \/>\n<meta name=\"robots\" content=\"index, follow, max-snippet:-1, max-image-preview:large, max-video-preview:-1\" \/>\n<link rel=\"canonical\" href=\"https:\/\/tremblylaw.com\/es\/noticias\/el-bufete-de-abogados-trembly-evita-con-exito-que-un-ex-empleador-del-bufete-de-abogados-acose-a-un-ex-empleado-abogado\/\" \/>\n<meta property=\"og:locale\" content=\"es_ES\" \/>\n<meta property=\"og:type\" content=\"article\" \/>\n<meta property=\"og:title\" content=\"El bufete de abogados Trembly evita con \u00e9xito que un ex empleador del bufete de abogados acose a un ex empleado abogado - Trembly Law Firm &quot;TLF evita que el empleador acose a un ex empleado abogado&quot;\" \/>\n<meta property=\"og:description\" content=\"&quot;El bufete de abogados Trembly logra evitar que un ex empleador del bufete de abogados acose a un ex empleado abogado Cuando el socio gerente, Christian E. Rodr\u00edguez, escuch\u00f3 la historia por primera vez, supo que ten\u00eda que ayudar a este colega miembro del Colegio de Abogados de Florida. Un ex empleado abogado (&quot;ex empleado&quot;) de un bufete local hab\u00eda sido citado a testificar en una declaraci\u00f3n [...]&quot;\" \/>\n<meta property=\"og:url\" content=\"https:\/\/tremblylaw.com\/es\/noticias\/el-bufete-de-abogados-trembly-evita-con-exito-que-un-ex-empleador-del-bufete-de-abogados-acose-a-un-ex-empleado-abogado\/\" \/>\n<meta property=\"og:site_name\" content=\"Trembly Law Firm\" \/>\n<meta property=\"article:modified_time\" content=\"2024-09-11T19:14:14+00:00\" \/>\n<meta name=\"twitter:card\" content=\"summary_large_image\" \/>\n<script type=\"application\/ld+json\" class=\"yoast-schema-graph\">{\"@context\":\"https:\\\/\\\/schema.org\",\"@graph\":[{\"@type\":\"WebPage\",\"@id\":\"https:\\\/\\\/tremblylaw.com\\\/es\\\/noticias\\\/el-bufete-de-abogados-trembly-evita-con-exito-que-un-ex-empleador-del-bufete-de-abogados-acose-a-un-ex-empleado-abogado\\\/\",\"url\":\"https:\\\/\\\/tremblylaw.com\\\/es\\\/noticias\\\/el-bufete-de-abogados-trembly-evita-con-exito-que-un-ex-empleador-del-bufete-de-abogados-acose-a-un-ex-empleado-abogado\\\/\",\"name\":\"El bufete de abogados Trembly evita con \u00e9xito que un ex empleador del bufete de abogados acose a un ex empleado abogado - Trembly Law Firm \\\"TLF evita que el empleador acose a un ex empleado abogado\\\"\",\"isPartOf\":{\"@id\":\"https:\\\/\\\/tremblylaw.com\\\/es\\\/#website\"},\"datePublished\":\"2020-04-18T15:58:46+00:00\",\"dateModified\":\"2024-09-11T19:14:14+00:00\",\"description\":\"\\\"El bufete de abogados Trembly logra evitar que un ex empleador del bufete de abogados acose a un ex empleado abogado Cuando el socio gerente, Christian E. Rodr\u00edguez, escuch\u00f3 la historia por primera vez, supo que ten\u00eda que ayudar a este colega miembro del Colegio de Abogados de Florida. Un ex empleado abogado (\\\"ex empleado\\\") de un bufete local hab\u00eda sido citado a testificar en una declaraci\u00f3n [...]\\\"\",\"breadcrumb\":{\"@id\":\"https:\\\/\\\/tremblylaw.com\\\/es\\\/noticias\\\/el-bufete-de-abogados-trembly-evita-con-exito-que-un-ex-empleador-del-bufete-de-abogados-acose-a-un-ex-empleado-abogado\\\/#breadcrumb\"},\"inLanguage\":\"es\",\"potentialAction\":[{\"@type\":\"ReadAction\",\"target\":[\"https:\\\/\\\/tremblylaw.com\\\/es\\\/noticias\\\/el-bufete-de-abogados-trembly-evita-con-exito-que-un-ex-empleador-del-bufete-de-abogados-acose-a-un-ex-empleado-abogado\\\/\"]}]},{\"@type\":\"BreadcrumbList\",\"@id\":\"https:\\\/\\\/tremblylaw.com\\\/es\\\/noticias\\\/el-bufete-de-abogados-trembly-evita-con-exito-que-un-ex-empleador-del-bufete-de-abogados-acose-a-un-ex-empleado-abogado\\\/#breadcrumb\",\"itemListElement\":[{\"@type\":\"ListItem\",\"position\":1,\"name\":\"Home\",\"item\":\"https:\\\/\\\/tremblylaw.com\\\/es\\\/\"},{\"@type\":\"ListItem\",\"position\":2,\"name\":\"Noticias\",\"item\":\"https:\\\/\\\/tremblylaw.com\\\/es\\\/noticias\\\/\"},{\"@type\":\"ListItem\",\"position\":3,\"name\":\"El bufete de abogados Trembly evita con \u00e9xito que un ex empleador del bufete de abogados acose a un ex empleado abogado\"}]},{\"@type\":\"WebSite\",\"@id\":\"https:\\\/\\\/tremblylaw.com\\\/es\\\/#website\",\"url\":\"https:\\\/\\\/tremblylaw.com\\\/es\\\/\",\"name\":\"Trembly Law Firm\",\"description\":\"\",\"publisher\":{\"@id\":\"https:\\\/\\\/tremblylaw.com\\\/es\\\/#organization\"},\"potentialAction\":[{\"@type\":\"SearchAction\",\"target\":{\"@type\":\"EntryPoint\",\"urlTemplate\":\"https:\\\/\\\/tremblylaw.com\\\/es\\\/?s={search_term_string}\"},\"query-input\":{\"@type\":\"PropertyValueSpecification\",\"valueRequired\":true,\"valueName\":\"search_term_string\"}}],\"inLanguage\":\"es\"},{\"@type\":\"Organization\",\"@id\":\"https:\\\/\\\/tremblylaw.com\\\/es\\\/#organization\",\"name\":\"Trembly Law Firm\",\"url\":\"https:\\\/\\\/tremblylaw.com\\\/es\\\/\",\"logo\":{\"@type\":\"ImageObject\",\"inLanguage\":\"es\",\"@id\":\"https:\\\/\\\/tremblylaw.com\\\/es\\\/#\\\/schema\\\/logo\\\/image\\\/\",\"url\":\"https:\\\/\\\/tremblylaw.com\\\/wp-content\\\/uploads\\\/2024\\\/07\\\/trembly_logo_dk.webp\",\"contentUrl\":\"https:\\\/\\\/tremblylaw.com\\\/wp-content\\\/uploads\\\/2024\\\/07\\\/trembly_logo_dk.webp\",\"width\":336,\"height\":96,\"caption\":\"Trembly Law Firm\"},\"image\":{\"@id\":\"https:\\\/\\\/tremblylaw.com\\\/es\\\/#\\\/schema\\\/logo\\\/image\\\/\"}}]}<\/script>\n<!-- \/ Yoast SEO plugin. -->","yoast_head_json":{"title":"El bufete de abogados Trembly evita con \u00e9xito que un ex empleador del bufete de abogados acose a un ex empleado abogado - Trembly Law Firm \"TLF evita que el empleador acose a un ex empleado abogado\"","description":"\"El bufete de abogados Trembly logra evitar que un ex empleador del bufete de abogados acose a un ex empleado abogado Cuando el socio gerente, Christian E. Rodr\u00edguez, escuch\u00f3 la historia por primera vez, supo que ten\u00eda que ayudar a este colega miembro del Colegio de Abogados de Florida. Un ex empleado abogado (\"ex empleado\") de un bufete local hab\u00eda sido citado a testificar en una declaraci\u00f3n [...]\"","robots":{"index":"index","follow":"follow","max-snippet":"max-snippet:-1","max-image-preview":"max-image-preview:large","max-video-preview":"max-video-preview:-1"},"canonical":"https:\/\/tremblylaw.com\/es\/noticias\/el-bufete-de-abogados-trembly-evita-con-exito-que-un-ex-empleador-del-bufete-de-abogados-acose-a-un-ex-empleado-abogado\/","og_locale":"es_ES","og_type":"article","og_title":"El bufete de abogados Trembly evita con \u00e9xito que un ex empleador del bufete de abogados acose a un ex empleado abogado - Trembly Law Firm \"TLF evita que el empleador acose a un ex empleado abogado\"","og_description":"\"El bufete de abogados Trembly logra evitar que un ex empleador del bufete de abogados acose a un ex empleado abogado Cuando el socio gerente, Christian E. Rodr\u00edguez, escuch\u00f3 la historia por primera vez, supo que ten\u00eda que ayudar a este colega miembro del Colegio de Abogados de Florida. Un ex empleado abogado (\"ex empleado\") de un bufete local hab\u00eda sido citado a testificar en una declaraci\u00f3n [...]\"","og_url":"https:\/\/tremblylaw.com\/es\/noticias\/el-bufete-de-abogados-trembly-evita-con-exito-que-un-ex-empleador-del-bufete-de-abogados-acose-a-un-ex-empleado-abogado\/","og_site_name":"Trembly Law Firm","article_modified_time":"2024-09-11T19:14:14+00:00","twitter_card":"summary_large_image","schema":{"@context":"https:\/\/schema.org","@graph":[{"@type":"WebPage","@id":"https:\/\/tremblylaw.com\/es\/noticias\/el-bufete-de-abogados-trembly-evita-con-exito-que-un-ex-empleador-del-bufete-de-abogados-acose-a-un-ex-empleado-abogado\/","url":"https:\/\/tremblylaw.com\/es\/noticias\/el-bufete-de-abogados-trembly-evita-con-exito-que-un-ex-empleador-del-bufete-de-abogados-acose-a-un-ex-empleado-abogado\/","name":"El bufete de abogados Trembly evita con \u00e9xito que un ex empleador del bufete de abogados acose a un ex empleado abogado - Trembly Law Firm \"TLF evita que el empleador acose a un ex empleado abogado\"","isPartOf":{"@id":"https:\/\/tremblylaw.com\/es\/#website"},"datePublished":"2020-04-18T15:58:46+00:00","dateModified":"2024-09-11T19:14:14+00:00","description":"\"El bufete de abogados Trembly logra evitar que un ex empleador del bufete de abogados acose a un ex empleado abogado Cuando el socio gerente, Christian E. Rodr\u00edguez, escuch\u00f3 la historia por primera vez, supo que ten\u00eda que ayudar a este colega miembro del Colegio de Abogados de Florida. Un ex empleado abogado (\"ex empleado\") de un bufete local hab\u00eda sido citado a testificar en una declaraci\u00f3n [...]\"","breadcrumb":{"@id":"https:\/\/tremblylaw.com\/es\/noticias\/el-bufete-de-abogados-trembly-evita-con-exito-que-un-ex-empleador-del-bufete-de-abogados-acose-a-un-ex-empleado-abogado\/#breadcrumb"},"inLanguage":"es","potentialAction":[{"@type":"ReadAction","target":["https:\/\/tremblylaw.com\/es\/noticias\/el-bufete-de-abogados-trembly-evita-con-exito-que-un-ex-empleador-del-bufete-de-abogados-acose-a-un-ex-empleado-abogado\/"]}]},{"@type":"BreadcrumbList","@id":"https:\/\/tremblylaw.com\/es\/noticias\/el-bufete-de-abogados-trembly-evita-con-exito-que-un-ex-empleador-del-bufete-de-abogados-acose-a-un-ex-empleado-abogado\/#breadcrumb","itemListElement":[{"@type":"ListItem","position":1,"name":"Home","item":"https:\/\/tremblylaw.com\/es\/"},{"@type":"ListItem","position":2,"name":"Noticias","item":"https:\/\/tremblylaw.com\/es\/noticias\/"},{"@type":"ListItem","position":3,"name":"El bufete de abogados Trembly evita con \u00e9xito que un ex empleador del bufete de abogados acose a un ex empleado abogado"}]},{"@type":"WebSite","@id":"https:\/\/tremblylaw.com\/es\/#website","url":"https:\/\/tremblylaw.com\/es\/","name":"Trembly Law Firm","description":"","publisher":{"@id":"https:\/\/tremblylaw.com\/es\/#organization"},"potentialAction":[{"@type":"SearchAction","target":{"@type":"EntryPoint","urlTemplate":"https:\/\/tremblylaw.com\/es\/?s={search_term_string}"},"query-input":{"@type":"PropertyValueSpecification","valueRequired":true,"valueName":"search_term_string"}}],"inLanguage":"es"},{"@type":"Organization","@id":"https:\/\/tremblylaw.com\/es\/#organization","name":"Trembly Law Firm","url":"https:\/\/tremblylaw.com\/es\/","logo":{"@type":"ImageObject","inLanguage":"es","@id":"https:\/\/tremblylaw.com\/es\/#\/schema\/logo\/image\/","url":"https:\/\/tremblylaw.com\/wp-content\/uploads\/2024\/07\/trembly_logo_dk.webp","contentUrl":"https:\/\/tremblylaw.com\/wp-content\/uploads\/2024\/07\/trembly_logo_dk.webp","width":336,"height":96,"caption":"Trembly Law Firm"},"image":{"@id":"https:\/\/tremblylaw.com\/es\/#\/schema\/logo\/image\/"}}]}},"_links":{"self":[{"href":"https:\/\/tremblylaw.com\/es\/wp-json\/wp\/v2\/pages\/7988","targetHints":{"allow":["GET"]}}],"collection":[{"href":"https:\/\/tremblylaw.com\/es\/wp-json\/wp\/v2\/pages"}],"about":[{"href":"https:\/\/tremblylaw.com\/es\/wp-json\/wp\/v2\/types\/page"}],"author":[{"embeddable":true,"href":"https:\/\/tremblylaw.com\/es\/wp-json\/wp\/v2\/users\/7"}],"replies":[{"embeddable":true,"href":"https:\/\/tremblylaw.com\/es\/wp-json\/wp\/v2\/comments?post=7988"}],"version-history":[{"count":0,"href":"https:\/\/tremblylaw.com\/es\/wp-json\/wp\/v2\/pages\/7988\/revisions"}],"up":[{"embeddable":true,"href":"https:\/\/tremblylaw.com\/es\/wp-json\/wp\/v2\/pages\/7975"}],"wp:attachment":[{"href":"https:\/\/tremblylaw.com\/es\/wp-json\/wp\/v2\/media?parent=7988"}],"curies":[{"name":"wp","href":"https:\/\/api.w.org\/{rel}","templated":true}]}}