{"id":7989,"date":"2020-02-10T09:04:44","date_gmt":"2020-02-10T16:04:44","guid":{"rendered":"https:\/\/trembly-jem.local\/noticias\/el-bufete-de-abogados-trembly-defiende-con-exito-a-un-cliente-contra-un-reclamo-de-horas-extra-y-salario-minimo-en-virtud-de-la-flsa-en-un-arbitraje-y-obtiene-un-fallo-importante-que-establece-que-el\/"},"modified":"2020-02-10T09:04:44","modified_gmt":"2020-02-10T16:04:44","slug":"el-bufete-de-abogados-trembly-defiende-con-exito-a-un-cliente-contra-un-reclamo-de-horas-extra-y-salario-minimo-en-virtud-de-la-flsa-en-un-arbitraje-y-obtiene-un-fallo-importante-que-establece-que-el","status":"publish","type":"page","link":"https:\/\/tremblylaw.com\/es\/noticias\/el-bufete-de-abogados-trembly-defiende-con-exito-a-un-cliente-contra-un-reclamo-de-horas-extra-y-salario-minimo-en-virtud-de-la-flsa-en-un-arbitraje-y-obtiene-un-fallo-importante-que-establece-que-el\/","title":{"rendered":"El bufete de abogados Trembly defiende con \u00e9xito a un cliente contra un reclamo de horas extra y salario m\u00ednimo en virtud de la FLSA en un arbitraje y obtiene un fallo importante que establece que el originador del pr\u00e9stamo hipotecario era un \u00abempleado exento\u00bb seg\u00fan la FLSA"},"content":{"rendered":"","protected":false},"excerpt":{"rendered":"<p>&#8230;<\/p>\n","protected":false},"author":7,"featured_media":0,"parent":7975,"menu_order":0,"comment_status":"closed","ping_status":"closed","template":"","meta":{"_acf_changed":false,"footnotes":""},"class_list":["post-7989","page","type-page","status-publish","hentry"],"acf":[],"yoast_head":"<!-- This site is optimized with the Yoast SEO plugin v27.4 - https:\/\/yoast.com\/product\/yoast-seo-wordpress\/ -->\n<title>El bufete de abogados Trembly defiende con \u00e9xito a un cliente contra un reclamo de horas extra y salario m\u00ednimo en virtud de la FLSA en un arbitraje y obtiene un fallo importante que establece que el originador del pr\u00e9stamo hipotecario era un &quot;empleado exento&quot; seg\u00fan la FLSA - Trembly Law Firm &quot;TLF defiende a un cliente contra un reclamo de salario m\u00ednimo y horas extras de conformidad con la FLSA&quot;<\/title>\n<meta name=\"description\" content=\"&quot;El bufete de abogados Trembly defiende con \u00e9xito a un cliente contra un reclamo de horas extras y salario m\u00ednimo de la FLSA en un arbitraje y obtiene un fallo importante que establece que el originador de pr\u00e9stamos hipotecarios era un &quot;empleado exento&quot; seg\u00fan la FLSA. Ha habido una ola de nuevos reclamos presentados por originadores de pr\u00e9stamos hipotecarios que alegan violaciones de horas extras y salario m\u00ednimo seg\u00fan las Normas Laborales Justas [\u2026]&quot;\" \/>\n<meta name=\"robots\" content=\"index, follow, max-snippet:-1, max-image-preview:large, max-video-preview:-1\" \/>\n<link rel=\"canonical\" href=\"https:\/\/tremblylaw.com\/es\/noticias\/el-bufete-de-abogados-trembly-defiende-con-exito-a-un-cliente-contra-un-reclamo-de-horas-extra-y-salario-minimo-en-virtud-de-la-flsa-en-un-arbitraje-y-obtiene-un-fallo-importante-que-establece-que-el\/\" \/>\n<meta property=\"og:locale\" content=\"es_ES\" \/>\n<meta property=\"og:type\" content=\"article\" \/>\n<meta property=\"og:title\" content=\"El bufete de abogados Trembly defiende con \u00e9xito a un cliente contra un reclamo de horas extra y salario m\u00ednimo en virtud de la FLSA en un arbitraje y obtiene un fallo importante que establece que el originador del pr\u00e9stamo hipotecario era un &quot;empleado exento&quot; seg\u00fan la FLSA - Trembly Law Firm &quot;TLF defiende a un cliente contra un reclamo de salario m\u00ednimo y horas extras de conformidad con la FLSA&quot;\" \/>\n<meta property=\"og:description\" content=\"&quot;El bufete de abogados Trembly defiende con \u00e9xito a un cliente contra un reclamo de horas extras y salario m\u00ednimo de la FLSA en un arbitraje y obtiene un fallo importante que establece que el originador de pr\u00e9stamos hipotecarios era un &quot;empleado exento&quot; seg\u00fan la FLSA. Ha habido una ola de nuevos reclamos presentados por originadores de pr\u00e9stamos hipotecarios que alegan violaciones de horas extras y salario m\u00ednimo seg\u00fan las Normas Laborales Justas [\u2026]&quot;\" \/>\n<meta property=\"og:url\" content=\"https:\/\/tremblylaw.com\/es\/noticias\/el-bufete-de-abogados-trembly-defiende-con-exito-a-un-cliente-contra-un-reclamo-de-horas-extra-y-salario-minimo-en-virtud-de-la-flsa-en-un-arbitraje-y-obtiene-un-fallo-importante-que-establece-que-el\/\" \/>\n<meta property=\"og:site_name\" content=\"Trembly Law Firm\" \/>\n<meta name=\"twitter:card\" content=\"summary_large_image\" \/>\n<script type=\"application\/ld+json\" class=\"yoast-schema-graph\">{\"@context\":\"https:\\\/\\\/schema.org\",\"@graph\":[{\"@type\":\"WebPage\",\"@id\":\"https:\\\/\\\/tremblylaw.com\\\/es\\\/noticias\\\/el-bufete-de-abogados-trembly-defiende-con-exito-a-un-cliente-contra-un-reclamo-de-horas-extra-y-salario-minimo-en-virtud-de-la-flsa-en-un-arbitraje-y-obtiene-un-fallo-importante-que-establece-que-el\\\/\",\"url\":\"https:\\\/\\\/tremblylaw.com\\\/es\\\/noticias\\\/el-bufete-de-abogados-trembly-defiende-con-exito-a-un-cliente-contra-un-reclamo-de-horas-extra-y-salario-minimo-en-virtud-de-la-flsa-en-un-arbitraje-y-obtiene-un-fallo-importante-que-establece-que-el\\\/\",\"name\":\"El bufete de abogados Trembly defiende con \u00e9xito a un cliente contra un reclamo de horas extra y salario m\u00ednimo en virtud de la FLSA en un arbitraje y obtiene un fallo importante que establece que el originador del pr\u00e9stamo hipotecario era un \\\"empleado exento\\\" seg\u00fan la FLSA - Trembly Law Firm \\\"TLF defiende a un cliente contra un reclamo de salario m\u00ednimo y horas extras de conformidad con la FLSA\\\"\",\"isPartOf\":{\"@id\":\"https:\\\/\\\/tremblylaw.com\\\/es\\\/#website\"},\"datePublished\":\"2020-02-10T16:04:44+00:00\",\"description\":\"\\\"El bufete de abogados Trembly defiende con \u00e9xito a un cliente contra un reclamo de horas extras y salario m\u00ednimo de la FLSA en un arbitraje y obtiene un fallo importante que establece que el originador de pr\u00e9stamos hipotecarios era un \\\"empleado exento\\\" seg\u00fan la FLSA. Ha habido una ola de nuevos reclamos presentados por originadores de pr\u00e9stamos hipotecarios que alegan violaciones de horas extras y salario m\u00ednimo seg\u00fan las Normas Laborales Justas [\u2026]\\\"\",\"breadcrumb\":{\"@id\":\"https:\\\/\\\/tremblylaw.com\\\/es\\\/noticias\\\/el-bufete-de-abogados-trembly-defiende-con-exito-a-un-cliente-contra-un-reclamo-de-horas-extra-y-salario-minimo-en-virtud-de-la-flsa-en-un-arbitraje-y-obtiene-un-fallo-importante-que-establece-que-el\\\/#breadcrumb\"},\"inLanguage\":\"es\",\"potentialAction\":[{\"@type\":\"ReadAction\",\"target\":[\"https:\\\/\\\/tremblylaw.com\\\/es\\\/noticias\\\/el-bufete-de-abogados-trembly-defiende-con-exito-a-un-cliente-contra-un-reclamo-de-horas-extra-y-salario-minimo-en-virtud-de-la-flsa-en-un-arbitraje-y-obtiene-un-fallo-importante-que-establece-que-el\\\/\"]}]},{\"@type\":\"BreadcrumbList\",\"@id\":\"https:\\\/\\\/tremblylaw.com\\\/es\\\/noticias\\\/el-bufete-de-abogados-trembly-defiende-con-exito-a-un-cliente-contra-un-reclamo-de-horas-extra-y-salario-minimo-en-virtud-de-la-flsa-en-un-arbitraje-y-obtiene-un-fallo-importante-que-establece-que-el\\\/#breadcrumb\",\"itemListElement\":[{\"@type\":\"ListItem\",\"position\":1,\"name\":\"Home\",\"item\":\"https:\\\/\\\/tremblylaw.com\\\/es\\\/\"},{\"@type\":\"ListItem\",\"position\":2,\"name\":\"Noticias\",\"item\":\"https:\\\/\\\/tremblylaw.com\\\/es\\\/noticias\\\/\"},{\"@type\":\"ListItem\",\"position\":3,\"name\":\"El bufete de abogados Trembly defiende con \u00e9xito a un cliente contra un reclamo de horas extra y salario m\u00ednimo en virtud de la FLSA en un arbitraje y obtiene un fallo importante que establece que el originador del pr\u00e9stamo hipotecario era un \u00abempleado exento\u00bb seg\u00fan la FLSA\"}]},{\"@type\":\"WebSite\",\"@id\":\"https:\\\/\\\/tremblylaw.com\\\/es\\\/#website\",\"url\":\"https:\\\/\\\/tremblylaw.com\\\/es\\\/\",\"name\":\"Trembly Law Firm\",\"description\":\"\",\"publisher\":{\"@id\":\"https:\\\/\\\/tremblylaw.com\\\/es\\\/#organization\"},\"potentialAction\":[{\"@type\":\"SearchAction\",\"target\":{\"@type\":\"EntryPoint\",\"urlTemplate\":\"https:\\\/\\\/tremblylaw.com\\\/es\\\/?s={search_term_string}\"},\"query-input\":{\"@type\":\"PropertyValueSpecification\",\"valueRequired\":true,\"valueName\":\"search_term_string\"}}],\"inLanguage\":\"es\"},{\"@type\":\"Organization\",\"@id\":\"https:\\\/\\\/tremblylaw.com\\\/es\\\/#organization\",\"name\":\"Trembly Law Firm\",\"url\":\"https:\\\/\\\/tremblylaw.com\\\/es\\\/\",\"logo\":{\"@type\":\"ImageObject\",\"inLanguage\":\"es\",\"@id\":\"https:\\\/\\\/tremblylaw.com\\\/es\\\/#\\\/schema\\\/logo\\\/image\\\/\",\"url\":\"https:\\\/\\\/tremblylaw.com\\\/wp-content\\\/uploads\\\/2024\\\/07\\\/trembly_logo_dk.webp\",\"contentUrl\":\"https:\\\/\\\/tremblylaw.com\\\/wp-content\\\/uploads\\\/2024\\\/07\\\/trembly_logo_dk.webp\",\"width\":336,\"height\":96,\"caption\":\"Trembly Law Firm\"},\"image\":{\"@id\":\"https:\\\/\\\/tremblylaw.com\\\/es\\\/#\\\/schema\\\/logo\\\/image\\\/\"}}]}<\/script>\n<!-- \/ Yoast SEO plugin. -->","yoast_head_json":{"title":"El bufete de abogados Trembly defiende con \u00e9xito a un cliente contra un reclamo de horas extra y salario m\u00ednimo en virtud de la FLSA en un arbitraje y obtiene un fallo importante que establece que el originador del pr\u00e9stamo hipotecario era un \"empleado exento\" seg\u00fan la FLSA - Trembly Law Firm \"TLF defiende a un cliente contra un reclamo de salario m\u00ednimo y horas extras de conformidad con la FLSA\"","description":"\"El bufete de abogados Trembly defiende con \u00e9xito a un cliente contra un reclamo de horas extras y salario m\u00ednimo de la FLSA en un arbitraje y obtiene un fallo importante que establece que el originador de pr\u00e9stamos hipotecarios era un \"empleado exento\" seg\u00fan la FLSA. Ha habido una ola de nuevos reclamos presentados por originadores de pr\u00e9stamos hipotecarios que alegan violaciones de horas extras y salario m\u00ednimo seg\u00fan las Normas Laborales Justas [\u2026]\"","robots":{"index":"index","follow":"follow","max-snippet":"max-snippet:-1","max-image-preview":"max-image-preview:large","max-video-preview":"max-video-preview:-1"},"canonical":"https:\/\/tremblylaw.com\/es\/noticias\/el-bufete-de-abogados-trembly-defiende-con-exito-a-un-cliente-contra-un-reclamo-de-horas-extra-y-salario-minimo-en-virtud-de-la-flsa-en-un-arbitraje-y-obtiene-un-fallo-importante-que-establece-que-el\/","og_locale":"es_ES","og_type":"article","og_title":"El bufete de abogados Trembly defiende con \u00e9xito a un cliente contra un reclamo de horas extra y salario m\u00ednimo en virtud de la FLSA en un arbitraje y obtiene un fallo importante que establece que el originador del pr\u00e9stamo hipotecario era un \"empleado exento\" seg\u00fan la FLSA - Trembly Law Firm \"TLF defiende a un cliente contra un reclamo de salario m\u00ednimo y horas extras de conformidad con la FLSA\"","og_description":"\"El bufete de abogados Trembly defiende con \u00e9xito a un cliente contra un reclamo de horas extras y salario m\u00ednimo de la FLSA en un arbitraje y obtiene un fallo importante que establece que el originador de pr\u00e9stamos hipotecarios era un \"empleado exento\" seg\u00fan la FLSA. Ha habido una ola de nuevos reclamos presentados por originadores de pr\u00e9stamos hipotecarios que alegan violaciones de horas extras y salario m\u00ednimo seg\u00fan las Normas Laborales Justas [\u2026]\"","og_url":"https:\/\/tremblylaw.com\/es\/noticias\/el-bufete-de-abogados-trembly-defiende-con-exito-a-un-cliente-contra-un-reclamo-de-horas-extra-y-salario-minimo-en-virtud-de-la-flsa-en-un-arbitraje-y-obtiene-un-fallo-importante-que-establece-que-el\/","og_site_name":"Trembly Law Firm","twitter_card":"summary_large_image","schema":{"@context":"https:\/\/schema.org","@graph":[{"@type":"WebPage","@id":"https:\/\/tremblylaw.com\/es\/noticias\/el-bufete-de-abogados-trembly-defiende-con-exito-a-un-cliente-contra-un-reclamo-de-horas-extra-y-salario-minimo-en-virtud-de-la-flsa-en-un-arbitraje-y-obtiene-un-fallo-importante-que-establece-que-el\/","url":"https:\/\/tremblylaw.com\/es\/noticias\/el-bufete-de-abogados-trembly-defiende-con-exito-a-un-cliente-contra-un-reclamo-de-horas-extra-y-salario-minimo-en-virtud-de-la-flsa-en-un-arbitraje-y-obtiene-un-fallo-importante-que-establece-que-el\/","name":"El bufete de abogados Trembly defiende con \u00e9xito a un cliente contra un reclamo de horas extra y salario m\u00ednimo en virtud de la FLSA en un arbitraje y obtiene un fallo importante que establece que el originador del pr\u00e9stamo hipotecario era un \"empleado exento\" seg\u00fan la FLSA - Trembly Law Firm \"TLF defiende a un cliente contra un reclamo de salario m\u00ednimo y horas extras de conformidad con la FLSA\"","isPartOf":{"@id":"https:\/\/tremblylaw.com\/es\/#website"},"datePublished":"2020-02-10T16:04:44+00:00","description":"\"El bufete de abogados Trembly defiende con \u00e9xito a un cliente contra un reclamo de horas extras y salario m\u00ednimo de la FLSA en un arbitraje y obtiene un fallo importante que establece que el originador de pr\u00e9stamos hipotecarios era un \"empleado exento\" seg\u00fan la FLSA. Ha habido una ola de nuevos reclamos presentados por originadores de pr\u00e9stamos hipotecarios que alegan violaciones de horas extras y salario m\u00ednimo seg\u00fan las Normas Laborales Justas [\u2026]\"","breadcrumb":{"@id":"https:\/\/tremblylaw.com\/es\/noticias\/el-bufete-de-abogados-trembly-defiende-con-exito-a-un-cliente-contra-un-reclamo-de-horas-extra-y-salario-minimo-en-virtud-de-la-flsa-en-un-arbitraje-y-obtiene-un-fallo-importante-que-establece-que-el\/#breadcrumb"},"inLanguage":"es","potentialAction":[{"@type":"ReadAction","target":["https:\/\/tremblylaw.com\/es\/noticias\/el-bufete-de-abogados-trembly-defiende-con-exito-a-un-cliente-contra-un-reclamo-de-horas-extra-y-salario-minimo-en-virtud-de-la-flsa-en-un-arbitraje-y-obtiene-un-fallo-importante-que-establece-que-el\/"]}]},{"@type":"BreadcrumbList","@id":"https:\/\/tremblylaw.com\/es\/noticias\/el-bufete-de-abogados-trembly-defiende-con-exito-a-un-cliente-contra-un-reclamo-de-horas-extra-y-salario-minimo-en-virtud-de-la-flsa-en-un-arbitraje-y-obtiene-un-fallo-importante-que-establece-que-el\/#breadcrumb","itemListElement":[{"@type":"ListItem","position":1,"name":"Home","item":"https:\/\/tremblylaw.com\/es\/"},{"@type":"ListItem","position":2,"name":"Noticias","item":"https:\/\/tremblylaw.com\/es\/noticias\/"},{"@type":"ListItem","position":3,"name":"El bufete de abogados Trembly defiende con \u00e9xito a un cliente contra un reclamo de horas extra y salario m\u00ednimo en virtud de la FLSA en un arbitraje y obtiene un fallo importante que establece que el originador del pr\u00e9stamo hipotecario era un \u00abempleado exento\u00bb seg\u00fan la FLSA"}]},{"@type":"WebSite","@id":"https:\/\/tremblylaw.com\/es\/#website","url":"https:\/\/tremblylaw.com\/es\/","name":"Trembly Law Firm","description":"","publisher":{"@id":"https:\/\/tremblylaw.com\/es\/#organization"},"potentialAction":[{"@type":"SearchAction","target":{"@type":"EntryPoint","urlTemplate":"https:\/\/tremblylaw.com\/es\/?s={search_term_string}"},"query-input":{"@type":"PropertyValueSpecification","valueRequired":true,"valueName":"search_term_string"}}],"inLanguage":"es"},{"@type":"Organization","@id":"https:\/\/tremblylaw.com\/es\/#organization","name":"Trembly Law Firm","url":"https:\/\/tremblylaw.com\/es\/","logo":{"@type":"ImageObject","inLanguage":"es","@id":"https:\/\/tremblylaw.com\/es\/#\/schema\/logo\/image\/","url":"https:\/\/tremblylaw.com\/wp-content\/uploads\/2024\/07\/trembly_logo_dk.webp","contentUrl":"https:\/\/tremblylaw.com\/wp-content\/uploads\/2024\/07\/trembly_logo_dk.webp","width":336,"height":96,"caption":"Trembly Law Firm"},"image":{"@id":"https:\/\/tremblylaw.com\/es\/#\/schema\/logo\/image\/"}}]}},"_links":{"self":[{"href":"https:\/\/tremblylaw.com\/es\/wp-json\/wp\/v2\/pages\/7989","targetHints":{"allow":["GET"]}}],"collection":[{"href":"https:\/\/tremblylaw.com\/es\/wp-json\/wp\/v2\/pages"}],"about":[{"href":"https:\/\/tremblylaw.com\/es\/wp-json\/wp\/v2\/types\/page"}],"author":[{"embeddable":true,"href":"https:\/\/tremblylaw.com\/es\/wp-json\/wp\/v2\/users\/7"}],"replies":[{"embeddable":true,"href":"https:\/\/tremblylaw.com\/es\/wp-json\/wp\/v2\/comments?post=7989"}],"version-history":[{"count":0,"href":"https:\/\/tremblylaw.com\/es\/wp-json\/wp\/v2\/pages\/7989\/revisions"}],"up":[{"embeddable":true,"href":"https:\/\/tremblylaw.com\/es\/wp-json\/wp\/v2\/pages\/7975"}],"wp:attachment":[{"href":"https:\/\/tremblylaw.com\/es\/wp-json\/wp\/v2\/media?parent=7989"}],"curies":[{"name":"wp","href":"https:\/\/api.w.org\/{rel}","templated":true}]}}