{"id":7996,"date":"2018-10-31T10:19:21","date_gmt":"2018-10-31T17:19:21","guid":{"rendered":"https:\/\/trembly-jem.local\/noticias\/el-socio-christian-e-rodriguez-ayuda-a-un-cliente-a-obtener-una-indemnizacion-superior-a-los-600-000-dolares\/"},"modified":"2018-10-31T10:19:21","modified_gmt":"2018-10-31T17:19:21","slug":"el-socio-christian-e-rodriguez-ayuda-a-un-cliente-a-obtener-una-indemnizacion-superior-a-los-600-000-dolares","status":"publish","type":"page","link":"https:\/\/tremblylaw.com\/es\/noticias\/el-socio-christian-e-rodriguez-ayuda-a-un-cliente-a-obtener-una-indemnizacion-superior-a-los-600-000-dolares\/","title":{"rendered":"El socio Christian E. Rodr\u00edguez ayuda a un cliente a obtener una indemnizaci\u00f3n superior a los 600.000 d\u00f3lares"},"content":{"rendered":"","protected":false},"excerpt":{"rendered":"<p>&#8230;<\/p>\n","protected":false},"author":7,"featured_media":7433,"parent":7975,"menu_order":0,"comment_status":"closed","ping_status":"closed","template":"","meta":{"_acf_changed":false,"footnotes":""},"class_list":["post-7996","page","type-page","status-publish","has-post-thumbnail","hentry"],"acf":[],"yoast_head":"<!-- This site is optimized with the Yoast SEO plugin v27.4 - https:\/\/yoast.com\/product\/yoast-seo-wordpress\/ -->\n<title>El socio Christian E. Rodr\u00edguez ayuda a un cliente a obtener una indemnizaci\u00f3n superior a los 600.000 d\u00f3lares - Trembly Law Firm &quot;Christian ayuda a un cliente a obtener una indemnizaci\u00f3n superior a los $600 000,00&quot;<\/title>\n<meta name=\"description\" content=\"&quot;Miami, Florida (abril de 2018) \u2014 El socio Christian E. Rodr\u00edguez logr\u00f3 recuperar para un cliente m\u00e1s de $600,000.00 USD luego de que un banco permitiera transferencias bancarias ilegales desde la cuenta bancaria del cliente. En diciembre de 2017, la cuenta bancaria de un ciudadano venezolano de edad avanzada en los Estados Unidos, que conten\u00eda todos los ahorros de su vida, fue congelada. Cuando [\u2026]&quot;\" \/>\n<meta name=\"robots\" content=\"index, follow, max-snippet:-1, max-image-preview:large, max-video-preview:-1\" \/>\n<link rel=\"canonical\" href=\"https:\/\/tremblylaw.com\/es\/noticias\/el-socio-christian-e-rodriguez-ayuda-a-un-cliente-a-obtener-una-indemnizacion-superior-a-los-600-000-dolares\/\" \/>\n<meta property=\"og:locale\" content=\"es_ES\" \/>\n<meta property=\"og:type\" content=\"article\" \/>\n<meta property=\"og:title\" content=\"El socio Christian E. Rodr\u00edguez ayuda a un cliente a obtener una indemnizaci\u00f3n superior a los 600.000 d\u00f3lares - Trembly Law Firm &quot;Christian ayuda a un cliente a obtener una indemnizaci\u00f3n superior a los $600 000,00&quot;\" \/>\n<meta property=\"og:description\" content=\"&quot;Miami, Florida (abril de 2018) \u2014 El socio Christian E. Rodr\u00edguez logr\u00f3 recuperar para un cliente m\u00e1s de $600,000.00 USD luego de que un banco permitiera transferencias bancarias ilegales desde la cuenta bancaria del cliente. En diciembre de 2017, la cuenta bancaria de un ciudadano venezolano de edad avanzada en los Estados Unidos, que conten\u00eda todos los ahorros de su vida, fue congelada. Cuando [\u2026]&quot;\" \/>\n<meta property=\"og:url\" content=\"https:\/\/tremblylaw.com\/es\/noticias\/el-socio-christian-e-rodriguez-ayuda-a-un-cliente-a-obtener-una-indemnizacion-superior-a-los-600-000-dolares\/\" \/>\n<meta property=\"og:site_name\" content=\"Trembly Law Firm\" \/>\n<meta property=\"og:image\" content=\"https:\/\/tremblylaw.com\/wp-content\/uploads\/2024\/08\/934A5830-300x200-1-1.jpg\" \/>\n\t<meta property=\"og:image:width\" content=\"300\" \/>\n\t<meta property=\"og:image:height\" content=\"200\" \/>\n\t<meta property=\"og:image:type\" content=\"image\/jpeg\" \/>\n<meta name=\"twitter:card\" content=\"summary_large_image\" \/>\n<script type=\"application\/ld+json\" class=\"yoast-schema-graph\">{\"@context\":\"https:\\\/\\\/schema.org\",\"@graph\":[{\"@type\":\"WebPage\",\"@id\":\"https:\\\/\\\/tremblylaw.com\\\/es\\\/noticias\\\/el-socio-christian-e-rodriguez-ayuda-a-un-cliente-a-obtener-una-indemnizacion-superior-a-los-600-000-dolares\\\/\",\"url\":\"https:\\\/\\\/tremblylaw.com\\\/es\\\/noticias\\\/el-socio-christian-e-rodriguez-ayuda-a-un-cliente-a-obtener-una-indemnizacion-superior-a-los-600-000-dolares\\\/\",\"name\":\"El socio Christian E. Rodr\u00edguez ayuda a un cliente a obtener una indemnizaci\u00f3n superior a los 600.000 d\u00f3lares - Trembly Law Firm \\\"Christian ayuda a un cliente a obtener una indemnizaci\u00f3n superior a los $600 000,00\\\"\",\"isPartOf\":{\"@id\":\"https:\\\/\\\/tremblylaw.com\\\/es\\\/#website\"},\"primaryImageOfPage\":{\"@id\":\"https:\\\/\\\/tremblylaw.com\\\/es\\\/noticias\\\/el-socio-christian-e-rodriguez-ayuda-a-un-cliente-a-obtener-una-indemnizacion-superior-a-los-600-000-dolares\\\/#primaryimage\"},\"image\":{\"@id\":\"https:\\\/\\\/tremblylaw.com\\\/es\\\/noticias\\\/el-socio-christian-e-rodriguez-ayuda-a-un-cliente-a-obtener-una-indemnizacion-superior-a-los-600-000-dolares\\\/#primaryimage\"},\"thumbnailUrl\":\"https:\\\/\\\/tremblylaw.com\\\/wp-content\\\/uploads\\\/2024\\\/08\\\/934A5830-300x200-1-1.jpg\",\"datePublished\":\"2018-10-31T17:19:21+00:00\",\"description\":\"\\\"Miami, Florida (abril de 2018) \u2014 El socio Christian E. Rodr\u00edguez logr\u00f3 recuperar para un cliente m\u00e1s de $600,000.00 USD luego de que un banco permitiera transferencias bancarias ilegales desde la cuenta bancaria del cliente. En diciembre de 2017, la cuenta bancaria de un ciudadano venezolano de edad avanzada en los Estados Unidos, que conten\u00eda todos los ahorros de su vida, fue congelada. Cuando [\u2026]\\\"\",\"breadcrumb\":{\"@id\":\"https:\\\/\\\/tremblylaw.com\\\/es\\\/noticias\\\/el-socio-christian-e-rodriguez-ayuda-a-un-cliente-a-obtener-una-indemnizacion-superior-a-los-600-000-dolares\\\/#breadcrumb\"},\"inLanguage\":\"es\",\"potentialAction\":[{\"@type\":\"ReadAction\",\"target\":[\"https:\\\/\\\/tremblylaw.com\\\/es\\\/noticias\\\/el-socio-christian-e-rodriguez-ayuda-a-un-cliente-a-obtener-una-indemnizacion-superior-a-los-600-000-dolares\\\/\"]}]},{\"@type\":\"ImageObject\",\"inLanguage\":\"es\",\"@id\":\"https:\\\/\\\/tremblylaw.com\\\/es\\\/noticias\\\/el-socio-christian-e-rodriguez-ayuda-a-un-cliente-a-obtener-una-indemnizacion-superior-a-los-600-000-dolares\\\/#primaryimage\",\"url\":\"https:\\\/\\\/tremblylaw.com\\\/wp-content\\\/uploads\\\/2024\\\/08\\\/934A5830-300x200-1-1.jpg\",\"contentUrl\":\"https:\\\/\\\/tremblylaw.com\\\/wp-content\\\/uploads\\\/2024\\\/08\\\/934A5830-300x200-1-1.jpg\",\"width\":300,\"height\":200},{\"@type\":\"BreadcrumbList\",\"@id\":\"https:\\\/\\\/tremblylaw.com\\\/es\\\/noticias\\\/el-socio-christian-e-rodriguez-ayuda-a-un-cliente-a-obtener-una-indemnizacion-superior-a-los-600-000-dolares\\\/#breadcrumb\",\"itemListElement\":[{\"@type\":\"ListItem\",\"position\":1,\"name\":\"Home\",\"item\":\"https:\\\/\\\/tremblylaw.com\\\/es\\\/\"},{\"@type\":\"ListItem\",\"position\":2,\"name\":\"Noticias\",\"item\":\"https:\\\/\\\/tremblylaw.com\\\/es\\\/noticias\\\/\"},{\"@type\":\"ListItem\",\"position\":3,\"name\":\"El socio Christian E. Rodr\u00edguez ayuda a un cliente a obtener una indemnizaci\u00f3n superior a los 600.000 d\u00f3lares\"}]},{\"@type\":\"WebSite\",\"@id\":\"https:\\\/\\\/tremblylaw.com\\\/es\\\/#website\",\"url\":\"https:\\\/\\\/tremblylaw.com\\\/es\\\/\",\"name\":\"Trembly Law Firm\",\"description\":\"\",\"publisher\":{\"@id\":\"https:\\\/\\\/tremblylaw.com\\\/es\\\/#organization\"},\"potentialAction\":[{\"@type\":\"SearchAction\",\"target\":{\"@type\":\"EntryPoint\",\"urlTemplate\":\"https:\\\/\\\/tremblylaw.com\\\/es\\\/?s={search_term_string}\"},\"query-input\":{\"@type\":\"PropertyValueSpecification\",\"valueRequired\":true,\"valueName\":\"search_term_string\"}}],\"inLanguage\":\"es\"},{\"@type\":\"Organization\",\"@id\":\"https:\\\/\\\/tremblylaw.com\\\/es\\\/#organization\",\"name\":\"Trembly Law Firm\",\"url\":\"https:\\\/\\\/tremblylaw.com\\\/es\\\/\",\"logo\":{\"@type\":\"ImageObject\",\"inLanguage\":\"es\",\"@id\":\"https:\\\/\\\/tremblylaw.com\\\/es\\\/#\\\/schema\\\/logo\\\/image\\\/\",\"url\":\"https:\\\/\\\/tremblylaw.com\\\/wp-content\\\/uploads\\\/2024\\\/07\\\/trembly_logo_dk.webp\",\"contentUrl\":\"https:\\\/\\\/tremblylaw.com\\\/wp-content\\\/uploads\\\/2024\\\/07\\\/trembly_logo_dk.webp\",\"width\":336,\"height\":96,\"caption\":\"Trembly Law Firm\"},\"image\":{\"@id\":\"https:\\\/\\\/tremblylaw.com\\\/es\\\/#\\\/schema\\\/logo\\\/image\\\/\"}}]}<\/script>\n<!-- \/ Yoast SEO plugin. -->","yoast_head_json":{"title":"El socio Christian E. Rodr\u00edguez ayuda a un cliente a obtener una indemnizaci\u00f3n superior a los 600.000 d\u00f3lares - Trembly Law Firm \"Christian ayuda a un cliente a obtener una indemnizaci\u00f3n superior a los $600 000,00\"","description":"\"Miami, Florida (abril de 2018) \u2014 El socio Christian E. Rodr\u00edguez logr\u00f3 recuperar para un cliente m\u00e1s de $600,000.00 USD luego de que un banco permitiera transferencias bancarias ilegales desde la cuenta bancaria del cliente. En diciembre de 2017, la cuenta bancaria de un ciudadano venezolano de edad avanzada en los Estados Unidos, que conten\u00eda todos los ahorros de su vida, fue congelada. Cuando [\u2026]\"","robots":{"index":"index","follow":"follow","max-snippet":"max-snippet:-1","max-image-preview":"max-image-preview:large","max-video-preview":"max-video-preview:-1"},"canonical":"https:\/\/tremblylaw.com\/es\/noticias\/el-socio-christian-e-rodriguez-ayuda-a-un-cliente-a-obtener-una-indemnizacion-superior-a-los-600-000-dolares\/","og_locale":"es_ES","og_type":"article","og_title":"El socio Christian E. Rodr\u00edguez ayuda a un cliente a obtener una indemnizaci\u00f3n superior a los 600.000 d\u00f3lares - Trembly Law Firm \"Christian ayuda a un cliente a obtener una indemnizaci\u00f3n superior a los $600 000,00\"","og_description":"\"Miami, Florida (abril de 2018) \u2014 El socio Christian E. Rodr\u00edguez logr\u00f3 recuperar para un cliente m\u00e1s de $600,000.00 USD luego de que un banco permitiera transferencias bancarias ilegales desde la cuenta bancaria del cliente. En diciembre de 2017, la cuenta bancaria de un ciudadano venezolano de edad avanzada en los Estados Unidos, que conten\u00eda todos los ahorros de su vida, fue congelada. Cuando [\u2026]\"","og_url":"https:\/\/tremblylaw.com\/es\/noticias\/el-socio-christian-e-rodriguez-ayuda-a-un-cliente-a-obtener-una-indemnizacion-superior-a-los-600-000-dolares\/","og_site_name":"Trembly Law Firm","og_image":[{"width":300,"height":200,"url":"https:\/\/tremblylaw.com\/wp-content\/uploads\/2024\/08\/934A5830-300x200-1-1.jpg","type":"image\/jpeg"}],"twitter_card":"summary_large_image","schema":{"@context":"https:\/\/schema.org","@graph":[{"@type":"WebPage","@id":"https:\/\/tremblylaw.com\/es\/noticias\/el-socio-christian-e-rodriguez-ayuda-a-un-cliente-a-obtener-una-indemnizacion-superior-a-los-600-000-dolares\/","url":"https:\/\/tremblylaw.com\/es\/noticias\/el-socio-christian-e-rodriguez-ayuda-a-un-cliente-a-obtener-una-indemnizacion-superior-a-los-600-000-dolares\/","name":"El socio Christian E. Rodr\u00edguez ayuda a un cliente a obtener una indemnizaci\u00f3n superior a los 600.000 d\u00f3lares - Trembly Law Firm \"Christian ayuda a un cliente a obtener una indemnizaci\u00f3n superior a los $600 000,00\"","isPartOf":{"@id":"https:\/\/tremblylaw.com\/es\/#website"},"primaryImageOfPage":{"@id":"https:\/\/tremblylaw.com\/es\/noticias\/el-socio-christian-e-rodriguez-ayuda-a-un-cliente-a-obtener-una-indemnizacion-superior-a-los-600-000-dolares\/#primaryimage"},"image":{"@id":"https:\/\/tremblylaw.com\/es\/noticias\/el-socio-christian-e-rodriguez-ayuda-a-un-cliente-a-obtener-una-indemnizacion-superior-a-los-600-000-dolares\/#primaryimage"},"thumbnailUrl":"https:\/\/tremblylaw.com\/wp-content\/uploads\/2024\/08\/934A5830-300x200-1-1.jpg","datePublished":"2018-10-31T17:19:21+00:00","description":"\"Miami, Florida (abril de 2018) \u2014 El socio Christian E. Rodr\u00edguez logr\u00f3 recuperar para un cliente m\u00e1s de $600,000.00 USD luego de que un banco permitiera transferencias bancarias ilegales desde la cuenta bancaria del cliente. En diciembre de 2017, la cuenta bancaria de un ciudadano venezolano de edad avanzada en los Estados Unidos, que conten\u00eda todos los ahorros de su vida, fue congelada. Cuando [\u2026]\"","breadcrumb":{"@id":"https:\/\/tremblylaw.com\/es\/noticias\/el-socio-christian-e-rodriguez-ayuda-a-un-cliente-a-obtener-una-indemnizacion-superior-a-los-600-000-dolares\/#breadcrumb"},"inLanguage":"es","potentialAction":[{"@type":"ReadAction","target":["https:\/\/tremblylaw.com\/es\/noticias\/el-socio-christian-e-rodriguez-ayuda-a-un-cliente-a-obtener-una-indemnizacion-superior-a-los-600-000-dolares\/"]}]},{"@type":"ImageObject","inLanguage":"es","@id":"https:\/\/tremblylaw.com\/es\/noticias\/el-socio-christian-e-rodriguez-ayuda-a-un-cliente-a-obtener-una-indemnizacion-superior-a-los-600-000-dolares\/#primaryimage","url":"https:\/\/tremblylaw.com\/wp-content\/uploads\/2024\/08\/934A5830-300x200-1-1.jpg","contentUrl":"https:\/\/tremblylaw.com\/wp-content\/uploads\/2024\/08\/934A5830-300x200-1-1.jpg","width":300,"height":200},{"@type":"BreadcrumbList","@id":"https:\/\/tremblylaw.com\/es\/noticias\/el-socio-christian-e-rodriguez-ayuda-a-un-cliente-a-obtener-una-indemnizacion-superior-a-los-600-000-dolares\/#breadcrumb","itemListElement":[{"@type":"ListItem","position":1,"name":"Home","item":"https:\/\/tremblylaw.com\/es\/"},{"@type":"ListItem","position":2,"name":"Noticias","item":"https:\/\/tremblylaw.com\/es\/noticias\/"},{"@type":"ListItem","position":3,"name":"El socio Christian E. Rodr\u00edguez ayuda a un cliente a obtener una indemnizaci\u00f3n superior a los 600.000 d\u00f3lares"}]},{"@type":"WebSite","@id":"https:\/\/tremblylaw.com\/es\/#website","url":"https:\/\/tremblylaw.com\/es\/","name":"Trembly Law Firm","description":"","publisher":{"@id":"https:\/\/tremblylaw.com\/es\/#organization"},"potentialAction":[{"@type":"SearchAction","target":{"@type":"EntryPoint","urlTemplate":"https:\/\/tremblylaw.com\/es\/?s={search_term_string}"},"query-input":{"@type":"PropertyValueSpecification","valueRequired":true,"valueName":"search_term_string"}}],"inLanguage":"es"},{"@type":"Organization","@id":"https:\/\/tremblylaw.com\/es\/#organization","name":"Trembly Law Firm","url":"https:\/\/tremblylaw.com\/es\/","logo":{"@type":"ImageObject","inLanguage":"es","@id":"https:\/\/tremblylaw.com\/es\/#\/schema\/logo\/image\/","url":"https:\/\/tremblylaw.com\/wp-content\/uploads\/2024\/07\/trembly_logo_dk.webp","contentUrl":"https:\/\/tremblylaw.com\/wp-content\/uploads\/2024\/07\/trembly_logo_dk.webp","width":336,"height":96,"caption":"Trembly Law Firm"},"image":{"@id":"https:\/\/tremblylaw.com\/es\/#\/schema\/logo\/image\/"}}]}},"_links":{"self":[{"href":"https:\/\/tremblylaw.com\/es\/wp-json\/wp\/v2\/pages\/7996","targetHints":{"allow":["GET"]}}],"collection":[{"href":"https:\/\/tremblylaw.com\/es\/wp-json\/wp\/v2\/pages"}],"about":[{"href":"https:\/\/tremblylaw.com\/es\/wp-json\/wp\/v2\/types\/page"}],"author":[{"embeddable":true,"href":"https:\/\/tremblylaw.com\/es\/wp-json\/wp\/v2\/users\/7"}],"replies":[{"embeddable":true,"href":"https:\/\/tremblylaw.com\/es\/wp-json\/wp\/v2\/comments?post=7996"}],"version-history":[{"count":0,"href":"https:\/\/tremblylaw.com\/es\/wp-json\/wp\/v2\/pages\/7996\/revisions"}],"up":[{"embeddable":true,"href":"https:\/\/tremblylaw.com\/es\/wp-json\/wp\/v2\/pages\/7975"}],"wp:featuredmedia":[{"embeddable":true,"href":"https:\/\/tremblylaw.com\/es\/wp-json\/wp\/v2\/media\/7433"}],"wp:attachment":[{"href":"https:\/\/tremblylaw.com\/es\/wp-json\/wp\/v2\/media?parent=7996"}],"curies":[{"name":"wp","href":"https:\/\/api.w.org\/{rel}","templated":true}]}}