{"id":7997,"date":"2018-05-16T10:22:51","date_gmt":"2018-05-16T17:22:51","guid":{"rendered":"https:\/\/trembly-jem.local\/noticias\/christian-e-rodriguez-nombrado-socio-de-la-firma-de-abogados-trembly\/"},"modified":"2018-05-16T10:22:51","modified_gmt":"2018-05-16T17:22:51","slug":"christian-e-rodriguez-nombrado-socio-de-la-firma-de-abogados-trembly","status":"publish","type":"page","link":"https:\/\/tremblylaw.com\/es\/noticias\/christian-e-rodriguez-nombrado-socio-de-la-firma-de-abogados-trembly\/","title":{"rendered":"Christian E. Rodr\u00edguez nombrado socio de la firma de abogados Trembly"},"content":{"rendered":"","protected":false},"excerpt":{"rendered":"<p>&#8230;<\/p>\n","protected":false},"author":7,"featured_media":0,"parent":7975,"menu_order":0,"comment_status":"closed","ping_status":"closed","template":"","meta":{"_acf_changed":false,"footnotes":""},"class_list":["post-7997","page","type-page","status-publish","hentry"],"acf":[],"yoast_head":"<!-- This site is optimized with the Yoast SEO plugin v27.3 - https:\/\/yoast.com\/product\/yoast-seo-wordpress\/ -->\n<title>Christian E. Rodr\u00edguez nombrado socio de la firma de abogados Trembly - Trembly Law Firm &quot;Christian E. Rodr\u00edguez nombrado socio de la firma de abogados Trembly - Firma de abogados Trembly - Abogados comerciales de Florida&quot;<\/title>\n<meta name=\"description\" content=\"&quot;Miami, Florida (15 de mayo de 2018) \u2014 Christian E. Rodr\u00edguez, Esq., quien se uni\u00f3 a la Firma en marzo de 2017 como Presidente del Departamento de Litigios, ha sido nombrado Socio de Trembly Law Firm. El Departamento de Litigios de la Firma experiment\u00f3 un crecimiento inmediato y r\u00e1pido despu\u00e9s de que el Sr. Rodr\u00edguez asumi\u00f3 el control del departamento. En abril de 2018, [\u2026]&quot;\" \/>\n<meta name=\"robots\" content=\"index, follow, max-snippet:-1, max-image-preview:large, max-video-preview:-1\" \/>\n<link rel=\"canonical\" href=\"https:\/\/tremblylaw.com\/es\/noticias\/christian-e-rodriguez-nombrado-socio-de-la-firma-de-abogados-trembly\/\" \/>\n<meta property=\"og:locale\" content=\"es_ES\" \/>\n<meta property=\"og:type\" content=\"article\" \/>\n<meta property=\"og:title\" content=\"Christian E. Rodr\u00edguez nombrado socio de la firma de abogados Trembly - Trembly Law Firm &quot;Christian E. Rodr\u00edguez nombrado socio de la firma de abogados Trembly - Firma de abogados Trembly - Abogados comerciales de Florida&quot;\" \/>\n<meta property=\"og:description\" content=\"&quot;Miami, Florida (15 de mayo de 2018) \u2014 Christian E. Rodr\u00edguez, Esq., quien se uni\u00f3 a la Firma en marzo de 2017 como Presidente del Departamento de Litigios, ha sido nombrado Socio de Trembly Law Firm. El Departamento de Litigios de la Firma experiment\u00f3 un crecimiento inmediato y r\u00e1pido despu\u00e9s de que el Sr. Rodr\u00edguez asumi\u00f3 el control del departamento. En abril de 2018, [\u2026]&quot;\" \/>\n<meta property=\"og:url\" content=\"https:\/\/tremblylaw.com\/es\/noticias\/christian-e-rodriguez-nombrado-socio-de-la-firma-de-abogados-trembly\/\" \/>\n<meta property=\"og:site_name\" content=\"Trembly Law Firm\" \/>\n<meta name=\"twitter:card\" content=\"summary_large_image\" \/>\n<script type=\"application\/ld+json\" class=\"yoast-schema-graph\">{\"@context\":\"https:\\\/\\\/schema.org\",\"@graph\":[{\"@type\":\"WebPage\",\"@id\":\"https:\\\/\\\/tremblylaw.com\\\/es\\\/noticias\\\/christian-e-rodriguez-nombrado-socio-de-la-firma-de-abogados-trembly\\\/\",\"url\":\"https:\\\/\\\/tremblylaw.com\\\/es\\\/noticias\\\/christian-e-rodriguez-nombrado-socio-de-la-firma-de-abogados-trembly\\\/\",\"name\":\"Christian E. Rodr\u00edguez nombrado socio de la firma de abogados Trembly - Trembly Law Firm \\\"Christian E. Rodr\u00edguez nombrado socio de la firma de abogados Trembly - Firma de abogados Trembly - Abogados comerciales de Florida\\\"\",\"isPartOf\":{\"@id\":\"https:\\\/\\\/tremblylaw.com\\\/es\\\/#website\"},\"datePublished\":\"2018-05-16T17:22:51+00:00\",\"description\":\"\\\"Miami, Florida (15 de mayo de 2018) \u2014 Christian E. Rodr\u00edguez, Esq., quien se uni\u00f3 a la Firma en marzo de 2017 como Presidente del Departamento de Litigios, ha sido nombrado Socio de Trembly Law Firm. El Departamento de Litigios de la Firma experiment\u00f3 un crecimiento inmediato y r\u00e1pido despu\u00e9s de que el Sr. Rodr\u00edguez asumi\u00f3 el control del departamento. En abril de 2018, [\u2026]\\\"\",\"breadcrumb\":{\"@id\":\"https:\\\/\\\/tremblylaw.com\\\/es\\\/noticias\\\/christian-e-rodriguez-nombrado-socio-de-la-firma-de-abogados-trembly\\\/#breadcrumb\"},\"inLanguage\":\"es\",\"potentialAction\":[{\"@type\":\"ReadAction\",\"target\":[\"https:\\\/\\\/tremblylaw.com\\\/es\\\/noticias\\\/christian-e-rodriguez-nombrado-socio-de-la-firma-de-abogados-trembly\\\/\"]}]},{\"@type\":\"BreadcrumbList\",\"@id\":\"https:\\\/\\\/tremblylaw.com\\\/es\\\/noticias\\\/christian-e-rodriguez-nombrado-socio-de-la-firma-de-abogados-trembly\\\/#breadcrumb\",\"itemListElement\":[{\"@type\":\"ListItem\",\"position\":1,\"name\":\"Home\",\"item\":\"https:\\\/\\\/tremblylaw.com\\\/es\\\/\"},{\"@type\":\"ListItem\",\"position\":2,\"name\":\"Noticias\",\"item\":\"https:\\\/\\\/tremblylaw.com\\\/es\\\/noticias\\\/\"},{\"@type\":\"ListItem\",\"position\":3,\"name\":\"Christian E. Rodr\u00edguez nombrado socio de la firma de abogados Trembly\"}]},{\"@type\":\"WebSite\",\"@id\":\"https:\\\/\\\/tremblylaw.com\\\/es\\\/#website\",\"url\":\"https:\\\/\\\/tremblylaw.com\\\/es\\\/\",\"name\":\"Trembly Law Firm\",\"description\":\"\",\"publisher\":{\"@id\":\"https:\\\/\\\/tremblylaw.com\\\/es\\\/#organization\"},\"potentialAction\":[{\"@type\":\"SearchAction\",\"target\":{\"@type\":\"EntryPoint\",\"urlTemplate\":\"https:\\\/\\\/tremblylaw.com\\\/es\\\/?s={search_term_string}\"},\"query-input\":{\"@type\":\"PropertyValueSpecification\",\"valueRequired\":true,\"valueName\":\"search_term_string\"}}],\"inLanguage\":\"es\"},{\"@type\":\"Organization\",\"@id\":\"https:\\\/\\\/tremblylaw.com\\\/es\\\/#organization\",\"name\":\"Trembly Law Firm\",\"url\":\"https:\\\/\\\/tremblylaw.com\\\/es\\\/\",\"logo\":{\"@type\":\"ImageObject\",\"inLanguage\":\"es\",\"@id\":\"https:\\\/\\\/tremblylaw.com\\\/es\\\/#\\\/schema\\\/logo\\\/image\\\/\",\"url\":\"https:\\\/\\\/tremblylaw.com\\\/wp-content\\\/uploads\\\/2024\\\/07\\\/trembly_logo_dk.webp\",\"contentUrl\":\"https:\\\/\\\/tremblylaw.com\\\/wp-content\\\/uploads\\\/2024\\\/07\\\/trembly_logo_dk.webp\",\"width\":336,\"height\":96,\"caption\":\"Trembly Law Firm\"},\"image\":{\"@id\":\"https:\\\/\\\/tremblylaw.com\\\/es\\\/#\\\/schema\\\/logo\\\/image\\\/\"}}]}<\/script>\n<!-- \/ Yoast SEO plugin. -->","yoast_head_json":{"title":"Christian E. Rodr\u00edguez nombrado socio de la firma de abogados Trembly - Trembly Law Firm \"Christian E. Rodr\u00edguez nombrado socio de la firma de abogados Trembly - Firma de abogados Trembly - Abogados comerciales de Florida\"","description":"\"Miami, Florida (15 de mayo de 2018) \u2014 Christian E. Rodr\u00edguez, Esq., quien se uni\u00f3 a la Firma en marzo de 2017 como Presidente del Departamento de Litigios, ha sido nombrado Socio de Trembly Law Firm. El Departamento de Litigios de la Firma experiment\u00f3 un crecimiento inmediato y r\u00e1pido despu\u00e9s de que el Sr. Rodr\u00edguez asumi\u00f3 el control del departamento. En abril de 2018, [\u2026]\"","robots":{"index":"index","follow":"follow","max-snippet":"max-snippet:-1","max-image-preview":"max-image-preview:large","max-video-preview":"max-video-preview:-1"},"canonical":"https:\/\/tremblylaw.com\/es\/noticias\/christian-e-rodriguez-nombrado-socio-de-la-firma-de-abogados-trembly\/","og_locale":"es_ES","og_type":"article","og_title":"Christian E. Rodr\u00edguez nombrado socio de la firma de abogados Trembly - Trembly Law Firm \"Christian E. Rodr\u00edguez nombrado socio de la firma de abogados Trembly - Firma de abogados Trembly - Abogados comerciales de Florida\"","og_description":"\"Miami, Florida (15 de mayo de 2018) \u2014 Christian E. Rodr\u00edguez, Esq., quien se uni\u00f3 a la Firma en marzo de 2017 como Presidente del Departamento de Litigios, ha sido nombrado Socio de Trembly Law Firm. El Departamento de Litigios de la Firma experiment\u00f3 un crecimiento inmediato y r\u00e1pido despu\u00e9s de que el Sr. Rodr\u00edguez asumi\u00f3 el control del departamento. En abril de 2018, [\u2026]\"","og_url":"https:\/\/tremblylaw.com\/es\/noticias\/christian-e-rodriguez-nombrado-socio-de-la-firma-de-abogados-trembly\/","og_site_name":"Trembly Law Firm","twitter_card":"summary_large_image","schema":{"@context":"https:\/\/schema.org","@graph":[{"@type":"WebPage","@id":"https:\/\/tremblylaw.com\/es\/noticias\/christian-e-rodriguez-nombrado-socio-de-la-firma-de-abogados-trembly\/","url":"https:\/\/tremblylaw.com\/es\/noticias\/christian-e-rodriguez-nombrado-socio-de-la-firma-de-abogados-trembly\/","name":"Christian E. Rodr\u00edguez nombrado socio de la firma de abogados Trembly - Trembly Law Firm \"Christian E. Rodr\u00edguez nombrado socio de la firma de abogados Trembly - Firma de abogados Trembly - Abogados comerciales de Florida\"","isPartOf":{"@id":"https:\/\/tremblylaw.com\/es\/#website"},"datePublished":"2018-05-16T17:22:51+00:00","description":"\"Miami, Florida (15 de mayo de 2018) \u2014 Christian E. Rodr\u00edguez, Esq., quien se uni\u00f3 a la Firma en marzo de 2017 como Presidente del Departamento de Litigios, ha sido nombrado Socio de Trembly Law Firm. El Departamento de Litigios de la Firma experiment\u00f3 un crecimiento inmediato y r\u00e1pido despu\u00e9s de que el Sr. Rodr\u00edguez asumi\u00f3 el control del departamento. En abril de 2018, [\u2026]\"","breadcrumb":{"@id":"https:\/\/tremblylaw.com\/es\/noticias\/christian-e-rodriguez-nombrado-socio-de-la-firma-de-abogados-trembly\/#breadcrumb"},"inLanguage":"es","potentialAction":[{"@type":"ReadAction","target":["https:\/\/tremblylaw.com\/es\/noticias\/christian-e-rodriguez-nombrado-socio-de-la-firma-de-abogados-trembly\/"]}]},{"@type":"BreadcrumbList","@id":"https:\/\/tremblylaw.com\/es\/noticias\/christian-e-rodriguez-nombrado-socio-de-la-firma-de-abogados-trembly\/#breadcrumb","itemListElement":[{"@type":"ListItem","position":1,"name":"Home","item":"https:\/\/tremblylaw.com\/es\/"},{"@type":"ListItem","position":2,"name":"Noticias","item":"https:\/\/tremblylaw.com\/es\/noticias\/"},{"@type":"ListItem","position":3,"name":"Christian E. Rodr\u00edguez nombrado socio de la firma de abogados Trembly"}]},{"@type":"WebSite","@id":"https:\/\/tremblylaw.com\/es\/#website","url":"https:\/\/tremblylaw.com\/es\/","name":"Trembly Law Firm","description":"","publisher":{"@id":"https:\/\/tremblylaw.com\/es\/#organization"},"potentialAction":[{"@type":"SearchAction","target":{"@type":"EntryPoint","urlTemplate":"https:\/\/tremblylaw.com\/es\/?s={search_term_string}"},"query-input":{"@type":"PropertyValueSpecification","valueRequired":true,"valueName":"search_term_string"}}],"inLanguage":"es"},{"@type":"Organization","@id":"https:\/\/tremblylaw.com\/es\/#organization","name":"Trembly Law Firm","url":"https:\/\/tremblylaw.com\/es\/","logo":{"@type":"ImageObject","inLanguage":"es","@id":"https:\/\/tremblylaw.com\/es\/#\/schema\/logo\/image\/","url":"https:\/\/tremblylaw.com\/wp-content\/uploads\/2024\/07\/trembly_logo_dk.webp","contentUrl":"https:\/\/tremblylaw.com\/wp-content\/uploads\/2024\/07\/trembly_logo_dk.webp","width":336,"height":96,"caption":"Trembly Law Firm"},"image":{"@id":"https:\/\/tremblylaw.com\/es\/#\/schema\/logo\/image\/"}}]}},"_links":{"self":[{"href":"https:\/\/tremblylaw.com\/es\/wp-json\/wp\/v2\/pages\/7997","targetHints":{"allow":["GET"]}}],"collection":[{"href":"https:\/\/tremblylaw.com\/es\/wp-json\/wp\/v2\/pages"}],"about":[{"href":"https:\/\/tremblylaw.com\/es\/wp-json\/wp\/v2\/types\/page"}],"author":[{"embeddable":true,"href":"https:\/\/tremblylaw.com\/es\/wp-json\/wp\/v2\/users\/7"}],"replies":[{"embeddable":true,"href":"https:\/\/tremblylaw.com\/es\/wp-json\/wp\/v2\/comments?post=7997"}],"version-history":[{"count":0,"href":"https:\/\/tremblylaw.com\/es\/wp-json\/wp\/v2\/pages\/7997\/revisions"}],"up":[{"embeddable":true,"href":"https:\/\/tremblylaw.com\/es\/wp-json\/wp\/v2\/pages\/7975"}],"wp:attachment":[{"href":"https:\/\/tremblylaw.com\/es\/wp-json\/wp\/v2\/media?parent=7997"}],"curies":[{"name":"wp","href":"https:\/\/api.w.org\/{rel}","templated":true}]}}