{"id":8000,"date":"2022-07-07T10:45:49","date_gmt":"2022-07-07T15:45:49","guid":{"rendered":"https:\/\/trembly-jem.local\/proteja-su-negocio-con-contratos-mas-solidos\/"},"modified":"2024-09-30T16:45:32","modified_gmt":"2024-09-30T21:45:32","slug":"proteja-su-negocio-con-contratos-mas-solidos","status":"publish","type":"page","link":"https:\/\/tremblylaw.com\/es\/proteja-su-negocio-con-contratos-mas-solidos\/","title":{"rendered":"Proteja su negocio con contratos m\u00e1s s\u00f3lidos"},"content":{"rendered":"","protected":false},"excerpt":{"rendered":"<p>&#8230;<\/p>\n","protected":false},"author":7,"featured_media":7438,"parent":0,"menu_order":0,"comment_status":"closed","ping_status":"closed","template":"","meta":{"_acf_changed":false,"footnotes":""},"class_list":["post-8000","page","type-page","status-publish","has-post-thumbnail","hentry"],"acf":[],"yoast_head":"<!-- This site is optimized with the Yoast SEO plugin v27.4 - https:\/\/yoast.com\/product\/yoast-seo-wordpress\/ -->\n<title>Proteja su negocio con contratos m\u00e1s s\u00f3lidos - Trembly Law Firm &quot;Proteja su negocio con contratos m\u00e1s s\u00f3lidos - Bufete de abogados Trembly - Abogados comerciales de Florida&quot;<\/title>\n<meta name=\"description\" content=\"&quot;Proteja su negocio con contratos m\u00e1s s\u00f3lidos Descargar \u2013 Contratos m\u00e1s s\u00f3lidos \/ 5 cl\u00e1usulas esenciales \u0394 Nombre Apellido Correo electr\u00f3nico Tel\u00e9fono \u00bfC\u00f3mo se enter\u00f3 de nosotros? Referencia B\u00fasqueda en Internet Correo electr\u00f3nico \u00a1DESCARGUE COPIA DIGITAL! Los contratos s\u00f3lidos son la base de cualquier negocio. Descargue hoy nuestro recurso gratuito para obtener consejos pr\u00e1cticos que har\u00e1n que sus contratos [\u2026]&quot;\" \/>\n<meta name=\"robots\" content=\"index, follow, max-snippet:-1, max-image-preview:large, max-video-preview:-1\" \/>\n<link rel=\"canonical\" href=\"https:\/\/tremblylaw.com\/es\/proteja-su-negocio-con-contratos-mas-solidos\/\" \/>\n<meta property=\"og:locale\" content=\"es_ES\" \/>\n<meta property=\"og:type\" content=\"article\" \/>\n<meta property=\"og:title\" content=\"Proteja su negocio con contratos m\u00e1s s\u00f3lidos - Trembly Law Firm &quot;Proteja su negocio con contratos m\u00e1s s\u00f3lidos - Bufete de abogados Trembly - Abogados comerciales de Florida&quot;\" \/>\n<meta property=\"og:description\" content=\"&quot;Proteja su negocio con contratos m\u00e1s s\u00f3lidos Descargar \u2013 Contratos m\u00e1s s\u00f3lidos \/ 5 cl\u00e1usulas esenciales \u0394 Nombre Apellido Correo electr\u00f3nico Tel\u00e9fono \u00bfC\u00f3mo se enter\u00f3 de nosotros? Referencia B\u00fasqueda en Internet Correo electr\u00f3nico \u00a1DESCARGUE COPIA DIGITAL! Los contratos s\u00f3lidos son la base de cualquier negocio. Descargue hoy nuestro recurso gratuito para obtener consejos pr\u00e1cticos que har\u00e1n que sus contratos [\u2026]&quot;\" \/>\n<meta property=\"og:url\" content=\"https:\/\/tremblylaw.com\/es\/proteja-su-negocio-con-contratos-mas-solidos\/\" \/>\n<meta property=\"og:site_name\" content=\"Trembly Law Firm\" \/>\n<meta property=\"article:modified_time\" content=\"2024-09-30T21:45:32+00:00\" \/>\n<meta property=\"og:image\" content=\"https:\/\/tremblylaw.com\/wp-content\/uploads\/2024\/08\/IT-WAS-A-300x169-1.jpg\" \/>\n\t<meta property=\"og:image:width\" content=\"300\" \/>\n\t<meta property=\"og:image:height\" content=\"169\" \/>\n\t<meta property=\"og:image:type\" content=\"image\/jpeg\" \/>\n<meta name=\"twitter:card\" content=\"summary_large_image\" \/>\n<meta name=\"twitter:label1\" content=\"Tiempo de lectura\" \/>\n\t<meta name=\"twitter:data1\" content=\"1 minuto\" \/>\n<script type=\"application\/ld+json\" class=\"yoast-schema-graph\">{\"@context\":\"https:\\\/\\\/schema.org\",\"@graph\":[{\"@type\":\"WebPage\",\"@id\":\"https:\\\/\\\/tremblylaw.com\\\/es\\\/proteja-su-negocio-con-contratos-mas-solidos\\\/\",\"url\":\"https:\\\/\\\/tremblylaw.com\\\/es\\\/proteja-su-negocio-con-contratos-mas-solidos\\\/\",\"name\":\"Proteja su negocio con contratos m\u00e1s s\u00f3lidos - Trembly Law Firm \\\"Proteja su negocio con contratos m\u00e1s s\u00f3lidos - Bufete de abogados Trembly - Abogados comerciales de Florida\\\"\",\"isPartOf\":{\"@id\":\"https:\\\/\\\/tremblylaw.com\\\/es\\\/#website\"},\"primaryImageOfPage\":{\"@id\":\"https:\\\/\\\/tremblylaw.com\\\/es\\\/proteja-su-negocio-con-contratos-mas-solidos\\\/#primaryimage\"},\"image\":{\"@id\":\"https:\\\/\\\/tremblylaw.com\\\/es\\\/proteja-su-negocio-con-contratos-mas-solidos\\\/#primaryimage\"},\"thumbnailUrl\":\"https:\\\/\\\/tremblylaw.com\\\/wp-content\\\/uploads\\\/2024\\\/08\\\/IT-WAS-A-300x169-1.jpg\",\"datePublished\":\"2022-07-07T15:45:49+00:00\",\"dateModified\":\"2024-09-30T21:45:32+00:00\",\"description\":\"\\\"Proteja su negocio con contratos m\u00e1s s\u00f3lidos Descargar \u2013 Contratos m\u00e1s s\u00f3lidos \\\/ 5 cl\u00e1usulas esenciales \u0394 Nombre Apellido Correo electr\u00f3nico Tel\u00e9fono \u00bfC\u00f3mo se enter\u00f3 de nosotros? Referencia B\u00fasqueda en Internet Correo electr\u00f3nico \u00a1DESCARGUE COPIA DIGITAL! Los contratos s\u00f3lidos son la base de cualquier negocio. Descargue hoy nuestro recurso gratuito para obtener consejos pr\u00e1cticos que har\u00e1n que sus contratos [\u2026]\\\"\",\"breadcrumb\":{\"@id\":\"https:\\\/\\\/tremblylaw.com\\\/es\\\/proteja-su-negocio-con-contratos-mas-solidos\\\/#breadcrumb\"},\"inLanguage\":\"es\",\"potentialAction\":[{\"@type\":\"ReadAction\",\"target\":[\"https:\\\/\\\/tremblylaw.com\\\/es\\\/proteja-su-negocio-con-contratos-mas-solidos\\\/\"]}]},{\"@type\":\"ImageObject\",\"inLanguage\":\"es\",\"@id\":\"https:\\\/\\\/tremblylaw.com\\\/es\\\/proteja-su-negocio-con-contratos-mas-solidos\\\/#primaryimage\",\"url\":\"https:\\\/\\\/tremblylaw.com\\\/wp-content\\\/uploads\\\/2024\\\/08\\\/IT-WAS-A-300x169-1.jpg\",\"contentUrl\":\"https:\\\/\\\/tremblylaw.com\\\/wp-content\\\/uploads\\\/2024\\\/08\\\/IT-WAS-A-300x169-1.jpg\",\"width\":300,\"height\":169},{\"@type\":\"BreadcrumbList\",\"@id\":\"https:\\\/\\\/tremblylaw.com\\\/es\\\/proteja-su-negocio-con-contratos-mas-solidos\\\/#breadcrumb\",\"itemListElement\":[{\"@type\":\"ListItem\",\"position\":1,\"name\":\"Home\",\"item\":\"https:\\\/\\\/tremblylaw.com\\\/es\\\/\"},{\"@type\":\"ListItem\",\"position\":2,\"name\":\"Proteja su negocio con contratos m\u00e1s s\u00f3lidos\"}]},{\"@type\":\"WebSite\",\"@id\":\"https:\\\/\\\/tremblylaw.com\\\/es\\\/#website\",\"url\":\"https:\\\/\\\/tremblylaw.com\\\/es\\\/\",\"name\":\"Trembly Law Firm\",\"description\":\"\",\"publisher\":{\"@id\":\"https:\\\/\\\/tremblylaw.com\\\/es\\\/#organization\"},\"potentialAction\":[{\"@type\":\"SearchAction\",\"target\":{\"@type\":\"EntryPoint\",\"urlTemplate\":\"https:\\\/\\\/tremblylaw.com\\\/es\\\/?s={search_term_string}\"},\"query-input\":{\"@type\":\"PropertyValueSpecification\",\"valueRequired\":true,\"valueName\":\"search_term_string\"}}],\"inLanguage\":\"es\"},{\"@type\":\"Organization\",\"@id\":\"https:\\\/\\\/tremblylaw.com\\\/es\\\/#organization\",\"name\":\"Trembly Law Firm\",\"url\":\"https:\\\/\\\/tremblylaw.com\\\/es\\\/\",\"logo\":{\"@type\":\"ImageObject\",\"inLanguage\":\"es\",\"@id\":\"https:\\\/\\\/tremblylaw.com\\\/es\\\/#\\\/schema\\\/logo\\\/image\\\/\",\"url\":\"https:\\\/\\\/tremblylaw.com\\\/wp-content\\\/uploads\\\/2024\\\/07\\\/trembly_logo_dk.webp\",\"contentUrl\":\"https:\\\/\\\/tremblylaw.com\\\/wp-content\\\/uploads\\\/2024\\\/07\\\/trembly_logo_dk.webp\",\"width\":336,\"height\":96,\"caption\":\"Trembly Law Firm\"},\"image\":{\"@id\":\"https:\\\/\\\/tremblylaw.com\\\/es\\\/#\\\/schema\\\/logo\\\/image\\\/\"}}]}<\/script>\n<!-- \/ Yoast SEO plugin. -->","yoast_head_json":{"title":"Proteja su negocio con contratos m\u00e1s s\u00f3lidos - Trembly Law Firm \"Proteja su negocio con contratos m\u00e1s s\u00f3lidos - Bufete de abogados Trembly - Abogados comerciales de Florida\"","description":"\"Proteja su negocio con contratos m\u00e1s s\u00f3lidos Descargar \u2013 Contratos m\u00e1s s\u00f3lidos \/ 5 cl\u00e1usulas esenciales \u0394 Nombre Apellido Correo electr\u00f3nico Tel\u00e9fono \u00bfC\u00f3mo se enter\u00f3 de nosotros? Referencia B\u00fasqueda en Internet Correo electr\u00f3nico \u00a1DESCARGUE COPIA DIGITAL! Los contratos s\u00f3lidos son la base de cualquier negocio. Descargue hoy nuestro recurso gratuito para obtener consejos pr\u00e1cticos que har\u00e1n que sus contratos [\u2026]\"","robots":{"index":"index","follow":"follow","max-snippet":"max-snippet:-1","max-image-preview":"max-image-preview:large","max-video-preview":"max-video-preview:-1"},"canonical":"https:\/\/tremblylaw.com\/es\/proteja-su-negocio-con-contratos-mas-solidos\/","og_locale":"es_ES","og_type":"article","og_title":"Proteja su negocio con contratos m\u00e1s s\u00f3lidos - Trembly Law Firm \"Proteja su negocio con contratos m\u00e1s s\u00f3lidos - Bufete de abogados Trembly - Abogados comerciales de Florida\"","og_description":"\"Proteja su negocio con contratos m\u00e1s s\u00f3lidos Descargar \u2013 Contratos m\u00e1s s\u00f3lidos \/ 5 cl\u00e1usulas esenciales \u0394 Nombre Apellido Correo electr\u00f3nico Tel\u00e9fono \u00bfC\u00f3mo se enter\u00f3 de nosotros? Referencia B\u00fasqueda en Internet Correo electr\u00f3nico \u00a1DESCARGUE COPIA DIGITAL! Los contratos s\u00f3lidos son la base de cualquier negocio. Descargue hoy nuestro recurso gratuito para obtener consejos pr\u00e1cticos que har\u00e1n que sus contratos [\u2026]\"","og_url":"https:\/\/tremblylaw.com\/es\/proteja-su-negocio-con-contratos-mas-solidos\/","og_site_name":"Trembly Law Firm","article_modified_time":"2024-09-30T21:45:32+00:00","og_image":[{"width":300,"height":169,"url":"https:\/\/tremblylaw.com\/wp-content\/uploads\/2024\/08\/IT-WAS-A-300x169-1.jpg","type":"image\/jpeg"}],"twitter_card":"summary_large_image","twitter_misc":{"Tiempo de lectura":"1 minuto"},"schema":{"@context":"https:\/\/schema.org","@graph":[{"@type":"WebPage","@id":"https:\/\/tremblylaw.com\/es\/proteja-su-negocio-con-contratos-mas-solidos\/","url":"https:\/\/tremblylaw.com\/es\/proteja-su-negocio-con-contratos-mas-solidos\/","name":"Proteja su negocio con contratos m\u00e1s s\u00f3lidos - Trembly Law Firm \"Proteja su negocio con contratos m\u00e1s s\u00f3lidos - Bufete de abogados Trembly - Abogados comerciales de Florida\"","isPartOf":{"@id":"https:\/\/tremblylaw.com\/es\/#website"},"primaryImageOfPage":{"@id":"https:\/\/tremblylaw.com\/es\/proteja-su-negocio-con-contratos-mas-solidos\/#primaryimage"},"image":{"@id":"https:\/\/tremblylaw.com\/es\/proteja-su-negocio-con-contratos-mas-solidos\/#primaryimage"},"thumbnailUrl":"https:\/\/tremblylaw.com\/wp-content\/uploads\/2024\/08\/IT-WAS-A-300x169-1.jpg","datePublished":"2022-07-07T15:45:49+00:00","dateModified":"2024-09-30T21:45:32+00:00","description":"\"Proteja su negocio con contratos m\u00e1s s\u00f3lidos Descargar \u2013 Contratos m\u00e1s s\u00f3lidos \/ 5 cl\u00e1usulas esenciales \u0394 Nombre Apellido Correo electr\u00f3nico Tel\u00e9fono \u00bfC\u00f3mo se enter\u00f3 de nosotros? Referencia B\u00fasqueda en Internet Correo electr\u00f3nico \u00a1DESCARGUE COPIA DIGITAL! Los contratos s\u00f3lidos son la base de cualquier negocio. Descargue hoy nuestro recurso gratuito para obtener consejos pr\u00e1cticos que har\u00e1n que sus contratos [\u2026]\"","breadcrumb":{"@id":"https:\/\/tremblylaw.com\/es\/proteja-su-negocio-con-contratos-mas-solidos\/#breadcrumb"},"inLanguage":"es","potentialAction":[{"@type":"ReadAction","target":["https:\/\/tremblylaw.com\/es\/proteja-su-negocio-con-contratos-mas-solidos\/"]}]},{"@type":"ImageObject","inLanguage":"es","@id":"https:\/\/tremblylaw.com\/es\/proteja-su-negocio-con-contratos-mas-solidos\/#primaryimage","url":"https:\/\/tremblylaw.com\/wp-content\/uploads\/2024\/08\/IT-WAS-A-300x169-1.jpg","contentUrl":"https:\/\/tremblylaw.com\/wp-content\/uploads\/2024\/08\/IT-WAS-A-300x169-1.jpg","width":300,"height":169},{"@type":"BreadcrumbList","@id":"https:\/\/tremblylaw.com\/es\/proteja-su-negocio-con-contratos-mas-solidos\/#breadcrumb","itemListElement":[{"@type":"ListItem","position":1,"name":"Home","item":"https:\/\/tremblylaw.com\/es\/"},{"@type":"ListItem","position":2,"name":"Proteja su negocio con contratos m\u00e1s s\u00f3lidos"}]},{"@type":"WebSite","@id":"https:\/\/tremblylaw.com\/es\/#website","url":"https:\/\/tremblylaw.com\/es\/","name":"Trembly Law Firm","description":"","publisher":{"@id":"https:\/\/tremblylaw.com\/es\/#organization"},"potentialAction":[{"@type":"SearchAction","target":{"@type":"EntryPoint","urlTemplate":"https:\/\/tremblylaw.com\/es\/?s={search_term_string}"},"query-input":{"@type":"PropertyValueSpecification","valueRequired":true,"valueName":"search_term_string"}}],"inLanguage":"es"},{"@type":"Organization","@id":"https:\/\/tremblylaw.com\/es\/#organization","name":"Trembly Law Firm","url":"https:\/\/tremblylaw.com\/es\/","logo":{"@type":"ImageObject","inLanguage":"es","@id":"https:\/\/tremblylaw.com\/es\/#\/schema\/logo\/image\/","url":"https:\/\/tremblylaw.com\/wp-content\/uploads\/2024\/07\/trembly_logo_dk.webp","contentUrl":"https:\/\/tremblylaw.com\/wp-content\/uploads\/2024\/07\/trembly_logo_dk.webp","width":336,"height":96,"caption":"Trembly Law Firm"},"image":{"@id":"https:\/\/tremblylaw.com\/es\/#\/schema\/logo\/image\/"}}]}},"_links":{"self":[{"href":"https:\/\/tremblylaw.com\/es\/wp-json\/wp\/v2\/pages\/8000","targetHints":{"allow":["GET"]}}],"collection":[{"href":"https:\/\/tremblylaw.com\/es\/wp-json\/wp\/v2\/pages"}],"about":[{"href":"https:\/\/tremblylaw.com\/es\/wp-json\/wp\/v2\/types\/page"}],"author":[{"embeddable":true,"href":"https:\/\/tremblylaw.com\/es\/wp-json\/wp\/v2\/users\/7"}],"replies":[{"embeddable":true,"href":"https:\/\/tremblylaw.com\/es\/wp-json\/wp\/v2\/comments?post=8000"}],"version-history":[{"count":0,"href":"https:\/\/tremblylaw.com\/es\/wp-json\/wp\/v2\/pages\/8000\/revisions"}],"wp:featuredmedia":[{"embeddable":true,"href":"https:\/\/tremblylaw.com\/es\/wp-json\/wp\/v2\/media\/7438"}],"wp:attachment":[{"href":"https:\/\/tremblylaw.com\/es\/wp-json\/wp\/v2\/media?parent=8000"}],"curies":[{"name":"wp","href":"https:\/\/api.w.org\/{rel}","templated":true}]}}