{"id":8002,"date":"2022-09-30T11:03:17","date_gmt":"2022-09-30T16:03:17","guid":{"rendered":"https:\/\/trembly-jem.local\/preguntas-frecuentes-sobre-casos-flsa\/"},"modified":"2024-09-24T15:39:21","modified_gmt":"2024-09-24T20:39:21","slug":"preguntas-frecuentes-sobre-casos-flsa","status":"publish","type":"page","link":"https:\/\/tremblylaw.com\/es\/preguntas-frecuentes-sobre-casos-flsa\/","title":{"rendered":"Preguntas frecuentes sobre casos FLSA"},"content":{"rendered":"","protected":false},"excerpt":{"rendered":"<p>&#8230;<\/p>\n","protected":false},"author":7,"featured_media":7295,"parent":0,"menu_order":0,"comment_status":"closed","ping_status":"closed","template":"","meta":{"_acf_changed":false,"footnotes":""},"class_list":["post-8002","page","type-page","status-publish","has-post-thumbnail","hentry"],"acf":[],"yoast_head":"<!-- This site is optimized with the Yoast SEO plugin v27.3 - https:\/\/yoast.com\/product\/yoast-seo-wordpress\/ -->\n<title>Preguntas frecuentes sobre casos FLSA - Trembly Law Firm &quot;Preguntas frecuentes sobre casos de la FLSA - Bufete de abogados Trembly - Abogados comerciales de Florida&quot;<\/title>\n<meta name=\"description\" content=\"&quot;Negocios | Franquicias | Empleo | Litigios Preguntas frecuentes sobre casos de la FLSA Preguntas frecuentes sobre casos de la FLSA S\u00edganos en las redes sociales Facebook Twitter Instagram LinkedIn YouTube Nombre Apellido Correo electr\u00f3nico Tel\u00e9fono \u00bfC\u00f3mo se enter\u00f3 de nosotros? Seleccione \u2013ReferenciaB\u00fasqueda en InternetCorreo electr\u00f3nicoEnviar S\u00edganos en las redes sociales Facebook Twitter Instagram Linkedin Youtube&quot;\" \/>\n<meta name=\"robots\" content=\"index, follow, max-snippet:-1, max-image-preview:large, max-video-preview:-1\" \/>\n<link rel=\"canonical\" href=\"https:\/\/tremblylaw.com\/es\/preguntas-frecuentes-sobre-casos-flsa\/\" \/>\n<meta property=\"og:locale\" content=\"es_ES\" \/>\n<meta property=\"og:type\" content=\"article\" \/>\n<meta property=\"og:title\" content=\"Preguntas frecuentes sobre casos FLSA - Trembly Law Firm &quot;Preguntas frecuentes sobre casos de la FLSA - Bufete de abogados Trembly - Abogados comerciales de Florida&quot;\" \/>\n<meta property=\"og:description\" content=\"&quot;Negocios | Franquicias | Empleo | Litigios Preguntas frecuentes sobre casos de la FLSA Preguntas frecuentes sobre casos de la FLSA S\u00edganos en las redes sociales Facebook Twitter Instagram LinkedIn YouTube Nombre Apellido Correo electr\u00f3nico Tel\u00e9fono \u00bfC\u00f3mo se enter\u00f3 de nosotros? Seleccione \u2013ReferenciaB\u00fasqueda en InternetCorreo electr\u00f3nicoEnviar S\u00edganos en las redes sociales Facebook Twitter Instagram Linkedin Youtube&quot;\" \/>\n<meta property=\"og:url\" content=\"https:\/\/tremblylaw.com\/es\/preguntas-frecuentes-sobre-casos-flsa\/\" \/>\n<meta property=\"og:site_name\" content=\"Trembly Law Firm\" \/>\n<meta property=\"article:modified_time\" content=\"2024-09-24T20:39:21+00:00\" \/>\n<meta property=\"og:image\" content=\"https:\/\/tremblylaw.com\/wp-content\/uploads\/2024\/08\/TLF-LOGO-square-768x768-1-300x300-2.png\" \/>\n\t<meta property=\"og:image:width\" content=\"300\" \/>\n\t<meta property=\"og:image:height\" content=\"300\" \/>\n\t<meta property=\"og:image:type\" content=\"image\/png\" \/>\n<meta name=\"twitter:card\" content=\"summary_large_image\" \/>\n<meta name=\"twitter:label1\" content=\"Tiempo de lectura\" \/>\n\t<meta name=\"twitter:data1\" content=\"1 minuto\" \/>\n<script type=\"application\/ld+json\" class=\"yoast-schema-graph\">{\"@context\":\"https:\\\/\\\/schema.org\",\"@graph\":[{\"@type\":\"WebPage\",\"@id\":\"https:\\\/\\\/tremblylaw.com\\\/es\\\/preguntas-frecuentes-sobre-casos-flsa\\\/\",\"url\":\"https:\\\/\\\/tremblylaw.com\\\/es\\\/preguntas-frecuentes-sobre-casos-flsa\\\/\",\"name\":\"Preguntas frecuentes sobre casos FLSA - Trembly Law Firm \\\"Preguntas frecuentes sobre casos de la FLSA - Bufete de abogados Trembly - Abogados comerciales de Florida\\\"\",\"isPartOf\":{\"@id\":\"https:\\\/\\\/tremblylaw.com\\\/es\\\/#website\"},\"primaryImageOfPage\":{\"@id\":\"https:\\\/\\\/tremblylaw.com\\\/es\\\/preguntas-frecuentes-sobre-casos-flsa\\\/#primaryimage\"},\"image\":{\"@id\":\"https:\\\/\\\/tremblylaw.com\\\/es\\\/preguntas-frecuentes-sobre-casos-flsa\\\/#primaryimage\"},\"thumbnailUrl\":\"https:\\\/\\\/tremblylaw.com\\\/wp-content\\\/uploads\\\/2024\\\/08\\\/TLF-LOGO-square-768x768-1-300x300-2.png\",\"datePublished\":\"2022-09-30T16:03:17+00:00\",\"dateModified\":\"2024-09-24T20:39:21+00:00\",\"description\":\"\\\"Negocios | Franquicias | Empleo | Litigios Preguntas frecuentes sobre casos de la FLSA Preguntas frecuentes sobre casos de la FLSA S\u00edganos en las redes sociales Facebook Twitter Instagram LinkedIn YouTube Nombre Apellido Correo electr\u00f3nico Tel\u00e9fono \u00bfC\u00f3mo se enter\u00f3 de nosotros? Seleccione \u2013ReferenciaB\u00fasqueda en InternetCorreo electr\u00f3nicoEnviar S\u00edganos en las redes sociales Facebook Twitter Instagram Linkedin Youtube\\\"\",\"breadcrumb\":{\"@id\":\"https:\\\/\\\/tremblylaw.com\\\/es\\\/preguntas-frecuentes-sobre-casos-flsa\\\/#breadcrumb\"},\"inLanguage\":\"es\",\"potentialAction\":[{\"@type\":\"ReadAction\",\"target\":[\"https:\\\/\\\/tremblylaw.com\\\/es\\\/preguntas-frecuentes-sobre-casos-flsa\\\/\"]}]},{\"@type\":\"ImageObject\",\"inLanguage\":\"es\",\"@id\":\"https:\\\/\\\/tremblylaw.com\\\/es\\\/preguntas-frecuentes-sobre-casos-flsa\\\/#primaryimage\",\"url\":\"https:\\\/\\\/tremblylaw.com\\\/wp-content\\\/uploads\\\/2024\\\/08\\\/TLF-LOGO-square-768x768-1-300x300-2.png\",\"contentUrl\":\"https:\\\/\\\/tremblylaw.com\\\/wp-content\\\/uploads\\\/2024\\\/08\\\/TLF-LOGO-square-768x768-1-300x300-2.png\",\"width\":300,\"height\":300},{\"@type\":\"BreadcrumbList\",\"@id\":\"https:\\\/\\\/tremblylaw.com\\\/es\\\/preguntas-frecuentes-sobre-casos-flsa\\\/#breadcrumb\",\"itemListElement\":[{\"@type\":\"ListItem\",\"position\":1,\"name\":\"Home\",\"item\":\"https:\\\/\\\/tremblylaw.com\\\/es\\\/\"},{\"@type\":\"ListItem\",\"position\":2,\"name\":\"Preguntas frecuentes sobre casos FLSA\"}]},{\"@type\":\"WebSite\",\"@id\":\"https:\\\/\\\/tremblylaw.com\\\/es\\\/#website\",\"url\":\"https:\\\/\\\/tremblylaw.com\\\/es\\\/\",\"name\":\"Trembly Law Firm\",\"description\":\"\",\"publisher\":{\"@id\":\"https:\\\/\\\/tremblylaw.com\\\/es\\\/#organization\"},\"potentialAction\":[{\"@type\":\"SearchAction\",\"target\":{\"@type\":\"EntryPoint\",\"urlTemplate\":\"https:\\\/\\\/tremblylaw.com\\\/es\\\/?s={search_term_string}\"},\"query-input\":{\"@type\":\"PropertyValueSpecification\",\"valueRequired\":true,\"valueName\":\"search_term_string\"}}],\"inLanguage\":\"es\"},{\"@type\":\"Organization\",\"@id\":\"https:\\\/\\\/tremblylaw.com\\\/es\\\/#organization\",\"name\":\"Trembly Law Firm\",\"url\":\"https:\\\/\\\/tremblylaw.com\\\/es\\\/\",\"logo\":{\"@type\":\"ImageObject\",\"inLanguage\":\"es\",\"@id\":\"https:\\\/\\\/tremblylaw.com\\\/es\\\/#\\\/schema\\\/logo\\\/image\\\/\",\"url\":\"https:\\\/\\\/tremblylaw.com\\\/wp-content\\\/uploads\\\/2024\\\/07\\\/trembly_logo_dk.webp\",\"contentUrl\":\"https:\\\/\\\/tremblylaw.com\\\/wp-content\\\/uploads\\\/2024\\\/07\\\/trembly_logo_dk.webp\",\"width\":336,\"height\":96,\"caption\":\"Trembly Law Firm\"},\"image\":{\"@id\":\"https:\\\/\\\/tremblylaw.com\\\/es\\\/#\\\/schema\\\/logo\\\/image\\\/\"}}]}<\/script>\n<!-- \/ Yoast SEO plugin. -->","yoast_head_json":{"title":"Preguntas frecuentes sobre casos FLSA - Trembly Law Firm \"Preguntas frecuentes sobre casos de la FLSA - Bufete de abogados Trembly - Abogados comerciales de Florida\"","description":"\"Negocios | Franquicias | Empleo | Litigios Preguntas frecuentes sobre casos de la FLSA Preguntas frecuentes sobre casos de la FLSA S\u00edganos en las redes sociales Facebook Twitter Instagram LinkedIn YouTube Nombre Apellido Correo electr\u00f3nico Tel\u00e9fono \u00bfC\u00f3mo se enter\u00f3 de nosotros? Seleccione \u2013ReferenciaB\u00fasqueda en InternetCorreo electr\u00f3nicoEnviar S\u00edganos en las redes sociales Facebook Twitter Instagram Linkedin Youtube\"","robots":{"index":"index","follow":"follow","max-snippet":"max-snippet:-1","max-image-preview":"max-image-preview:large","max-video-preview":"max-video-preview:-1"},"canonical":"https:\/\/tremblylaw.com\/es\/preguntas-frecuentes-sobre-casos-flsa\/","og_locale":"es_ES","og_type":"article","og_title":"Preguntas frecuentes sobre casos FLSA - Trembly Law Firm \"Preguntas frecuentes sobre casos de la FLSA - Bufete de abogados Trembly - Abogados comerciales de Florida\"","og_description":"\"Negocios | Franquicias | Empleo | Litigios Preguntas frecuentes sobre casos de la FLSA Preguntas frecuentes sobre casos de la FLSA S\u00edganos en las redes sociales Facebook Twitter Instagram LinkedIn YouTube Nombre Apellido Correo electr\u00f3nico Tel\u00e9fono \u00bfC\u00f3mo se enter\u00f3 de nosotros? Seleccione \u2013ReferenciaB\u00fasqueda en InternetCorreo electr\u00f3nicoEnviar S\u00edganos en las redes sociales Facebook Twitter Instagram Linkedin Youtube\"","og_url":"https:\/\/tremblylaw.com\/es\/preguntas-frecuentes-sobre-casos-flsa\/","og_site_name":"Trembly Law Firm","article_modified_time":"2024-09-24T20:39:21+00:00","og_image":[{"width":300,"height":300,"url":"https:\/\/tremblylaw.com\/wp-content\/uploads\/2024\/08\/TLF-LOGO-square-768x768-1-300x300-2.png","type":"image\/png"}],"twitter_card":"summary_large_image","twitter_misc":{"Tiempo de lectura":"1 minuto"},"schema":{"@context":"https:\/\/schema.org","@graph":[{"@type":"WebPage","@id":"https:\/\/tremblylaw.com\/es\/preguntas-frecuentes-sobre-casos-flsa\/","url":"https:\/\/tremblylaw.com\/es\/preguntas-frecuentes-sobre-casos-flsa\/","name":"Preguntas frecuentes sobre casos FLSA - Trembly Law Firm \"Preguntas frecuentes sobre casos de la FLSA - Bufete de abogados Trembly - Abogados comerciales de Florida\"","isPartOf":{"@id":"https:\/\/tremblylaw.com\/es\/#website"},"primaryImageOfPage":{"@id":"https:\/\/tremblylaw.com\/es\/preguntas-frecuentes-sobre-casos-flsa\/#primaryimage"},"image":{"@id":"https:\/\/tremblylaw.com\/es\/preguntas-frecuentes-sobre-casos-flsa\/#primaryimage"},"thumbnailUrl":"https:\/\/tremblylaw.com\/wp-content\/uploads\/2024\/08\/TLF-LOGO-square-768x768-1-300x300-2.png","datePublished":"2022-09-30T16:03:17+00:00","dateModified":"2024-09-24T20:39:21+00:00","description":"\"Negocios | Franquicias | Empleo | Litigios Preguntas frecuentes sobre casos de la FLSA Preguntas frecuentes sobre casos de la FLSA S\u00edganos en las redes sociales Facebook Twitter Instagram LinkedIn YouTube Nombre Apellido Correo electr\u00f3nico Tel\u00e9fono \u00bfC\u00f3mo se enter\u00f3 de nosotros? Seleccione \u2013ReferenciaB\u00fasqueda en InternetCorreo electr\u00f3nicoEnviar S\u00edganos en las redes sociales Facebook Twitter Instagram Linkedin Youtube\"","breadcrumb":{"@id":"https:\/\/tremblylaw.com\/es\/preguntas-frecuentes-sobre-casos-flsa\/#breadcrumb"},"inLanguage":"es","potentialAction":[{"@type":"ReadAction","target":["https:\/\/tremblylaw.com\/es\/preguntas-frecuentes-sobre-casos-flsa\/"]}]},{"@type":"ImageObject","inLanguage":"es","@id":"https:\/\/tremblylaw.com\/es\/preguntas-frecuentes-sobre-casos-flsa\/#primaryimage","url":"https:\/\/tremblylaw.com\/wp-content\/uploads\/2024\/08\/TLF-LOGO-square-768x768-1-300x300-2.png","contentUrl":"https:\/\/tremblylaw.com\/wp-content\/uploads\/2024\/08\/TLF-LOGO-square-768x768-1-300x300-2.png","width":300,"height":300},{"@type":"BreadcrumbList","@id":"https:\/\/tremblylaw.com\/es\/preguntas-frecuentes-sobre-casos-flsa\/#breadcrumb","itemListElement":[{"@type":"ListItem","position":1,"name":"Home","item":"https:\/\/tremblylaw.com\/es\/"},{"@type":"ListItem","position":2,"name":"Preguntas frecuentes sobre casos FLSA"}]},{"@type":"WebSite","@id":"https:\/\/tremblylaw.com\/es\/#website","url":"https:\/\/tremblylaw.com\/es\/","name":"Trembly Law Firm","description":"","publisher":{"@id":"https:\/\/tremblylaw.com\/es\/#organization"},"potentialAction":[{"@type":"SearchAction","target":{"@type":"EntryPoint","urlTemplate":"https:\/\/tremblylaw.com\/es\/?s={search_term_string}"},"query-input":{"@type":"PropertyValueSpecification","valueRequired":true,"valueName":"search_term_string"}}],"inLanguage":"es"},{"@type":"Organization","@id":"https:\/\/tremblylaw.com\/es\/#organization","name":"Trembly Law Firm","url":"https:\/\/tremblylaw.com\/es\/","logo":{"@type":"ImageObject","inLanguage":"es","@id":"https:\/\/tremblylaw.com\/es\/#\/schema\/logo\/image\/","url":"https:\/\/tremblylaw.com\/wp-content\/uploads\/2024\/07\/trembly_logo_dk.webp","contentUrl":"https:\/\/tremblylaw.com\/wp-content\/uploads\/2024\/07\/trembly_logo_dk.webp","width":336,"height":96,"caption":"Trembly Law Firm"},"image":{"@id":"https:\/\/tremblylaw.com\/es\/#\/schema\/logo\/image\/"}}]}},"_links":{"self":[{"href":"https:\/\/tremblylaw.com\/es\/wp-json\/wp\/v2\/pages\/8002","targetHints":{"allow":["GET"]}}],"collection":[{"href":"https:\/\/tremblylaw.com\/es\/wp-json\/wp\/v2\/pages"}],"about":[{"href":"https:\/\/tremblylaw.com\/es\/wp-json\/wp\/v2\/types\/page"}],"author":[{"embeddable":true,"href":"https:\/\/tremblylaw.com\/es\/wp-json\/wp\/v2\/users\/7"}],"replies":[{"embeddable":true,"href":"https:\/\/tremblylaw.com\/es\/wp-json\/wp\/v2\/comments?post=8002"}],"version-history":[{"count":0,"href":"https:\/\/tremblylaw.com\/es\/wp-json\/wp\/v2\/pages\/8002\/revisions"}],"wp:featuredmedia":[{"embeddable":true,"href":"https:\/\/tremblylaw.com\/es\/wp-json\/wp\/v2\/media\/7295"}],"wp:attachment":[{"href":"https:\/\/tremblylaw.com\/es\/wp-json\/wp\/v2\/media?parent=8002"}],"curies":[{"name":"wp","href":"https:\/\/api.w.org\/{rel}","templated":true}]}}