{"id":8003,"date":"2023-01-18T06:23:32","date_gmt":"2023-01-18T13:23:32","guid":{"rendered":"https:\/\/trembly-jem.local\/no-sea-victima-proteja-su-negocio-de-los-ciberataques-y-el-fraude-bancario\/"},"modified":"2023-01-18T06:23:32","modified_gmt":"2023-01-18T13:23:32","slug":"no-sea-victima-proteja-su-negocio-de-los-ciberataques-y-el-fraude-bancario","status":"publish","type":"page","link":"https:\/\/tremblylaw.com\/es\/no-sea-victima-proteja-su-negocio-de-los-ciberataques-y-el-fraude-bancario\/","title":{"rendered":"No sea v\u00edctima: proteja su negocio de los ciberataques y el fraude bancario"},"content":{"rendered":"","protected":false},"excerpt":{"rendered":"<p>&#8230;<\/p>\n","protected":false},"author":7,"featured_media":0,"parent":0,"menu_order":0,"comment_status":"closed","ping_status":"closed","template":"","meta":{"_acf_changed":false,"footnotes":""},"class_list":["post-8003","page","type-page","status-publish","hentry"],"acf":[],"yoast_head":"<!-- This site is optimized with the Yoast SEO plugin v27.3 - https:\/\/yoast.com\/product\/yoast-seo-wordpress\/ -->\n<title>No sea v\u00edctima: proteja su negocio de los ciberataques y el fraude bancario - Trembly Law Firm &quot;No se convierta en v\u00edctima: proteja su empresa de los ataques cibern\u00e9ticos y el fraude bancario - Bufete de abogados Trembly - Abogados comerciales de Florida&quot;<\/title>\n<meta name=\"description\" content=\"&quot;Negocios | Franquicias | Empleo | Litigios \u00bfSab\u00edas que las peque\u00f1as empresas tienen m\u00e1s probabilidades de sufrir un ciberataque que los ciudadanos particulares? Y esto suele deberse a que los due\u00f1os de las empresas no ponen en marcha la infraestructura adecuada para detectarlo hasta que es demasiado tarde. Contacta hoy mismo a los abogados de TLF y obt\u00e9n ayuda [\u2026]&quot;\" \/>\n<meta name=\"robots\" content=\"index, follow, max-snippet:-1, max-image-preview:large, max-video-preview:-1\" \/>\n<link rel=\"canonical\" href=\"https:\/\/tremblylaw.com\/es\/no-sea-victima-proteja-su-negocio-de-los-ciberataques-y-el-fraude-bancario\/\" \/>\n<meta property=\"og:locale\" content=\"es_ES\" \/>\n<meta property=\"og:type\" content=\"article\" \/>\n<meta property=\"og:title\" content=\"No sea v\u00edctima: proteja su negocio de los ciberataques y el fraude bancario - Trembly Law Firm &quot;No se convierta en v\u00edctima: proteja su empresa de los ataques cibern\u00e9ticos y el fraude bancario - Bufete de abogados Trembly - Abogados comerciales de Florida&quot;\" \/>\n<meta property=\"og:description\" content=\"&quot;Negocios | Franquicias | Empleo | Litigios \u00bfSab\u00edas que las peque\u00f1as empresas tienen m\u00e1s probabilidades de sufrir un ciberataque que los ciudadanos particulares? Y esto suele deberse a que los due\u00f1os de las empresas no ponen en marcha la infraestructura adecuada para detectarlo hasta que es demasiado tarde. Contacta hoy mismo a los abogados de TLF y obt\u00e9n ayuda [\u2026]&quot;\" \/>\n<meta property=\"og:url\" content=\"https:\/\/tremblylaw.com\/es\/no-sea-victima-proteja-su-negocio-de-los-ciberataques-y-el-fraude-bancario\/\" \/>\n<meta property=\"og:site_name\" content=\"Trembly Law Firm\" \/>\n<meta name=\"twitter:card\" content=\"summary_large_image\" \/>\n<script type=\"application\/ld+json\" class=\"yoast-schema-graph\">{\"@context\":\"https:\\\/\\\/schema.org\",\"@graph\":[{\"@type\":\"WebPage\",\"@id\":\"https:\\\/\\\/tremblylaw.com\\\/es\\\/no-sea-victima-proteja-su-negocio-de-los-ciberataques-y-el-fraude-bancario\\\/\",\"url\":\"https:\\\/\\\/tremblylaw.com\\\/es\\\/no-sea-victima-proteja-su-negocio-de-los-ciberataques-y-el-fraude-bancario\\\/\",\"name\":\"No sea v\u00edctima: proteja su negocio de los ciberataques y el fraude bancario - Trembly Law Firm \\\"No se convierta en v\u00edctima: proteja su empresa de los ataques cibern\u00e9ticos y el fraude bancario - Bufete de abogados Trembly - Abogados comerciales de Florida\\\"\",\"isPartOf\":{\"@id\":\"https:\\\/\\\/tremblylaw.com\\\/es\\\/#website\"},\"datePublished\":\"2023-01-18T13:23:32+00:00\",\"description\":\"\\\"Negocios | Franquicias | Empleo | Litigios \u00bfSab\u00edas que las peque\u00f1as empresas tienen m\u00e1s probabilidades de sufrir un ciberataque que los ciudadanos particulares? Y esto suele deberse a que los due\u00f1os de las empresas no ponen en marcha la infraestructura adecuada para detectarlo hasta que es demasiado tarde. Contacta hoy mismo a los abogados de TLF y obt\u00e9n ayuda [\u2026]\\\"\",\"breadcrumb\":{\"@id\":\"https:\\\/\\\/tremblylaw.com\\\/es\\\/no-sea-victima-proteja-su-negocio-de-los-ciberataques-y-el-fraude-bancario\\\/#breadcrumb\"},\"inLanguage\":\"es\",\"potentialAction\":[{\"@type\":\"ReadAction\",\"target\":[\"https:\\\/\\\/tremblylaw.com\\\/es\\\/no-sea-victima-proteja-su-negocio-de-los-ciberataques-y-el-fraude-bancario\\\/\"]}]},{\"@type\":\"BreadcrumbList\",\"@id\":\"https:\\\/\\\/tremblylaw.com\\\/es\\\/no-sea-victima-proteja-su-negocio-de-los-ciberataques-y-el-fraude-bancario\\\/#breadcrumb\",\"itemListElement\":[{\"@type\":\"ListItem\",\"position\":1,\"name\":\"Home\",\"item\":\"https:\\\/\\\/tremblylaw.com\\\/es\\\/\"},{\"@type\":\"ListItem\",\"position\":2,\"name\":\"No sea v\u00edctima: proteja su negocio de los ciberataques y el fraude bancario\"}]},{\"@type\":\"WebSite\",\"@id\":\"https:\\\/\\\/tremblylaw.com\\\/es\\\/#website\",\"url\":\"https:\\\/\\\/tremblylaw.com\\\/es\\\/\",\"name\":\"Trembly Law Firm\",\"description\":\"\",\"publisher\":{\"@id\":\"https:\\\/\\\/tremblylaw.com\\\/es\\\/#organization\"},\"potentialAction\":[{\"@type\":\"SearchAction\",\"target\":{\"@type\":\"EntryPoint\",\"urlTemplate\":\"https:\\\/\\\/tremblylaw.com\\\/es\\\/?s={search_term_string}\"},\"query-input\":{\"@type\":\"PropertyValueSpecification\",\"valueRequired\":true,\"valueName\":\"search_term_string\"}}],\"inLanguage\":\"es\"},{\"@type\":\"Organization\",\"@id\":\"https:\\\/\\\/tremblylaw.com\\\/es\\\/#organization\",\"name\":\"Trembly Law Firm\",\"url\":\"https:\\\/\\\/tremblylaw.com\\\/es\\\/\",\"logo\":{\"@type\":\"ImageObject\",\"inLanguage\":\"es\",\"@id\":\"https:\\\/\\\/tremblylaw.com\\\/es\\\/#\\\/schema\\\/logo\\\/image\\\/\",\"url\":\"https:\\\/\\\/tremblylaw.com\\\/wp-content\\\/uploads\\\/2024\\\/07\\\/trembly_logo_dk.webp\",\"contentUrl\":\"https:\\\/\\\/tremblylaw.com\\\/wp-content\\\/uploads\\\/2024\\\/07\\\/trembly_logo_dk.webp\",\"width\":336,\"height\":96,\"caption\":\"Trembly Law Firm\"},\"image\":{\"@id\":\"https:\\\/\\\/tremblylaw.com\\\/es\\\/#\\\/schema\\\/logo\\\/image\\\/\"}}]}<\/script>\n<!-- \/ Yoast SEO plugin. -->","yoast_head_json":{"title":"No sea v\u00edctima: proteja su negocio de los ciberataques y el fraude bancario - Trembly Law Firm \"No se convierta en v\u00edctima: proteja su empresa de los ataques cibern\u00e9ticos y el fraude bancario - Bufete de abogados Trembly - Abogados comerciales de Florida\"","description":"\"Negocios | Franquicias | Empleo | Litigios \u00bfSab\u00edas que las peque\u00f1as empresas tienen m\u00e1s probabilidades de sufrir un ciberataque que los ciudadanos particulares? Y esto suele deberse a que los due\u00f1os de las empresas no ponen en marcha la infraestructura adecuada para detectarlo hasta que es demasiado tarde. Contacta hoy mismo a los abogados de TLF y obt\u00e9n ayuda [\u2026]\"","robots":{"index":"index","follow":"follow","max-snippet":"max-snippet:-1","max-image-preview":"max-image-preview:large","max-video-preview":"max-video-preview:-1"},"canonical":"https:\/\/tremblylaw.com\/es\/no-sea-victima-proteja-su-negocio-de-los-ciberataques-y-el-fraude-bancario\/","og_locale":"es_ES","og_type":"article","og_title":"No sea v\u00edctima: proteja su negocio de los ciberataques y el fraude bancario - Trembly Law Firm \"No se convierta en v\u00edctima: proteja su empresa de los ataques cibern\u00e9ticos y el fraude bancario - Bufete de abogados Trembly - Abogados comerciales de Florida\"","og_description":"\"Negocios | Franquicias | Empleo | Litigios \u00bfSab\u00edas que las peque\u00f1as empresas tienen m\u00e1s probabilidades de sufrir un ciberataque que los ciudadanos particulares? Y esto suele deberse a que los due\u00f1os de las empresas no ponen en marcha la infraestructura adecuada para detectarlo hasta que es demasiado tarde. Contacta hoy mismo a los abogados de TLF y obt\u00e9n ayuda [\u2026]\"","og_url":"https:\/\/tremblylaw.com\/es\/no-sea-victima-proteja-su-negocio-de-los-ciberataques-y-el-fraude-bancario\/","og_site_name":"Trembly Law Firm","twitter_card":"summary_large_image","schema":{"@context":"https:\/\/schema.org","@graph":[{"@type":"WebPage","@id":"https:\/\/tremblylaw.com\/es\/no-sea-victima-proteja-su-negocio-de-los-ciberataques-y-el-fraude-bancario\/","url":"https:\/\/tremblylaw.com\/es\/no-sea-victima-proteja-su-negocio-de-los-ciberataques-y-el-fraude-bancario\/","name":"No sea v\u00edctima: proteja su negocio de los ciberataques y el fraude bancario - Trembly Law Firm \"No se convierta en v\u00edctima: proteja su empresa de los ataques cibern\u00e9ticos y el fraude bancario - Bufete de abogados Trembly - Abogados comerciales de Florida\"","isPartOf":{"@id":"https:\/\/tremblylaw.com\/es\/#website"},"datePublished":"2023-01-18T13:23:32+00:00","description":"\"Negocios | Franquicias | Empleo | Litigios \u00bfSab\u00edas que las peque\u00f1as empresas tienen m\u00e1s probabilidades de sufrir un ciberataque que los ciudadanos particulares? Y esto suele deberse a que los due\u00f1os de las empresas no ponen en marcha la infraestructura adecuada para detectarlo hasta que es demasiado tarde. Contacta hoy mismo a los abogados de TLF y obt\u00e9n ayuda [\u2026]\"","breadcrumb":{"@id":"https:\/\/tremblylaw.com\/es\/no-sea-victima-proteja-su-negocio-de-los-ciberataques-y-el-fraude-bancario\/#breadcrumb"},"inLanguage":"es","potentialAction":[{"@type":"ReadAction","target":["https:\/\/tremblylaw.com\/es\/no-sea-victima-proteja-su-negocio-de-los-ciberataques-y-el-fraude-bancario\/"]}]},{"@type":"BreadcrumbList","@id":"https:\/\/tremblylaw.com\/es\/no-sea-victima-proteja-su-negocio-de-los-ciberataques-y-el-fraude-bancario\/#breadcrumb","itemListElement":[{"@type":"ListItem","position":1,"name":"Home","item":"https:\/\/tremblylaw.com\/es\/"},{"@type":"ListItem","position":2,"name":"No sea v\u00edctima: proteja su negocio de los ciberataques y el fraude bancario"}]},{"@type":"WebSite","@id":"https:\/\/tremblylaw.com\/es\/#website","url":"https:\/\/tremblylaw.com\/es\/","name":"Trembly Law Firm","description":"","publisher":{"@id":"https:\/\/tremblylaw.com\/es\/#organization"},"potentialAction":[{"@type":"SearchAction","target":{"@type":"EntryPoint","urlTemplate":"https:\/\/tremblylaw.com\/es\/?s={search_term_string}"},"query-input":{"@type":"PropertyValueSpecification","valueRequired":true,"valueName":"search_term_string"}}],"inLanguage":"es"},{"@type":"Organization","@id":"https:\/\/tremblylaw.com\/es\/#organization","name":"Trembly Law Firm","url":"https:\/\/tremblylaw.com\/es\/","logo":{"@type":"ImageObject","inLanguage":"es","@id":"https:\/\/tremblylaw.com\/es\/#\/schema\/logo\/image\/","url":"https:\/\/tremblylaw.com\/wp-content\/uploads\/2024\/07\/trembly_logo_dk.webp","contentUrl":"https:\/\/tremblylaw.com\/wp-content\/uploads\/2024\/07\/trembly_logo_dk.webp","width":336,"height":96,"caption":"Trembly Law Firm"},"image":{"@id":"https:\/\/tremblylaw.com\/es\/#\/schema\/logo\/image\/"}}]}},"_links":{"self":[{"href":"https:\/\/tremblylaw.com\/es\/wp-json\/wp\/v2\/pages\/8003","targetHints":{"allow":["GET"]}}],"collection":[{"href":"https:\/\/tremblylaw.com\/es\/wp-json\/wp\/v2\/pages"}],"about":[{"href":"https:\/\/tremblylaw.com\/es\/wp-json\/wp\/v2\/types\/page"}],"author":[{"embeddable":true,"href":"https:\/\/tremblylaw.com\/es\/wp-json\/wp\/v2\/users\/7"}],"replies":[{"embeddable":true,"href":"https:\/\/tremblylaw.com\/es\/wp-json\/wp\/v2\/comments?post=8003"}],"version-history":[{"count":0,"href":"https:\/\/tremblylaw.com\/es\/wp-json\/wp\/v2\/pages\/8003\/revisions"}],"wp:attachment":[{"href":"https:\/\/tremblylaw.com\/es\/wp-json\/wp\/v2\/media?parent=8003"}],"curies":[{"name":"wp","href":"https:\/\/api.w.org\/{rel}","templated":true}]}}