{"id":8009,"date":"2022-12-14T11:31:19","date_gmt":"2022-12-14T18:31:19","guid":{"rendered":"https:\/\/trembly-jem.local\/carreras\/valores-fundamentales\/"},"modified":"2022-12-14T11:31:19","modified_gmt":"2022-12-14T18:31:19","slug":"valores-fundamentales","status":"publish","type":"page","link":"https:\/\/tremblylaw.com\/es\/carreras\/valores-fundamentales\/","title":{"rendered":"Valores fundamentales"},"content":{"rendered":"","protected":false},"excerpt":{"rendered":"<p>&#8230;<\/p>\n","protected":false},"author":7,"featured_media":7295,"parent":8007,"menu_order":0,"comment_status":"closed","ping_status":"closed","template":"","meta":{"_acf_changed":false,"footnotes":""},"class_list":["post-8009","page","type-page","status-publish","has-post-thumbnail","hentry"],"acf":[],"yoast_head":"<!-- This site is optimized with the Yoast SEO plugin v27.3 - https:\/\/yoast.com\/product\/yoast-seo-wordpress\/ -->\n<title>Valores fundamentales - Trembly Law Firm &quot;Valores fundamentales - Bufete de abogados Trembly - Abogados comerciales de Florida&quot;<\/title>\n<meta name=\"description\" content=\"&quot;Empresas | Franquicias | Empleo | Litigios Valores fundamentales Valores fundamentales Contratamos, trabajamos y vivimos seg\u00fan estos valores fundamentales para asegurarnos de tener un equipo excelente que crea en nuestra misi\u00f3n de proteger la econom\u00eda, una empresa a la vez. TM Anterior Siguiente&quot;\" \/>\n<meta name=\"robots\" content=\"index, follow, max-snippet:-1, max-image-preview:large, max-video-preview:-1\" \/>\n<link rel=\"canonical\" href=\"https:\/\/tremblylaw.com\/es\/carreras\/valores-fundamentales\/\" \/>\n<meta property=\"og:locale\" content=\"es_ES\" \/>\n<meta property=\"og:type\" content=\"article\" \/>\n<meta property=\"og:title\" content=\"Valores fundamentales - Trembly Law Firm &quot;Valores fundamentales - Bufete de abogados Trembly - Abogados comerciales de Florida&quot;\" \/>\n<meta property=\"og:description\" content=\"&quot;Empresas | Franquicias | Empleo | Litigios Valores fundamentales Valores fundamentales Contratamos, trabajamos y vivimos seg\u00fan estos valores fundamentales para asegurarnos de tener un equipo excelente que crea en nuestra misi\u00f3n de proteger la econom\u00eda, una empresa a la vez. TM Anterior Siguiente&quot;\" \/>\n<meta property=\"og:url\" content=\"https:\/\/tremblylaw.com\/es\/carreras\/valores-fundamentales\/\" \/>\n<meta property=\"og:site_name\" content=\"Trembly Law Firm\" \/>\n<meta property=\"og:image\" content=\"https:\/\/tremblylaw.com\/wp-content\/uploads\/2024\/08\/TLF-LOGO-square-768x768-1-300x300-2.png\" \/>\n\t<meta property=\"og:image:width\" content=\"300\" \/>\n\t<meta property=\"og:image:height\" content=\"300\" \/>\n\t<meta property=\"og:image:type\" content=\"image\/png\" \/>\n<meta name=\"twitter:card\" content=\"summary_large_image\" \/>\n<script type=\"application\/ld+json\" class=\"yoast-schema-graph\">{\"@context\":\"https:\\\/\\\/schema.org\",\"@graph\":[{\"@type\":\"WebPage\",\"@id\":\"https:\\\/\\\/tremblylaw.com\\\/es\\\/carreras\\\/valores-fundamentales\\\/\",\"url\":\"https:\\\/\\\/tremblylaw.com\\\/es\\\/carreras\\\/valores-fundamentales\\\/\",\"name\":\"Valores fundamentales - Trembly Law Firm \\\"Valores fundamentales - Bufete de abogados Trembly - Abogados comerciales de Florida\\\"\",\"isPartOf\":{\"@id\":\"https:\\\/\\\/tremblylaw.com\\\/es\\\/#website\"},\"primaryImageOfPage\":{\"@id\":\"https:\\\/\\\/tremblylaw.com\\\/es\\\/carreras\\\/valores-fundamentales\\\/#primaryimage\"},\"image\":{\"@id\":\"https:\\\/\\\/tremblylaw.com\\\/es\\\/carreras\\\/valores-fundamentales\\\/#primaryimage\"},\"thumbnailUrl\":\"https:\\\/\\\/tremblylaw.com\\\/wp-content\\\/uploads\\\/2024\\\/08\\\/TLF-LOGO-square-768x768-1-300x300-2.png\",\"datePublished\":\"2022-12-14T18:31:19+00:00\",\"description\":\"\\\"Empresas | Franquicias | Empleo | Litigios Valores fundamentales Valores fundamentales Contratamos, trabajamos y vivimos seg\u00fan estos valores fundamentales para asegurarnos de tener un equipo excelente que crea en nuestra misi\u00f3n de proteger la econom\u00eda, una empresa a la vez. TM Anterior Siguiente\\\"\",\"breadcrumb\":{\"@id\":\"https:\\\/\\\/tremblylaw.com\\\/es\\\/carreras\\\/valores-fundamentales\\\/#breadcrumb\"},\"inLanguage\":\"es\",\"potentialAction\":[{\"@type\":\"ReadAction\",\"target\":[\"https:\\\/\\\/tremblylaw.com\\\/es\\\/carreras\\\/valores-fundamentales\\\/\"]}]},{\"@type\":\"ImageObject\",\"inLanguage\":\"es\",\"@id\":\"https:\\\/\\\/tremblylaw.com\\\/es\\\/carreras\\\/valores-fundamentales\\\/#primaryimage\",\"url\":\"https:\\\/\\\/tremblylaw.com\\\/wp-content\\\/uploads\\\/2024\\\/08\\\/TLF-LOGO-square-768x768-1-300x300-2.png\",\"contentUrl\":\"https:\\\/\\\/tremblylaw.com\\\/wp-content\\\/uploads\\\/2024\\\/08\\\/TLF-LOGO-square-768x768-1-300x300-2.png\",\"width\":300,\"height\":300},{\"@type\":\"BreadcrumbList\",\"@id\":\"https:\\\/\\\/tremblylaw.com\\\/es\\\/carreras\\\/valores-fundamentales\\\/#breadcrumb\",\"itemListElement\":[{\"@type\":\"ListItem\",\"position\":1,\"name\":\"Home\",\"item\":\"https:\\\/\\\/tremblylaw.com\\\/es\\\/\"},{\"@type\":\"ListItem\",\"position\":2,\"name\":\"Carreras\",\"item\":\"https:\\\/\\\/tremblylaw.com\\\/es\\\/carreras\\\/\"},{\"@type\":\"ListItem\",\"position\":3,\"name\":\"Valores fundamentales\"}]},{\"@type\":\"WebSite\",\"@id\":\"https:\\\/\\\/tremblylaw.com\\\/es\\\/#website\",\"url\":\"https:\\\/\\\/tremblylaw.com\\\/es\\\/\",\"name\":\"Trembly Law Firm\",\"description\":\"\",\"publisher\":{\"@id\":\"https:\\\/\\\/tremblylaw.com\\\/es\\\/#organization\"},\"potentialAction\":[{\"@type\":\"SearchAction\",\"target\":{\"@type\":\"EntryPoint\",\"urlTemplate\":\"https:\\\/\\\/tremblylaw.com\\\/es\\\/?s={search_term_string}\"},\"query-input\":{\"@type\":\"PropertyValueSpecification\",\"valueRequired\":true,\"valueName\":\"search_term_string\"}}],\"inLanguage\":\"es\"},{\"@type\":\"Organization\",\"@id\":\"https:\\\/\\\/tremblylaw.com\\\/es\\\/#organization\",\"name\":\"Trembly Law Firm\",\"url\":\"https:\\\/\\\/tremblylaw.com\\\/es\\\/\",\"logo\":{\"@type\":\"ImageObject\",\"inLanguage\":\"es\",\"@id\":\"https:\\\/\\\/tremblylaw.com\\\/es\\\/#\\\/schema\\\/logo\\\/image\\\/\",\"url\":\"https:\\\/\\\/tremblylaw.com\\\/wp-content\\\/uploads\\\/2024\\\/07\\\/trembly_logo_dk.webp\",\"contentUrl\":\"https:\\\/\\\/tremblylaw.com\\\/wp-content\\\/uploads\\\/2024\\\/07\\\/trembly_logo_dk.webp\",\"width\":336,\"height\":96,\"caption\":\"Trembly Law Firm\"},\"image\":{\"@id\":\"https:\\\/\\\/tremblylaw.com\\\/es\\\/#\\\/schema\\\/logo\\\/image\\\/\"}}]}<\/script>\n<!-- \/ Yoast SEO plugin. -->","yoast_head_json":{"title":"Valores fundamentales - Trembly Law Firm \"Valores fundamentales - Bufete de abogados Trembly - Abogados comerciales de Florida\"","description":"\"Empresas | Franquicias | Empleo | Litigios Valores fundamentales Valores fundamentales Contratamos, trabajamos y vivimos seg\u00fan estos valores fundamentales para asegurarnos de tener un equipo excelente que crea en nuestra misi\u00f3n de proteger la econom\u00eda, una empresa a la vez. TM Anterior Siguiente\"","robots":{"index":"index","follow":"follow","max-snippet":"max-snippet:-1","max-image-preview":"max-image-preview:large","max-video-preview":"max-video-preview:-1"},"canonical":"https:\/\/tremblylaw.com\/es\/carreras\/valores-fundamentales\/","og_locale":"es_ES","og_type":"article","og_title":"Valores fundamentales - Trembly Law Firm \"Valores fundamentales - Bufete de abogados Trembly - Abogados comerciales de Florida\"","og_description":"\"Empresas | Franquicias | Empleo | Litigios Valores fundamentales Valores fundamentales Contratamos, trabajamos y vivimos seg\u00fan estos valores fundamentales para asegurarnos de tener un equipo excelente que crea en nuestra misi\u00f3n de proteger la econom\u00eda, una empresa a la vez. TM Anterior Siguiente\"","og_url":"https:\/\/tremblylaw.com\/es\/carreras\/valores-fundamentales\/","og_site_name":"Trembly Law Firm","og_image":[{"width":300,"height":300,"url":"https:\/\/tremblylaw.com\/wp-content\/uploads\/2024\/08\/TLF-LOGO-square-768x768-1-300x300-2.png","type":"image\/png"}],"twitter_card":"summary_large_image","schema":{"@context":"https:\/\/schema.org","@graph":[{"@type":"WebPage","@id":"https:\/\/tremblylaw.com\/es\/carreras\/valores-fundamentales\/","url":"https:\/\/tremblylaw.com\/es\/carreras\/valores-fundamentales\/","name":"Valores fundamentales - Trembly Law Firm \"Valores fundamentales - Bufete de abogados Trembly - Abogados comerciales de Florida\"","isPartOf":{"@id":"https:\/\/tremblylaw.com\/es\/#website"},"primaryImageOfPage":{"@id":"https:\/\/tremblylaw.com\/es\/carreras\/valores-fundamentales\/#primaryimage"},"image":{"@id":"https:\/\/tremblylaw.com\/es\/carreras\/valores-fundamentales\/#primaryimage"},"thumbnailUrl":"https:\/\/tremblylaw.com\/wp-content\/uploads\/2024\/08\/TLF-LOGO-square-768x768-1-300x300-2.png","datePublished":"2022-12-14T18:31:19+00:00","description":"\"Empresas | Franquicias | Empleo | Litigios Valores fundamentales Valores fundamentales Contratamos, trabajamos y vivimos seg\u00fan estos valores fundamentales para asegurarnos de tener un equipo excelente que crea en nuestra misi\u00f3n de proteger la econom\u00eda, una empresa a la vez. TM Anterior Siguiente\"","breadcrumb":{"@id":"https:\/\/tremblylaw.com\/es\/carreras\/valores-fundamentales\/#breadcrumb"},"inLanguage":"es","potentialAction":[{"@type":"ReadAction","target":["https:\/\/tremblylaw.com\/es\/carreras\/valores-fundamentales\/"]}]},{"@type":"ImageObject","inLanguage":"es","@id":"https:\/\/tremblylaw.com\/es\/carreras\/valores-fundamentales\/#primaryimage","url":"https:\/\/tremblylaw.com\/wp-content\/uploads\/2024\/08\/TLF-LOGO-square-768x768-1-300x300-2.png","contentUrl":"https:\/\/tremblylaw.com\/wp-content\/uploads\/2024\/08\/TLF-LOGO-square-768x768-1-300x300-2.png","width":300,"height":300},{"@type":"BreadcrumbList","@id":"https:\/\/tremblylaw.com\/es\/carreras\/valores-fundamentales\/#breadcrumb","itemListElement":[{"@type":"ListItem","position":1,"name":"Home","item":"https:\/\/tremblylaw.com\/es\/"},{"@type":"ListItem","position":2,"name":"Carreras","item":"https:\/\/tremblylaw.com\/es\/carreras\/"},{"@type":"ListItem","position":3,"name":"Valores fundamentales"}]},{"@type":"WebSite","@id":"https:\/\/tremblylaw.com\/es\/#website","url":"https:\/\/tremblylaw.com\/es\/","name":"Trembly Law Firm","description":"","publisher":{"@id":"https:\/\/tremblylaw.com\/es\/#organization"},"potentialAction":[{"@type":"SearchAction","target":{"@type":"EntryPoint","urlTemplate":"https:\/\/tremblylaw.com\/es\/?s={search_term_string}"},"query-input":{"@type":"PropertyValueSpecification","valueRequired":true,"valueName":"search_term_string"}}],"inLanguage":"es"},{"@type":"Organization","@id":"https:\/\/tremblylaw.com\/es\/#organization","name":"Trembly Law Firm","url":"https:\/\/tremblylaw.com\/es\/","logo":{"@type":"ImageObject","inLanguage":"es","@id":"https:\/\/tremblylaw.com\/es\/#\/schema\/logo\/image\/","url":"https:\/\/tremblylaw.com\/wp-content\/uploads\/2024\/07\/trembly_logo_dk.webp","contentUrl":"https:\/\/tremblylaw.com\/wp-content\/uploads\/2024\/07\/trembly_logo_dk.webp","width":336,"height":96,"caption":"Trembly Law Firm"},"image":{"@id":"https:\/\/tremblylaw.com\/es\/#\/schema\/logo\/image\/"}}]}},"_links":{"self":[{"href":"https:\/\/tremblylaw.com\/es\/wp-json\/wp\/v2\/pages\/8009","targetHints":{"allow":["GET"]}}],"collection":[{"href":"https:\/\/tremblylaw.com\/es\/wp-json\/wp\/v2\/pages"}],"about":[{"href":"https:\/\/tremblylaw.com\/es\/wp-json\/wp\/v2\/types\/page"}],"author":[{"embeddable":true,"href":"https:\/\/tremblylaw.com\/es\/wp-json\/wp\/v2\/users\/7"}],"replies":[{"embeddable":true,"href":"https:\/\/tremblylaw.com\/es\/wp-json\/wp\/v2\/comments?post=8009"}],"version-history":[{"count":0,"href":"https:\/\/tremblylaw.com\/es\/wp-json\/wp\/v2\/pages\/8009\/revisions"}],"up":[{"embeddable":true,"href":"https:\/\/tremblylaw.com\/es\/wp-json\/wp\/v2\/pages\/8007"}],"wp:featuredmedia":[{"embeddable":true,"href":"https:\/\/tremblylaw.com\/es\/wp-json\/wp\/v2\/media\/7295"}],"wp:attachment":[{"href":"https:\/\/tremblylaw.com\/es\/wp-json\/wp\/v2\/media?parent=8009"}],"curies":[{"name":"wp","href":"https:\/\/api.w.org\/{rel}","templated":true}]}}