{"id":8014,"date":"2021-10-13T18:30:34","date_gmt":"2021-10-14T01:30:34","guid":{"rendered":"https:\/\/trembly-jem.local\/aviso-legal\/"},"modified":"2021-10-13T18:30:34","modified_gmt":"2021-10-14T01:30:34","slug":"aviso-legal","status":"publish","type":"page","link":"https:\/\/tremblylaw.com\/es\/aviso-legal\/","title":{"rendered":"Aviso Legal"},"content":{"rendered":"","protected":false},"excerpt":{"rendered":"<p>&#8230;<\/p>\n","protected":false},"author":3,"featured_media":0,"parent":0,"menu_order":0,"comment_status":"closed","ping_status":"closed","template":"","meta":{"_acf_changed":false,"footnotes":""},"class_list":["post-8014","page","type-page","status-publish","hentry"],"acf":[],"yoast_head":"<!-- This site is optimized with the Yoast SEO plugin v27.1.1 - https:\/\/yoast.com\/product\/yoast-seo-wordpress\/ -->\n<title>Aviso Legal - Trembly Law Firm &quot;Descargo de responsabilidad - Bufete de abogados Trembly - Abogados comerciales de Florida&quot;<\/title>\n<meta name=\"description\" content=\"&quot;Negocios | Franquicias | Empleo | Litigios Aviso legal Aviso legal La contrataci\u00f3n de un abogado es una decisi\u00f3n importante que no debe basarse \u00fanicamente en anuncios publicitarios. Los materiales incluidos en este sitio web brindan informaci\u00f3n general sobre el bufete de abogados Trembly, no constituyen asesoramiento legal y est\u00e1n destinados \u00fanicamente a fines informativos. No [\u2026]&quot;\" \/>\n<meta name=\"robots\" content=\"index, follow, max-snippet:-1, max-image-preview:large, max-video-preview:-1\" \/>\n<link rel=\"canonical\" href=\"https:\/\/tremblylaw.com\/es\/aviso-legal\/\" \/>\n<meta property=\"og:locale\" content=\"es_ES\" \/>\n<meta property=\"og:type\" content=\"article\" \/>\n<meta property=\"og:title\" content=\"Aviso Legal - Trembly Law Firm &quot;Descargo de responsabilidad - Bufete de abogados Trembly - Abogados comerciales de Florida&quot;\" \/>\n<meta property=\"og:description\" content=\"&quot;Negocios | Franquicias | Empleo | Litigios Aviso legal Aviso legal La contrataci\u00f3n de un abogado es una decisi\u00f3n importante que no debe basarse \u00fanicamente en anuncios publicitarios. Los materiales incluidos en este sitio web brindan informaci\u00f3n general sobre el bufete de abogados Trembly, no constituyen asesoramiento legal y est\u00e1n destinados \u00fanicamente a fines informativos. No [\u2026]&quot;\" \/>\n<meta property=\"og:url\" content=\"https:\/\/tremblylaw.com\/es\/aviso-legal\/\" \/>\n<meta property=\"og:site_name\" content=\"Trembly Law Firm\" \/>\n<meta name=\"twitter:card\" content=\"summary_large_image\" \/>\n<script type=\"application\/ld+json\" class=\"yoast-schema-graph\">{\"@context\":\"https:\/\/schema.org\",\"@graph\":[{\"@type\":\"WebPage\",\"@id\":\"https:\/\/tremblylaw.com\/es\/aviso-legal\/\",\"url\":\"https:\/\/tremblylaw.com\/es\/aviso-legal\/\",\"name\":\"Aviso Legal - Trembly Law Firm \\\"Descargo de responsabilidad - Bufete de abogados Trembly - Abogados comerciales de Florida\\\"\",\"isPartOf\":{\"@id\":\"https:\/\/tremblylaw.com\/es\/#website\"},\"datePublished\":\"2021-10-14T01:30:34+00:00\",\"description\":\"\\\"Negocios | Franquicias | Empleo | Litigios Aviso legal Aviso legal La contrataci\u00f3n de un abogado es una decisi\u00f3n importante que no debe basarse \u00fanicamente en anuncios publicitarios. Los materiales incluidos en este sitio web brindan informaci\u00f3n general sobre el bufete de abogados Trembly, no constituyen asesoramiento legal y est\u00e1n destinados \u00fanicamente a fines informativos. No [\u2026]\\\"\",\"breadcrumb\":{\"@id\":\"https:\/\/tremblylaw.com\/es\/aviso-legal\/#breadcrumb\"},\"inLanguage\":\"es\",\"potentialAction\":[{\"@type\":\"ReadAction\",\"target\":[\"https:\/\/tremblylaw.com\/es\/aviso-legal\/\"]}]},{\"@type\":\"BreadcrumbList\",\"@id\":\"https:\/\/tremblylaw.com\/es\/aviso-legal\/#breadcrumb\",\"itemListElement\":[{\"@type\":\"ListItem\",\"position\":1,\"name\":\"Home\",\"item\":\"https:\/\/tremblylaw.com\/es\/\"},{\"@type\":\"ListItem\",\"position\":2,\"name\":\"Aviso Legal\"}]},{\"@type\":\"WebSite\",\"@id\":\"https:\/\/tremblylaw.com\/es\/#website\",\"url\":\"https:\/\/tremblylaw.com\/es\/\",\"name\":\"Trembly Law Firm\",\"description\":\"\",\"publisher\":{\"@id\":\"https:\/\/tremblylaw.com\/es\/#organization\"},\"potentialAction\":[{\"@type\":\"SearchAction\",\"target\":{\"@type\":\"EntryPoint\",\"urlTemplate\":\"https:\/\/tremblylaw.com\/es\/?s={search_term_string}\"},\"query-input\":{\"@type\":\"PropertyValueSpecification\",\"valueRequired\":true,\"valueName\":\"search_term_string\"}}],\"inLanguage\":\"es\"},{\"@type\":\"Organization\",\"@id\":\"https:\/\/tremblylaw.com\/es\/#organization\",\"name\":\"Trembly Law Firm\",\"url\":\"https:\/\/tremblylaw.com\/es\/\",\"logo\":{\"@type\":\"ImageObject\",\"inLanguage\":\"es\",\"@id\":\"https:\/\/tremblylaw.com\/es\/#\/schema\/logo\/image\/\",\"url\":\"https:\/\/tremblylaw.com\/wp-content\/uploads\/2024\/07\/trembly_logo_dk.webp\",\"contentUrl\":\"https:\/\/tremblylaw.com\/wp-content\/uploads\/2024\/07\/trembly_logo_dk.webp\",\"width\":336,\"height\":96,\"caption\":\"Trembly Law Firm\"},\"image\":{\"@id\":\"https:\/\/tremblylaw.com\/es\/#\/schema\/logo\/image\/\"}}]}<\/script>\n<!-- \/ Yoast SEO plugin. -->","yoast_head_json":{"title":"Aviso Legal - Trembly Law Firm \"Descargo de responsabilidad - Bufete de abogados Trembly - Abogados comerciales de Florida\"","description":"\"Negocios | Franquicias | Empleo | Litigios Aviso legal Aviso legal La contrataci\u00f3n de un abogado es una decisi\u00f3n importante que no debe basarse \u00fanicamente en anuncios publicitarios. Los materiales incluidos en este sitio web brindan informaci\u00f3n general sobre el bufete de abogados Trembly, no constituyen asesoramiento legal y est\u00e1n destinados \u00fanicamente a fines informativos. No [\u2026]\"","robots":{"index":"index","follow":"follow","max-snippet":"max-snippet:-1","max-image-preview":"max-image-preview:large","max-video-preview":"max-video-preview:-1"},"canonical":"https:\/\/tremblylaw.com\/es\/aviso-legal\/","og_locale":"es_ES","og_type":"article","og_title":"Aviso Legal - Trembly Law Firm \"Descargo de responsabilidad - Bufete de abogados Trembly - Abogados comerciales de Florida\"","og_description":"\"Negocios | Franquicias | Empleo | Litigios Aviso legal Aviso legal La contrataci\u00f3n de un abogado es una decisi\u00f3n importante que no debe basarse \u00fanicamente en anuncios publicitarios. Los materiales incluidos en este sitio web brindan informaci\u00f3n general sobre el bufete de abogados Trembly, no constituyen asesoramiento legal y est\u00e1n destinados \u00fanicamente a fines informativos. No [\u2026]\"","og_url":"https:\/\/tremblylaw.com\/es\/aviso-legal\/","og_site_name":"Trembly Law Firm","twitter_card":"summary_large_image","schema":{"@context":"https:\/\/schema.org","@graph":[{"@type":"WebPage","@id":"https:\/\/tremblylaw.com\/es\/aviso-legal\/","url":"https:\/\/tremblylaw.com\/es\/aviso-legal\/","name":"Aviso Legal - Trembly Law Firm \"Descargo de responsabilidad - Bufete de abogados Trembly - Abogados comerciales de Florida\"","isPartOf":{"@id":"https:\/\/tremblylaw.com\/es\/#website"},"datePublished":"2021-10-14T01:30:34+00:00","description":"\"Negocios | Franquicias | Empleo | Litigios Aviso legal Aviso legal La contrataci\u00f3n de un abogado es una decisi\u00f3n importante que no debe basarse \u00fanicamente en anuncios publicitarios. Los materiales incluidos en este sitio web brindan informaci\u00f3n general sobre el bufete de abogados Trembly, no constituyen asesoramiento legal y est\u00e1n destinados \u00fanicamente a fines informativos. No [\u2026]\"","breadcrumb":{"@id":"https:\/\/tremblylaw.com\/es\/aviso-legal\/#breadcrumb"},"inLanguage":"es","potentialAction":[{"@type":"ReadAction","target":["https:\/\/tremblylaw.com\/es\/aviso-legal\/"]}]},{"@type":"BreadcrumbList","@id":"https:\/\/tremblylaw.com\/es\/aviso-legal\/#breadcrumb","itemListElement":[{"@type":"ListItem","position":1,"name":"Home","item":"https:\/\/tremblylaw.com\/es\/"},{"@type":"ListItem","position":2,"name":"Aviso Legal"}]},{"@type":"WebSite","@id":"https:\/\/tremblylaw.com\/es\/#website","url":"https:\/\/tremblylaw.com\/es\/","name":"Trembly Law Firm","description":"","publisher":{"@id":"https:\/\/tremblylaw.com\/es\/#organization"},"potentialAction":[{"@type":"SearchAction","target":{"@type":"EntryPoint","urlTemplate":"https:\/\/tremblylaw.com\/es\/?s={search_term_string}"},"query-input":{"@type":"PropertyValueSpecification","valueRequired":true,"valueName":"search_term_string"}}],"inLanguage":"es"},{"@type":"Organization","@id":"https:\/\/tremblylaw.com\/es\/#organization","name":"Trembly Law Firm","url":"https:\/\/tremblylaw.com\/es\/","logo":{"@type":"ImageObject","inLanguage":"es","@id":"https:\/\/tremblylaw.com\/es\/#\/schema\/logo\/image\/","url":"https:\/\/tremblylaw.com\/wp-content\/uploads\/2024\/07\/trembly_logo_dk.webp","contentUrl":"https:\/\/tremblylaw.com\/wp-content\/uploads\/2024\/07\/trembly_logo_dk.webp","width":336,"height":96,"caption":"Trembly Law Firm"},"image":{"@id":"https:\/\/tremblylaw.com\/es\/#\/schema\/logo\/image\/"}}]}},"_links":{"self":[{"href":"https:\/\/tremblylaw.com\/es\/wp-json\/wp\/v2\/pages\/8014","targetHints":{"allow":["GET"]}}],"collection":[{"href":"https:\/\/tremblylaw.com\/es\/wp-json\/wp\/v2\/pages"}],"about":[{"href":"https:\/\/tremblylaw.com\/es\/wp-json\/wp\/v2\/types\/page"}],"author":[{"embeddable":true,"href":"https:\/\/tremblylaw.com\/es\/wp-json\/wp\/v2\/users\/3"}],"replies":[{"embeddable":true,"href":"https:\/\/tremblylaw.com\/es\/wp-json\/wp\/v2\/comments?post=8014"}],"version-history":[{"count":0,"href":"https:\/\/tremblylaw.com\/es\/wp-json\/wp\/v2\/pages\/8014\/revisions"}],"wp:attachment":[{"href":"https:\/\/tremblylaw.com\/es\/wp-json\/wp\/v2\/media?parent=8014"}],"curies":[{"name":"wp","href":"https:\/\/api.w.org\/{rel}","templated":true}]}}