{"id":8015,"date":"2021-11-11T11:47:42","date_gmt":"2021-11-11T16:47:42","guid":{"rendered":"https:\/\/trembly-jem.local\/contratos-mas-solidos\/"},"modified":"2024-09-30T14:48:30","modified_gmt":"2024-09-30T19:48:30","slug":"contratos-mas-solidos","status":"publish","type":"page","link":"https:\/\/tremblylaw.com\/es\/contratos-mas-solidos\/","title":{"rendered":"Contratos M\u00e1s S\u00f3lidos"},"content":{"rendered":"","protected":false},"excerpt":{"rendered":"<p>&#8230;<\/p>\n","protected":false},"author":7,"featured_media":7438,"parent":0,"menu_order":0,"comment_status":"closed","ping_status":"closed","template":"","meta":{"_acf_changed":false,"footnotes":""},"class_list":["post-8015","page","type-page","status-publish","has-post-thumbnail","hentry"],"acf":[],"yoast_head":"<!-- This site is optimized with the Yoast SEO plugin v27.4 - https:\/\/yoast.com\/product\/yoast-seo-wordpress\/ -->\n<title>Contratos M\u00e1s S\u00f3lidos - Trembly Law Firm &quot;Un negocio m\u00e1s s\u00f3lido comienza con contratos m\u00e1s s\u00f3lidos - Bufete de abogados Trembly - Abogados comerciales de Florida&quot;<\/title>\n<meta name=\"description\" content=\"&quot;Una empresa m\u00e1s s\u00f3lida comienza con contratos m\u00e1s s\u00f3lidos. Los contratos s\u00f3lidos son la base de cualquier empresa. Descargue hoy mismo nuestro recurso gratuito para obtener consejos pr\u00e1cticos que har\u00e1n que sus contratos sean a\u00fan m\u00e1s s\u00f3lidos. Espec\u00edficamente, cubrimos cinco cl\u00e1usulas que DEBEN estar presentes en cada contrato, lo que podr\u00eda ahorrarle una cantidad significativa de dinero y tiempo en el [\u2026]&quot;\" \/>\n<meta name=\"robots\" content=\"index, follow, max-snippet:-1, max-image-preview:large, max-video-preview:-1\" \/>\n<link rel=\"canonical\" href=\"https:\/\/tremblylaw.com\/es\/contratos-mas-solidos\/\" \/>\n<meta property=\"og:locale\" content=\"es_ES\" \/>\n<meta property=\"og:type\" content=\"article\" \/>\n<meta property=\"og:title\" content=\"Contratos M\u00e1s S\u00f3lidos - Trembly Law Firm &quot;Un negocio m\u00e1s s\u00f3lido comienza con contratos m\u00e1s s\u00f3lidos - Bufete de abogados Trembly - Abogados comerciales de Florida&quot;\" \/>\n<meta property=\"og:description\" content=\"&quot;Una empresa m\u00e1s s\u00f3lida comienza con contratos m\u00e1s s\u00f3lidos. Los contratos s\u00f3lidos son la base de cualquier empresa. Descargue hoy mismo nuestro recurso gratuito para obtener consejos pr\u00e1cticos que har\u00e1n que sus contratos sean a\u00fan m\u00e1s s\u00f3lidos. Espec\u00edficamente, cubrimos cinco cl\u00e1usulas que DEBEN estar presentes en cada contrato, lo que podr\u00eda ahorrarle una cantidad significativa de dinero y tiempo en el [\u2026]&quot;\" \/>\n<meta property=\"og:url\" content=\"https:\/\/tremblylaw.com\/es\/contratos-mas-solidos\/\" \/>\n<meta property=\"og:site_name\" content=\"Trembly Law Firm\" \/>\n<meta property=\"article:modified_time\" content=\"2024-09-30T19:48:30+00:00\" \/>\n<meta property=\"og:image\" content=\"https:\/\/tremblylaw.com\/wp-content\/uploads\/2024\/08\/IT-WAS-A-300x169-1.jpg\" \/>\n\t<meta property=\"og:image:width\" content=\"300\" \/>\n\t<meta property=\"og:image:height\" content=\"169\" \/>\n\t<meta property=\"og:image:type\" content=\"image\/jpeg\" \/>\n<meta name=\"twitter:card\" content=\"summary_large_image\" \/>\n<meta name=\"twitter:label1\" content=\"Tiempo de lectura\" \/>\n\t<meta name=\"twitter:data1\" content=\"1 minuto\" \/>\n<script type=\"application\/ld+json\" class=\"yoast-schema-graph\">{\"@context\":\"https:\\\/\\\/schema.org\",\"@graph\":[{\"@type\":\"WebPage\",\"@id\":\"https:\\\/\\\/tremblylaw.com\\\/es\\\/contratos-mas-solidos\\\/\",\"url\":\"https:\\\/\\\/tremblylaw.com\\\/es\\\/contratos-mas-solidos\\\/\",\"name\":\"Contratos M\u00e1s S\u00f3lidos - Trembly Law Firm \\\"Un negocio m\u00e1s s\u00f3lido comienza con contratos m\u00e1s s\u00f3lidos - Bufete de abogados Trembly - Abogados comerciales de Florida\\\"\",\"isPartOf\":{\"@id\":\"https:\\\/\\\/tremblylaw.com\\\/es\\\/#website\"},\"primaryImageOfPage\":{\"@id\":\"https:\\\/\\\/tremblylaw.com\\\/es\\\/contratos-mas-solidos\\\/#primaryimage\"},\"image\":{\"@id\":\"https:\\\/\\\/tremblylaw.com\\\/es\\\/contratos-mas-solidos\\\/#primaryimage\"},\"thumbnailUrl\":\"https:\\\/\\\/tremblylaw.com\\\/wp-content\\\/uploads\\\/2024\\\/08\\\/IT-WAS-A-300x169-1.jpg\",\"datePublished\":\"2021-11-11T16:47:42+00:00\",\"dateModified\":\"2024-09-30T19:48:30+00:00\",\"description\":\"\\\"Una empresa m\u00e1s s\u00f3lida comienza con contratos m\u00e1s s\u00f3lidos. Los contratos s\u00f3lidos son la base de cualquier empresa. Descargue hoy mismo nuestro recurso gratuito para obtener consejos pr\u00e1cticos que har\u00e1n que sus contratos sean a\u00fan m\u00e1s s\u00f3lidos. Espec\u00edficamente, cubrimos cinco cl\u00e1usulas que DEBEN estar presentes en cada contrato, lo que podr\u00eda ahorrarle una cantidad significativa de dinero y tiempo en el [\u2026]\\\"\",\"breadcrumb\":{\"@id\":\"https:\\\/\\\/tremblylaw.com\\\/es\\\/contratos-mas-solidos\\\/#breadcrumb\"},\"inLanguage\":\"es\",\"potentialAction\":[{\"@type\":\"ReadAction\",\"target\":[\"https:\\\/\\\/tremblylaw.com\\\/es\\\/contratos-mas-solidos\\\/\"]}]},{\"@type\":\"ImageObject\",\"inLanguage\":\"es\",\"@id\":\"https:\\\/\\\/tremblylaw.com\\\/es\\\/contratos-mas-solidos\\\/#primaryimage\",\"url\":\"https:\\\/\\\/tremblylaw.com\\\/wp-content\\\/uploads\\\/2024\\\/08\\\/IT-WAS-A-300x169-1.jpg\",\"contentUrl\":\"https:\\\/\\\/tremblylaw.com\\\/wp-content\\\/uploads\\\/2024\\\/08\\\/IT-WAS-A-300x169-1.jpg\",\"width\":300,\"height\":169},{\"@type\":\"BreadcrumbList\",\"@id\":\"https:\\\/\\\/tremblylaw.com\\\/es\\\/contratos-mas-solidos\\\/#breadcrumb\",\"itemListElement\":[{\"@type\":\"ListItem\",\"position\":1,\"name\":\"Home\",\"item\":\"https:\\\/\\\/tremblylaw.com\\\/es\\\/\"},{\"@type\":\"ListItem\",\"position\":2,\"name\":\"Contratos M\u00e1s S\u00f3lidos\"}]},{\"@type\":\"WebSite\",\"@id\":\"https:\\\/\\\/tremblylaw.com\\\/es\\\/#website\",\"url\":\"https:\\\/\\\/tremblylaw.com\\\/es\\\/\",\"name\":\"Trembly Law Firm\",\"description\":\"\",\"publisher\":{\"@id\":\"https:\\\/\\\/tremblylaw.com\\\/es\\\/#organization\"},\"potentialAction\":[{\"@type\":\"SearchAction\",\"target\":{\"@type\":\"EntryPoint\",\"urlTemplate\":\"https:\\\/\\\/tremblylaw.com\\\/es\\\/?s={search_term_string}\"},\"query-input\":{\"@type\":\"PropertyValueSpecification\",\"valueRequired\":true,\"valueName\":\"search_term_string\"}}],\"inLanguage\":\"es\"},{\"@type\":\"Organization\",\"@id\":\"https:\\\/\\\/tremblylaw.com\\\/es\\\/#organization\",\"name\":\"Trembly Law Firm\",\"url\":\"https:\\\/\\\/tremblylaw.com\\\/es\\\/\",\"logo\":{\"@type\":\"ImageObject\",\"inLanguage\":\"es\",\"@id\":\"https:\\\/\\\/tremblylaw.com\\\/es\\\/#\\\/schema\\\/logo\\\/image\\\/\",\"url\":\"https:\\\/\\\/tremblylaw.com\\\/wp-content\\\/uploads\\\/2024\\\/07\\\/trembly_logo_dk.webp\",\"contentUrl\":\"https:\\\/\\\/tremblylaw.com\\\/wp-content\\\/uploads\\\/2024\\\/07\\\/trembly_logo_dk.webp\",\"width\":336,\"height\":96,\"caption\":\"Trembly Law Firm\"},\"image\":{\"@id\":\"https:\\\/\\\/tremblylaw.com\\\/es\\\/#\\\/schema\\\/logo\\\/image\\\/\"}}]}<\/script>\n<!-- \/ Yoast SEO plugin. -->","yoast_head_json":{"title":"Contratos M\u00e1s S\u00f3lidos - Trembly Law Firm \"Un negocio m\u00e1s s\u00f3lido comienza con contratos m\u00e1s s\u00f3lidos - Bufete de abogados Trembly - Abogados comerciales de Florida\"","description":"\"Una empresa m\u00e1s s\u00f3lida comienza con contratos m\u00e1s s\u00f3lidos. Los contratos s\u00f3lidos son la base de cualquier empresa. Descargue hoy mismo nuestro recurso gratuito para obtener consejos pr\u00e1cticos que har\u00e1n que sus contratos sean a\u00fan m\u00e1s s\u00f3lidos. Espec\u00edficamente, cubrimos cinco cl\u00e1usulas que DEBEN estar presentes en cada contrato, lo que podr\u00eda ahorrarle una cantidad significativa de dinero y tiempo en el [\u2026]\"","robots":{"index":"index","follow":"follow","max-snippet":"max-snippet:-1","max-image-preview":"max-image-preview:large","max-video-preview":"max-video-preview:-1"},"canonical":"https:\/\/tremblylaw.com\/es\/contratos-mas-solidos\/","og_locale":"es_ES","og_type":"article","og_title":"Contratos M\u00e1s S\u00f3lidos - Trembly Law Firm \"Un negocio m\u00e1s s\u00f3lido comienza con contratos m\u00e1s s\u00f3lidos - Bufete de abogados Trembly - Abogados comerciales de Florida\"","og_description":"\"Una empresa m\u00e1s s\u00f3lida comienza con contratos m\u00e1s s\u00f3lidos. Los contratos s\u00f3lidos son la base de cualquier empresa. Descargue hoy mismo nuestro recurso gratuito para obtener consejos pr\u00e1cticos que har\u00e1n que sus contratos sean a\u00fan m\u00e1s s\u00f3lidos. Espec\u00edficamente, cubrimos cinco cl\u00e1usulas que DEBEN estar presentes en cada contrato, lo que podr\u00eda ahorrarle una cantidad significativa de dinero y tiempo en el [\u2026]\"","og_url":"https:\/\/tremblylaw.com\/es\/contratos-mas-solidos\/","og_site_name":"Trembly Law Firm","article_modified_time":"2024-09-30T19:48:30+00:00","og_image":[{"width":300,"height":169,"url":"https:\/\/tremblylaw.com\/wp-content\/uploads\/2024\/08\/IT-WAS-A-300x169-1.jpg","type":"image\/jpeg"}],"twitter_card":"summary_large_image","twitter_misc":{"Tiempo de lectura":"1 minuto"},"schema":{"@context":"https:\/\/schema.org","@graph":[{"@type":"WebPage","@id":"https:\/\/tremblylaw.com\/es\/contratos-mas-solidos\/","url":"https:\/\/tremblylaw.com\/es\/contratos-mas-solidos\/","name":"Contratos M\u00e1s S\u00f3lidos - Trembly Law Firm \"Un negocio m\u00e1s s\u00f3lido comienza con contratos m\u00e1s s\u00f3lidos - Bufete de abogados Trembly - Abogados comerciales de Florida\"","isPartOf":{"@id":"https:\/\/tremblylaw.com\/es\/#website"},"primaryImageOfPage":{"@id":"https:\/\/tremblylaw.com\/es\/contratos-mas-solidos\/#primaryimage"},"image":{"@id":"https:\/\/tremblylaw.com\/es\/contratos-mas-solidos\/#primaryimage"},"thumbnailUrl":"https:\/\/tremblylaw.com\/wp-content\/uploads\/2024\/08\/IT-WAS-A-300x169-1.jpg","datePublished":"2021-11-11T16:47:42+00:00","dateModified":"2024-09-30T19:48:30+00:00","description":"\"Una empresa m\u00e1s s\u00f3lida comienza con contratos m\u00e1s s\u00f3lidos. Los contratos s\u00f3lidos son la base de cualquier empresa. Descargue hoy mismo nuestro recurso gratuito para obtener consejos pr\u00e1cticos que har\u00e1n que sus contratos sean a\u00fan m\u00e1s s\u00f3lidos. Espec\u00edficamente, cubrimos cinco cl\u00e1usulas que DEBEN estar presentes en cada contrato, lo que podr\u00eda ahorrarle una cantidad significativa de dinero y tiempo en el [\u2026]\"","breadcrumb":{"@id":"https:\/\/tremblylaw.com\/es\/contratos-mas-solidos\/#breadcrumb"},"inLanguage":"es","potentialAction":[{"@type":"ReadAction","target":["https:\/\/tremblylaw.com\/es\/contratos-mas-solidos\/"]}]},{"@type":"ImageObject","inLanguage":"es","@id":"https:\/\/tremblylaw.com\/es\/contratos-mas-solidos\/#primaryimage","url":"https:\/\/tremblylaw.com\/wp-content\/uploads\/2024\/08\/IT-WAS-A-300x169-1.jpg","contentUrl":"https:\/\/tremblylaw.com\/wp-content\/uploads\/2024\/08\/IT-WAS-A-300x169-1.jpg","width":300,"height":169},{"@type":"BreadcrumbList","@id":"https:\/\/tremblylaw.com\/es\/contratos-mas-solidos\/#breadcrumb","itemListElement":[{"@type":"ListItem","position":1,"name":"Home","item":"https:\/\/tremblylaw.com\/es\/"},{"@type":"ListItem","position":2,"name":"Contratos M\u00e1s S\u00f3lidos"}]},{"@type":"WebSite","@id":"https:\/\/tremblylaw.com\/es\/#website","url":"https:\/\/tremblylaw.com\/es\/","name":"Trembly Law Firm","description":"","publisher":{"@id":"https:\/\/tremblylaw.com\/es\/#organization"},"potentialAction":[{"@type":"SearchAction","target":{"@type":"EntryPoint","urlTemplate":"https:\/\/tremblylaw.com\/es\/?s={search_term_string}"},"query-input":{"@type":"PropertyValueSpecification","valueRequired":true,"valueName":"search_term_string"}}],"inLanguage":"es"},{"@type":"Organization","@id":"https:\/\/tremblylaw.com\/es\/#organization","name":"Trembly Law Firm","url":"https:\/\/tremblylaw.com\/es\/","logo":{"@type":"ImageObject","inLanguage":"es","@id":"https:\/\/tremblylaw.com\/es\/#\/schema\/logo\/image\/","url":"https:\/\/tremblylaw.com\/wp-content\/uploads\/2024\/07\/trembly_logo_dk.webp","contentUrl":"https:\/\/tremblylaw.com\/wp-content\/uploads\/2024\/07\/trembly_logo_dk.webp","width":336,"height":96,"caption":"Trembly Law Firm"},"image":{"@id":"https:\/\/tremblylaw.com\/es\/#\/schema\/logo\/image\/"}}]}},"_links":{"self":[{"href":"https:\/\/tremblylaw.com\/es\/wp-json\/wp\/v2\/pages\/8015","targetHints":{"allow":["GET"]}}],"collection":[{"href":"https:\/\/tremblylaw.com\/es\/wp-json\/wp\/v2\/pages"}],"about":[{"href":"https:\/\/tremblylaw.com\/es\/wp-json\/wp\/v2\/types\/page"}],"author":[{"embeddable":true,"href":"https:\/\/tremblylaw.com\/es\/wp-json\/wp\/v2\/users\/7"}],"replies":[{"embeddable":true,"href":"https:\/\/tremblylaw.com\/es\/wp-json\/wp\/v2\/comments?post=8015"}],"version-history":[{"count":0,"href":"https:\/\/tremblylaw.com\/es\/wp-json\/wp\/v2\/pages\/8015\/revisions"}],"wp:featuredmedia":[{"embeddable":true,"href":"https:\/\/tremblylaw.com\/es\/wp-json\/wp\/v2\/media\/7438"}],"wp:attachment":[{"href":"https:\/\/tremblylaw.com\/es\/wp-json\/wp\/v2\/media?parent=8015"}],"curies":[{"name":"wp","href":"https:\/\/api.w.org\/{rel}","templated":true}]}}