{"id":8272,"date":"2020-04-20T12:24:56","date_gmt":"2020-04-20T19:24:56","guid":{"rendered":"https:\/\/trembly-jem.local\/arrendamientos-comerciales-durante-la-pandemia-del-coronavirus\/"},"modified":"2020-04-20T12:24:56","modified_gmt":"2020-04-20T19:24:56","slug":"arrendamientos-comerciales-durante-la-pandemia-del-coronavirus","status":"publish","type":"page","link":"https:\/\/tremblylaw.com\/es\/arrendamientos-comerciales-durante-la-pandemia-del-coronavirus\/","title":{"rendered":"Arrendamientos comerciales durante la pandemia del coronavirus"},"content":{"rendered":"","protected":false},"excerpt":{"rendered":"<p>&#8230;<\/p>\n","protected":false},"author":7,"featured_media":7517,"parent":0,"menu_order":0,"comment_status":"closed","ping_status":"closed","template":"","meta":{"_acf_changed":false,"footnotes":""},"class_list":["post-8272","page","type-page","status-publish","has-post-thumbnail","hentry"],"acf":[],"yoast_head":"<!-- This site is optimized with the Yoast SEO plugin v27.3 - https:\/\/yoast.com\/product\/yoast-seo-wordpress\/ -->\n<title>Arrendamientos comerciales durante la pandemia del coronavirus - Trembly Law Firm &quot;Arrendamientos comerciales durante la pandemia de coronavirus - Bufete de abogados Trembly - Abogados comerciales de Florida&quot;<\/title>\n<meta name=\"description\" content=\"&quot;En nuestro \u00faltimo blog, hablamos sobre los contratos durante la pandemia del coronavirus. El blog de hoy ser\u00e1 un poco m\u00e1s espec\u00edfico para hablar sobre los contratos de alquiler comerciales. Estos se est\u00e1n convirtiendo r\u00e1pidamente en un punto de discordia entre muchos propietarios de empresas. Esto se debe a las presiones recientes con la pandemia, as\u00ed como a las preocupaciones de larga data que la han precedido durante mucho tiempo. Siga [\u2026]&quot;\" \/>\n<meta name=\"robots\" content=\"index, follow, max-snippet:-1, max-image-preview:large, max-video-preview:-1\" \/>\n<link rel=\"canonical\" href=\"https:\/\/tremblylaw.com\/es\/arrendamientos-comerciales-durante-la-pandemia-del-coronavirus\/\" \/>\n<meta property=\"og:locale\" content=\"es_ES\" \/>\n<meta property=\"og:type\" content=\"article\" \/>\n<meta property=\"og:title\" content=\"Arrendamientos comerciales durante la pandemia del coronavirus - Trembly Law Firm &quot;Arrendamientos comerciales durante la pandemia de coronavirus - Bufete de abogados Trembly - Abogados comerciales de Florida&quot;\" \/>\n<meta property=\"og:description\" content=\"&quot;En nuestro \u00faltimo blog, hablamos sobre los contratos durante la pandemia del coronavirus. El blog de hoy ser\u00e1 un poco m\u00e1s espec\u00edfico para hablar sobre los contratos de alquiler comerciales. Estos se est\u00e1n convirtiendo r\u00e1pidamente en un punto de discordia entre muchos propietarios de empresas. Esto se debe a las presiones recientes con la pandemia, as\u00ed como a las preocupaciones de larga data que la han precedido durante mucho tiempo. Siga [\u2026]&quot;\" \/>\n<meta property=\"og:url\" content=\"https:\/\/tremblylaw.com\/es\/arrendamientos-comerciales-durante-la-pandemia-del-coronavirus\/\" \/>\n<meta property=\"og:site_name\" content=\"Trembly Law Firm\" \/>\n<meta property=\"og:image\" content=\"https:\/\/tremblylaw.com\/wp-content\/uploads\/2024\/08\/bernard-hermant-g9ydDMdpfM0-unsplash-683x1024-1.jpg\" \/>\n\t<meta property=\"og:image:width\" content=\"683\" \/>\n\t<meta property=\"og:image:height\" content=\"1024\" \/>\n\t<meta property=\"og:image:type\" content=\"image\/jpeg\" \/>\n<meta name=\"twitter:card\" content=\"summary_large_image\" \/>\n<script type=\"application\/ld+json\" class=\"yoast-schema-graph\">{\"@context\":\"https:\\\/\\\/schema.org\",\"@graph\":[{\"@type\":\"WebPage\",\"@id\":\"https:\\\/\\\/tremblylaw.com\\\/es\\\/arrendamientos-comerciales-durante-la-pandemia-del-coronavirus\\\/\",\"url\":\"https:\\\/\\\/tremblylaw.com\\\/es\\\/arrendamientos-comerciales-durante-la-pandemia-del-coronavirus\\\/\",\"name\":\"Arrendamientos comerciales durante la pandemia del coronavirus - Trembly Law Firm \\\"Arrendamientos comerciales durante la pandemia de coronavirus - Bufete de abogados Trembly - Abogados comerciales de Florida\\\"\",\"isPartOf\":{\"@id\":\"https:\\\/\\\/tremblylaw.com\\\/es\\\/#website\"},\"primaryImageOfPage\":{\"@id\":\"https:\\\/\\\/tremblylaw.com\\\/es\\\/arrendamientos-comerciales-durante-la-pandemia-del-coronavirus\\\/#primaryimage\"},\"image\":{\"@id\":\"https:\\\/\\\/tremblylaw.com\\\/es\\\/arrendamientos-comerciales-durante-la-pandemia-del-coronavirus\\\/#primaryimage\"},\"thumbnailUrl\":\"https:\\\/\\\/tremblylaw.com\\\/wp-content\\\/uploads\\\/2024\\\/08\\\/bernard-hermant-g9ydDMdpfM0-unsplash-683x1024-1.jpg\",\"datePublished\":\"2020-04-20T19:24:56+00:00\",\"description\":\"\\\"En nuestro \u00faltimo blog, hablamos sobre los contratos durante la pandemia del coronavirus. El blog de hoy ser\u00e1 un poco m\u00e1s espec\u00edfico para hablar sobre los contratos de alquiler comerciales. Estos se est\u00e1n convirtiendo r\u00e1pidamente en un punto de discordia entre muchos propietarios de empresas. Esto se debe a las presiones recientes con la pandemia, as\u00ed como a las preocupaciones de larga data que la han precedido durante mucho tiempo. Siga [\u2026]\\\"\",\"breadcrumb\":{\"@id\":\"https:\\\/\\\/tremblylaw.com\\\/es\\\/arrendamientos-comerciales-durante-la-pandemia-del-coronavirus\\\/#breadcrumb\"},\"inLanguage\":\"es\",\"potentialAction\":[{\"@type\":\"ReadAction\",\"target\":[\"https:\\\/\\\/tremblylaw.com\\\/es\\\/arrendamientos-comerciales-durante-la-pandemia-del-coronavirus\\\/\"]}]},{\"@type\":\"ImageObject\",\"inLanguage\":\"es\",\"@id\":\"https:\\\/\\\/tremblylaw.com\\\/es\\\/arrendamientos-comerciales-durante-la-pandemia-del-coronavirus\\\/#primaryimage\",\"url\":\"https:\\\/\\\/tremblylaw.com\\\/wp-content\\\/uploads\\\/2024\\\/08\\\/bernard-hermant-g9ydDMdpfM0-unsplash-683x1024-1.jpg\",\"contentUrl\":\"https:\\\/\\\/tremblylaw.com\\\/wp-content\\\/uploads\\\/2024\\\/08\\\/bernard-hermant-g9ydDMdpfM0-unsplash-683x1024-1.jpg\",\"width\":683,\"height\":1024},{\"@type\":\"BreadcrumbList\",\"@id\":\"https:\\\/\\\/tremblylaw.com\\\/es\\\/arrendamientos-comerciales-durante-la-pandemia-del-coronavirus\\\/#breadcrumb\",\"itemListElement\":[{\"@type\":\"ListItem\",\"position\":1,\"name\":\"Home\",\"item\":\"https:\\\/\\\/tremblylaw.com\\\/es\\\/\"},{\"@type\":\"ListItem\",\"position\":2,\"name\":\"Arrendamientos comerciales durante la pandemia del coronavirus\"}]},{\"@type\":\"WebSite\",\"@id\":\"https:\\\/\\\/tremblylaw.com\\\/es\\\/#website\",\"url\":\"https:\\\/\\\/tremblylaw.com\\\/es\\\/\",\"name\":\"Trembly Law Firm\",\"description\":\"\",\"publisher\":{\"@id\":\"https:\\\/\\\/tremblylaw.com\\\/es\\\/#organization\"},\"potentialAction\":[{\"@type\":\"SearchAction\",\"target\":{\"@type\":\"EntryPoint\",\"urlTemplate\":\"https:\\\/\\\/tremblylaw.com\\\/es\\\/?s={search_term_string}\"},\"query-input\":{\"@type\":\"PropertyValueSpecification\",\"valueRequired\":true,\"valueName\":\"search_term_string\"}}],\"inLanguage\":\"es\"},{\"@type\":\"Organization\",\"@id\":\"https:\\\/\\\/tremblylaw.com\\\/es\\\/#organization\",\"name\":\"Trembly Law Firm\",\"url\":\"https:\\\/\\\/tremblylaw.com\\\/es\\\/\",\"logo\":{\"@type\":\"ImageObject\",\"inLanguage\":\"es\",\"@id\":\"https:\\\/\\\/tremblylaw.com\\\/es\\\/#\\\/schema\\\/logo\\\/image\\\/\",\"url\":\"https:\\\/\\\/tremblylaw.com\\\/wp-content\\\/uploads\\\/2024\\\/07\\\/trembly_logo_dk.webp\",\"contentUrl\":\"https:\\\/\\\/tremblylaw.com\\\/wp-content\\\/uploads\\\/2024\\\/07\\\/trembly_logo_dk.webp\",\"width\":336,\"height\":96,\"caption\":\"Trembly Law Firm\"},\"image\":{\"@id\":\"https:\\\/\\\/tremblylaw.com\\\/es\\\/#\\\/schema\\\/logo\\\/image\\\/\"}}]}<\/script>\n<!-- \/ Yoast SEO plugin. -->","yoast_head_json":{"title":"Arrendamientos comerciales durante la pandemia del coronavirus - Trembly Law Firm \"Arrendamientos comerciales durante la pandemia de coronavirus - Bufete de abogados Trembly - Abogados comerciales de Florida\"","description":"\"En nuestro \u00faltimo blog, hablamos sobre los contratos durante la pandemia del coronavirus. El blog de hoy ser\u00e1 un poco m\u00e1s espec\u00edfico para hablar sobre los contratos de alquiler comerciales. Estos se est\u00e1n convirtiendo r\u00e1pidamente en un punto de discordia entre muchos propietarios de empresas. Esto se debe a las presiones recientes con la pandemia, as\u00ed como a las preocupaciones de larga data que la han precedido durante mucho tiempo. Siga [\u2026]\"","robots":{"index":"index","follow":"follow","max-snippet":"max-snippet:-1","max-image-preview":"max-image-preview:large","max-video-preview":"max-video-preview:-1"},"canonical":"https:\/\/tremblylaw.com\/es\/arrendamientos-comerciales-durante-la-pandemia-del-coronavirus\/","og_locale":"es_ES","og_type":"article","og_title":"Arrendamientos comerciales durante la pandemia del coronavirus - Trembly Law Firm \"Arrendamientos comerciales durante la pandemia de coronavirus - Bufete de abogados Trembly - Abogados comerciales de Florida\"","og_description":"\"En nuestro \u00faltimo blog, hablamos sobre los contratos durante la pandemia del coronavirus. El blog de hoy ser\u00e1 un poco m\u00e1s espec\u00edfico para hablar sobre los contratos de alquiler comerciales. Estos se est\u00e1n convirtiendo r\u00e1pidamente en un punto de discordia entre muchos propietarios de empresas. Esto se debe a las presiones recientes con la pandemia, as\u00ed como a las preocupaciones de larga data que la han precedido durante mucho tiempo. Siga [\u2026]\"","og_url":"https:\/\/tremblylaw.com\/es\/arrendamientos-comerciales-durante-la-pandemia-del-coronavirus\/","og_site_name":"Trembly Law Firm","og_image":[{"width":683,"height":1024,"url":"https:\/\/tremblylaw.com\/wp-content\/uploads\/2024\/08\/bernard-hermant-g9ydDMdpfM0-unsplash-683x1024-1.jpg","type":"image\/jpeg"}],"twitter_card":"summary_large_image","schema":{"@context":"https:\/\/schema.org","@graph":[{"@type":"WebPage","@id":"https:\/\/tremblylaw.com\/es\/arrendamientos-comerciales-durante-la-pandemia-del-coronavirus\/","url":"https:\/\/tremblylaw.com\/es\/arrendamientos-comerciales-durante-la-pandemia-del-coronavirus\/","name":"Arrendamientos comerciales durante la pandemia del coronavirus - Trembly Law Firm \"Arrendamientos comerciales durante la pandemia de coronavirus - Bufete de abogados Trembly - Abogados comerciales de Florida\"","isPartOf":{"@id":"https:\/\/tremblylaw.com\/es\/#website"},"primaryImageOfPage":{"@id":"https:\/\/tremblylaw.com\/es\/arrendamientos-comerciales-durante-la-pandemia-del-coronavirus\/#primaryimage"},"image":{"@id":"https:\/\/tremblylaw.com\/es\/arrendamientos-comerciales-durante-la-pandemia-del-coronavirus\/#primaryimage"},"thumbnailUrl":"https:\/\/tremblylaw.com\/wp-content\/uploads\/2024\/08\/bernard-hermant-g9ydDMdpfM0-unsplash-683x1024-1.jpg","datePublished":"2020-04-20T19:24:56+00:00","description":"\"En nuestro \u00faltimo blog, hablamos sobre los contratos durante la pandemia del coronavirus. El blog de hoy ser\u00e1 un poco m\u00e1s espec\u00edfico para hablar sobre los contratos de alquiler comerciales. Estos se est\u00e1n convirtiendo r\u00e1pidamente en un punto de discordia entre muchos propietarios de empresas. Esto se debe a las presiones recientes con la pandemia, as\u00ed como a las preocupaciones de larga data que la han precedido durante mucho tiempo. Siga [\u2026]\"","breadcrumb":{"@id":"https:\/\/tremblylaw.com\/es\/arrendamientos-comerciales-durante-la-pandemia-del-coronavirus\/#breadcrumb"},"inLanguage":"es","potentialAction":[{"@type":"ReadAction","target":["https:\/\/tremblylaw.com\/es\/arrendamientos-comerciales-durante-la-pandemia-del-coronavirus\/"]}]},{"@type":"ImageObject","inLanguage":"es","@id":"https:\/\/tremblylaw.com\/es\/arrendamientos-comerciales-durante-la-pandemia-del-coronavirus\/#primaryimage","url":"https:\/\/tremblylaw.com\/wp-content\/uploads\/2024\/08\/bernard-hermant-g9ydDMdpfM0-unsplash-683x1024-1.jpg","contentUrl":"https:\/\/tremblylaw.com\/wp-content\/uploads\/2024\/08\/bernard-hermant-g9ydDMdpfM0-unsplash-683x1024-1.jpg","width":683,"height":1024},{"@type":"BreadcrumbList","@id":"https:\/\/tremblylaw.com\/es\/arrendamientos-comerciales-durante-la-pandemia-del-coronavirus\/#breadcrumb","itemListElement":[{"@type":"ListItem","position":1,"name":"Home","item":"https:\/\/tremblylaw.com\/es\/"},{"@type":"ListItem","position":2,"name":"Arrendamientos comerciales durante la pandemia del coronavirus"}]},{"@type":"WebSite","@id":"https:\/\/tremblylaw.com\/es\/#website","url":"https:\/\/tremblylaw.com\/es\/","name":"Trembly Law Firm","description":"","publisher":{"@id":"https:\/\/tremblylaw.com\/es\/#organization"},"potentialAction":[{"@type":"SearchAction","target":{"@type":"EntryPoint","urlTemplate":"https:\/\/tremblylaw.com\/es\/?s={search_term_string}"},"query-input":{"@type":"PropertyValueSpecification","valueRequired":true,"valueName":"search_term_string"}}],"inLanguage":"es"},{"@type":"Organization","@id":"https:\/\/tremblylaw.com\/es\/#organization","name":"Trembly Law Firm","url":"https:\/\/tremblylaw.com\/es\/","logo":{"@type":"ImageObject","inLanguage":"es","@id":"https:\/\/tremblylaw.com\/es\/#\/schema\/logo\/image\/","url":"https:\/\/tremblylaw.com\/wp-content\/uploads\/2024\/07\/trembly_logo_dk.webp","contentUrl":"https:\/\/tremblylaw.com\/wp-content\/uploads\/2024\/07\/trembly_logo_dk.webp","width":336,"height":96,"caption":"Trembly Law Firm"},"image":{"@id":"https:\/\/tremblylaw.com\/es\/#\/schema\/logo\/image\/"}}]}},"_links":{"self":[{"href":"https:\/\/tremblylaw.com\/es\/wp-json\/wp\/v2\/pages\/8272","targetHints":{"allow":["GET"]}}],"collection":[{"href":"https:\/\/tremblylaw.com\/es\/wp-json\/wp\/v2\/pages"}],"about":[{"href":"https:\/\/tremblylaw.com\/es\/wp-json\/wp\/v2\/types\/page"}],"author":[{"embeddable":true,"href":"https:\/\/tremblylaw.com\/es\/wp-json\/wp\/v2\/users\/7"}],"replies":[{"embeddable":true,"href":"https:\/\/tremblylaw.com\/es\/wp-json\/wp\/v2\/comments?post=8272"}],"version-history":[{"count":0,"href":"https:\/\/tremblylaw.com\/es\/wp-json\/wp\/v2\/pages\/8272\/revisions"}],"wp:featuredmedia":[{"embeddable":true,"href":"https:\/\/tremblylaw.com\/es\/wp-json\/wp\/v2\/media\/7517"}],"wp:attachment":[{"href":"https:\/\/tremblylaw.com\/es\/wp-json\/wp\/v2\/media?parent=8272"}],"curies":[{"name":"wp","href":"https:\/\/api.w.org\/{rel}","templated":true}]}}