{"id":8284,"date":"2021-11-11T06:58:08","date_gmt":"2021-11-11T11:58:08","guid":{"rendered":"https:\/\/trembly-jem.local\/invitacion-de-referencia-vip\/"},"modified":"2024-09-11T15:56:36","modified_gmt":"2024-09-11T22:56:36","slug":"invitacion-de-referencia-vip","status":"publish","type":"page","link":"https:\/\/tremblylaw.com\/es\/invitacion-de-referencia-vip\/","title":{"rendered":"Invitaci\u00f3n de referencia VIP"},"content":{"rendered":"","protected":false},"excerpt":{"rendered":"<p>&#8230;<\/p>\n","protected":false},"author":7,"featured_media":7295,"parent":0,"menu_order":0,"comment_status":"closed","ping_status":"closed","template":"","meta":{"_acf_changed":false,"footnotes":""},"class_list":["post-8284","page","type-page","status-publish","has-post-thumbnail","hentry"],"acf":[],"yoast_head":"<!-- This site is optimized with the Yoast SEO plugin v27.3 - https:\/\/yoast.com\/product\/yoast-seo-wordpress\/ -->\n<title>Invitaci\u00f3n de referencia VIP - Trembly Law Firm &quot;Invitaci\u00f3n de referencia VIP - Bufete de abogados Trembly - Abogados comerciales de Florida&quot;<\/title>\n<meta name=\"description\" content=\"&quot;Negocios | Franquicias | Empleo | Litigios Referencia Invitaci\u00f3n VIP \u00bfConoce a un due\u00f1o de negocio que necesite un abogado? Env\u00edenos su informaci\u00f3n y ayude a un due\u00f1o de negocio que lo necesite. Queremos ayudar a los due\u00f1os de negocios a proteger lo que han trabajado tan duro para construir. \u00bfConoce a alguien que necesite un abogado de negocios? Env\u00ede su informaci\u00f3n [\u2026]&quot;\" \/>\n<meta name=\"robots\" content=\"index, follow, max-snippet:-1, max-image-preview:large, max-video-preview:-1\" \/>\n<link rel=\"canonical\" href=\"https:\/\/tremblylaw.com\/es\/invitacion-de-referencia-vip\/\" \/>\n<meta property=\"og:locale\" content=\"es_ES\" \/>\n<meta property=\"og:type\" content=\"article\" \/>\n<meta property=\"og:title\" content=\"Invitaci\u00f3n de referencia VIP - Trembly Law Firm &quot;Invitaci\u00f3n de referencia VIP - Bufete de abogados Trembly - Abogados comerciales de Florida&quot;\" \/>\n<meta property=\"og:description\" content=\"&quot;Negocios | Franquicias | Empleo | Litigios Referencia Invitaci\u00f3n VIP \u00bfConoce a un due\u00f1o de negocio que necesite un abogado? Env\u00edenos su informaci\u00f3n y ayude a un due\u00f1o de negocio que lo necesite. Queremos ayudar a los due\u00f1os de negocios a proteger lo que han trabajado tan duro para construir. \u00bfConoce a alguien que necesite un abogado de negocios? Env\u00ede su informaci\u00f3n [\u2026]&quot;\" \/>\n<meta property=\"og:url\" content=\"https:\/\/tremblylaw.com\/es\/invitacion-de-referencia-vip\/\" \/>\n<meta property=\"og:site_name\" content=\"Trembly Law Firm\" \/>\n<meta property=\"article:modified_time\" content=\"2024-09-11T22:56:36+00:00\" \/>\n<meta property=\"og:image\" content=\"https:\/\/tremblylaw.com\/wp-content\/uploads\/2024\/08\/TLF-LOGO-square-768x768-1-300x300-2.png\" \/>\n\t<meta property=\"og:image:width\" content=\"300\" \/>\n\t<meta property=\"og:image:height\" content=\"300\" \/>\n\t<meta property=\"og:image:type\" content=\"image\/png\" \/>\n<meta name=\"twitter:card\" content=\"summary_large_image\" \/>\n<meta name=\"twitter:label1\" content=\"Tiempo de lectura\" \/>\n\t<meta name=\"twitter:data1\" content=\"1 minuto\" \/>\n<script type=\"application\/ld+json\" class=\"yoast-schema-graph\">{\"@context\":\"https:\\\/\\\/schema.org\",\"@graph\":[{\"@type\":\"WebPage\",\"@id\":\"https:\\\/\\\/tremblylaw.com\\\/es\\\/invitacion-de-referencia-vip\\\/\",\"url\":\"https:\\\/\\\/tremblylaw.com\\\/es\\\/invitacion-de-referencia-vip\\\/\",\"name\":\"Invitaci\u00f3n de referencia VIP - Trembly Law Firm \\\"Invitaci\u00f3n de referencia VIP - Bufete de abogados Trembly - Abogados comerciales de Florida\\\"\",\"isPartOf\":{\"@id\":\"https:\\\/\\\/tremblylaw.com\\\/es\\\/#website\"},\"primaryImageOfPage\":{\"@id\":\"https:\\\/\\\/tremblylaw.com\\\/es\\\/invitacion-de-referencia-vip\\\/#primaryimage\"},\"image\":{\"@id\":\"https:\\\/\\\/tremblylaw.com\\\/es\\\/invitacion-de-referencia-vip\\\/#primaryimage\"},\"thumbnailUrl\":\"https:\\\/\\\/tremblylaw.com\\\/wp-content\\\/uploads\\\/2024\\\/08\\\/TLF-LOGO-square-768x768-1-300x300-2.png\",\"datePublished\":\"2021-11-11T11:58:08+00:00\",\"dateModified\":\"2024-09-11T22:56:36+00:00\",\"description\":\"\\\"Negocios | Franquicias | Empleo | Litigios Referencia Invitaci\u00f3n VIP \u00bfConoce a un due\u00f1o de negocio que necesite un abogado? Env\u00edenos su informaci\u00f3n y ayude a un due\u00f1o de negocio que lo necesite. Queremos ayudar a los due\u00f1os de negocios a proteger lo que han trabajado tan duro para construir. \u00bfConoce a alguien que necesite un abogado de negocios? Env\u00ede su informaci\u00f3n [\u2026]\\\"\",\"breadcrumb\":{\"@id\":\"https:\\\/\\\/tremblylaw.com\\\/es\\\/invitacion-de-referencia-vip\\\/#breadcrumb\"},\"inLanguage\":\"es\",\"potentialAction\":[{\"@type\":\"ReadAction\",\"target\":[\"https:\\\/\\\/tremblylaw.com\\\/es\\\/invitacion-de-referencia-vip\\\/\"]}]},{\"@type\":\"ImageObject\",\"inLanguage\":\"es\",\"@id\":\"https:\\\/\\\/tremblylaw.com\\\/es\\\/invitacion-de-referencia-vip\\\/#primaryimage\",\"url\":\"https:\\\/\\\/tremblylaw.com\\\/wp-content\\\/uploads\\\/2024\\\/08\\\/TLF-LOGO-square-768x768-1-300x300-2.png\",\"contentUrl\":\"https:\\\/\\\/tremblylaw.com\\\/wp-content\\\/uploads\\\/2024\\\/08\\\/TLF-LOGO-square-768x768-1-300x300-2.png\",\"width\":300,\"height\":300},{\"@type\":\"BreadcrumbList\",\"@id\":\"https:\\\/\\\/tremblylaw.com\\\/es\\\/invitacion-de-referencia-vip\\\/#breadcrumb\",\"itemListElement\":[{\"@type\":\"ListItem\",\"position\":1,\"name\":\"Home\",\"item\":\"https:\\\/\\\/tremblylaw.com\\\/es\\\/\"},{\"@type\":\"ListItem\",\"position\":2,\"name\":\"Invitaci\u00f3n de referencia VIP\"}]},{\"@type\":\"WebSite\",\"@id\":\"https:\\\/\\\/tremblylaw.com\\\/es\\\/#website\",\"url\":\"https:\\\/\\\/tremblylaw.com\\\/es\\\/\",\"name\":\"Trembly Law Firm\",\"description\":\"\",\"publisher\":{\"@id\":\"https:\\\/\\\/tremblylaw.com\\\/es\\\/#organization\"},\"potentialAction\":[{\"@type\":\"SearchAction\",\"target\":{\"@type\":\"EntryPoint\",\"urlTemplate\":\"https:\\\/\\\/tremblylaw.com\\\/es\\\/?s={search_term_string}\"},\"query-input\":{\"@type\":\"PropertyValueSpecification\",\"valueRequired\":true,\"valueName\":\"search_term_string\"}}],\"inLanguage\":\"es\"},{\"@type\":\"Organization\",\"@id\":\"https:\\\/\\\/tremblylaw.com\\\/es\\\/#organization\",\"name\":\"Trembly Law Firm\",\"url\":\"https:\\\/\\\/tremblylaw.com\\\/es\\\/\",\"logo\":{\"@type\":\"ImageObject\",\"inLanguage\":\"es\",\"@id\":\"https:\\\/\\\/tremblylaw.com\\\/es\\\/#\\\/schema\\\/logo\\\/image\\\/\",\"url\":\"https:\\\/\\\/tremblylaw.com\\\/wp-content\\\/uploads\\\/2024\\\/07\\\/trembly_logo_dk.webp\",\"contentUrl\":\"https:\\\/\\\/tremblylaw.com\\\/wp-content\\\/uploads\\\/2024\\\/07\\\/trembly_logo_dk.webp\",\"width\":336,\"height\":96,\"caption\":\"Trembly Law Firm\"},\"image\":{\"@id\":\"https:\\\/\\\/tremblylaw.com\\\/es\\\/#\\\/schema\\\/logo\\\/image\\\/\"}}]}<\/script>\n<!-- \/ Yoast SEO plugin. -->","yoast_head_json":{"title":"Invitaci\u00f3n de referencia VIP - Trembly Law Firm \"Invitaci\u00f3n de referencia VIP - Bufete de abogados Trembly - Abogados comerciales de Florida\"","description":"\"Negocios | Franquicias | Empleo | Litigios Referencia Invitaci\u00f3n VIP \u00bfConoce a un due\u00f1o de negocio que necesite un abogado? Env\u00edenos su informaci\u00f3n y ayude a un due\u00f1o de negocio que lo necesite. Queremos ayudar a los due\u00f1os de negocios a proteger lo que han trabajado tan duro para construir. \u00bfConoce a alguien que necesite un abogado de negocios? Env\u00ede su informaci\u00f3n [\u2026]\"","robots":{"index":"index","follow":"follow","max-snippet":"max-snippet:-1","max-image-preview":"max-image-preview:large","max-video-preview":"max-video-preview:-1"},"canonical":"https:\/\/tremblylaw.com\/es\/invitacion-de-referencia-vip\/","og_locale":"es_ES","og_type":"article","og_title":"Invitaci\u00f3n de referencia VIP - Trembly Law Firm \"Invitaci\u00f3n de referencia VIP - Bufete de abogados Trembly - Abogados comerciales de Florida\"","og_description":"\"Negocios | Franquicias | Empleo | Litigios Referencia Invitaci\u00f3n VIP \u00bfConoce a un due\u00f1o de negocio que necesite un abogado? Env\u00edenos su informaci\u00f3n y ayude a un due\u00f1o de negocio que lo necesite. Queremos ayudar a los due\u00f1os de negocios a proteger lo que han trabajado tan duro para construir. \u00bfConoce a alguien que necesite un abogado de negocios? Env\u00ede su informaci\u00f3n [\u2026]\"","og_url":"https:\/\/tremblylaw.com\/es\/invitacion-de-referencia-vip\/","og_site_name":"Trembly Law Firm","article_modified_time":"2024-09-11T22:56:36+00:00","og_image":[{"width":300,"height":300,"url":"https:\/\/tremblylaw.com\/wp-content\/uploads\/2024\/08\/TLF-LOGO-square-768x768-1-300x300-2.png","type":"image\/png"}],"twitter_card":"summary_large_image","twitter_misc":{"Tiempo de lectura":"1 minuto"},"schema":{"@context":"https:\/\/schema.org","@graph":[{"@type":"WebPage","@id":"https:\/\/tremblylaw.com\/es\/invitacion-de-referencia-vip\/","url":"https:\/\/tremblylaw.com\/es\/invitacion-de-referencia-vip\/","name":"Invitaci\u00f3n de referencia VIP - Trembly Law Firm \"Invitaci\u00f3n de referencia VIP - Bufete de abogados Trembly - Abogados comerciales de Florida\"","isPartOf":{"@id":"https:\/\/tremblylaw.com\/es\/#website"},"primaryImageOfPage":{"@id":"https:\/\/tremblylaw.com\/es\/invitacion-de-referencia-vip\/#primaryimage"},"image":{"@id":"https:\/\/tremblylaw.com\/es\/invitacion-de-referencia-vip\/#primaryimage"},"thumbnailUrl":"https:\/\/tremblylaw.com\/wp-content\/uploads\/2024\/08\/TLF-LOGO-square-768x768-1-300x300-2.png","datePublished":"2021-11-11T11:58:08+00:00","dateModified":"2024-09-11T22:56:36+00:00","description":"\"Negocios | Franquicias | Empleo | Litigios Referencia Invitaci\u00f3n VIP \u00bfConoce a un due\u00f1o de negocio que necesite un abogado? Env\u00edenos su informaci\u00f3n y ayude a un due\u00f1o de negocio que lo necesite. Queremos ayudar a los due\u00f1os de negocios a proteger lo que han trabajado tan duro para construir. \u00bfConoce a alguien que necesite un abogado de negocios? Env\u00ede su informaci\u00f3n [\u2026]\"","breadcrumb":{"@id":"https:\/\/tremblylaw.com\/es\/invitacion-de-referencia-vip\/#breadcrumb"},"inLanguage":"es","potentialAction":[{"@type":"ReadAction","target":["https:\/\/tremblylaw.com\/es\/invitacion-de-referencia-vip\/"]}]},{"@type":"ImageObject","inLanguage":"es","@id":"https:\/\/tremblylaw.com\/es\/invitacion-de-referencia-vip\/#primaryimage","url":"https:\/\/tremblylaw.com\/wp-content\/uploads\/2024\/08\/TLF-LOGO-square-768x768-1-300x300-2.png","contentUrl":"https:\/\/tremblylaw.com\/wp-content\/uploads\/2024\/08\/TLF-LOGO-square-768x768-1-300x300-2.png","width":300,"height":300},{"@type":"BreadcrumbList","@id":"https:\/\/tremblylaw.com\/es\/invitacion-de-referencia-vip\/#breadcrumb","itemListElement":[{"@type":"ListItem","position":1,"name":"Home","item":"https:\/\/tremblylaw.com\/es\/"},{"@type":"ListItem","position":2,"name":"Invitaci\u00f3n de referencia VIP"}]},{"@type":"WebSite","@id":"https:\/\/tremblylaw.com\/es\/#website","url":"https:\/\/tremblylaw.com\/es\/","name":"Trembly Law Firm","description":"","publisher":{"@id":"https:\/\/tremblylaw.com\/es\/#organization"},"potentialAction":[{"@type":"SearchAction","target":{"@type":"EntryPoint","urlTemplate":"https:\/\/tremblylaw.com\/es\/?s={search_term_string}"},"query-input":{"@type":"PropertyValueSpecification","valueRequired":true,"valueName":"search_term_string"}}],"inLanguage":"es"},{"@type":"Organization","@id":"https:\/\/tremblylaw.com\/es\/#organization","name":"Trembly Law Firm","url":"https:\/\/tremblylaw.com\/es\/","logo":{"@type":"ImageObject","inLanguage":"es","@id":"https:\/\/tremblylaw.com\/es\/#\/schema\/logo\/image\/","url":"https:\/\/tremblylaw.com\/wp-content\/uploads\/2024\/07\/trembly_logo_dk.webp","contentUrl":"https:\/\/tremblylaw.com\/wp-content\/uploads\/2024\/07\/trembly_logo_dk.webp","width":336,"height":96,"caption":"Trembly Law Firm"},"image":{"@id":"https:\/\/tremblylaw.com\/es\/#\/schema\/logo\/image\/"}}]}},"_links":{"self":[{"href":"https:\/\/tremblylaw.com\/es\/wp-json\/wp\/v2\/pages\/8284","targetHints":{"allow":["GET"]}}],"collection":[{"href":"https:\/\/tremblylaw.com\/es\/wp-json\/wp\/v2\/pages"}],"about":[{"href":"https:\/\/tremblylaw.com\/es\/wp-json\/wp\/v2\/types\/page"}],"author":[{"embeddable":true,"href":"https:\/\/tremblylaw.com\/es\/wp-json\/wp\/v2\/users\/7"}],"replies":[{"embeddable":true,"href":"https:\/\/tremblylaw.com\/es\/wp-json\/wp\/v2\/comments?post=8284"}],"version-history":[{"count":0,"href":"https:\/\/tremblylaw.com\/es\/wp-json\/wp\/v2\/pages\/8284\/revisions"}],"wp:featuredmedia":[{"embeddable":true,"href":"https:\/\/tremblylaw.com\/es\/wp-json\/wp\/v2\/media\/7295"}],"wp:attachment":[{"href":"https:\/\/tremblylaw.com\/es\/wp-json\/wp\/v2\/media?parent=8284"}],"curies":[{"name":"wp","href":"https:\/\/api.w.org\/{rel}","templated":true}]}}