{"id":9670,"date":"2025-05-27T09:43:18","date_gmt":"2025-05-27T14:43:18","guid":{"rendered":"https:\/\/tremblylaw.com\/?page_id=9670"},"modified":"2025-05-27T09:43:18","modified_gmt":"2025-05-27T14:43:18","slug":"terminos-y-condiciones-del-cliente-2","status":"publish","type":"page","link":"https:\/\/tremblylaw.com\/es\/terminos-y-condiciones-del-cliente-2\/","title":{"rendered":"T\u00e9rminos y condiciones del cliente"},"content":{"rendered":"","protected":false},"excerpt":{"rendered":"<p>&#8230;<\/p>\n","protected":false},"author":13,"featured_media":0,"parent":0,"menu_order":0,"comment_status":"closed","ping_status":"closed","template":"","meta":{"_acf_changed":false,"footnotes":""},"class_list":["post-9670","page","type-page","status-publish","hentry"],"acf":[],"yoast_head":"<!-- This site is optimized with the Yoast SEO plugin v27.3 - https:\/\/yoast.com\/product\/yoast-seo-wordpress\/ -->\n<title>T\u00e9rminos y condiciones del cliente - Trembly Law Firm &quot;T\u00e9rminos y condiciones del cliente | Bufete de abogados Trembly&quot;<\/title>\n<meta name=\"description\" content=\"&quot;Negocios | Franquicia | Empleo | Litigios T\u00e9rminos y condiciones del cliente T\u00e9rminos y condiciones del cliente (vigentes a partir del 22 de enero de 2024) Cualquier referencia en este documento a &quot;este Acuerdo&quot; o &quot;el Acuerdo&quot; significa el Acuerdo de retenci\u00f3n celebrado entre el Cliente y la Firma. Todos los T\u00e9rminos y condiciones a continuaci\u00f3n se incorporan expresamente a [\u2026]&quot;\" \/>\n<meta name=\"robots\" content=\"index, follow, max-snippet:-1, max-image-preview:large, max-video-preview:-1\" \/>\n<link rel=\"canonical\" href=\"https:\/\/tremblylaw.com\/es\/terminos-y-condiciones-del-cliente-2\/\" \/>\n<meta property=\"og:locale\" content=\"es_ES\" \/>\n<meta property=\"og:type\" content=\"article\" \/>\n<meta property=\"og:title\" content=\"T\u00e9rminos y condiciones del cliente - Trembly Law Firm &quot;T\u00e9rminos y condiciones del cliente | Bufete de abogados Trembly&quot;\" \/>\n<meta property=\"og:description\" content=\"&quot;Negocios | Franquicia | Empleo | Litigios T\u00e9rminos y condiciones del cliente T\u00e9rminos y condiciones del cliente (vigentes a partir del 22 de enero de 2024) Cualquier referencia en este documento a &quot;este Acuerdo&quot; o &quot;el Acuerdo&quot; significa el Acuerdo de retenci\u00f3n celebrado entre el Cliente y la Firma. Todos los T\u00e9rminos y condiciones a continuaci\u00f3n se incorporan expresamente a [\u2026]&quot;\" \/>\n<meta property=\"og:url\" content=\"https:\/\/tremblylaw.com\/es\/terminos-y-condiciones-del-cliente-2\/\" \/>\n<meta property=\"og:site_name\" content=\"Trembly Law Firm\" \/>\n<meta name=\"twitter:card\" content=\"summary_large_image\" \/>\n<script type=\"application\/ld+json\" class=\"yoast-schema-graph\">{\"@context\":\"https:\\\/\\\/schema.org\",\"@graph\":[{\"@type\":\"WebPage\",\"@id\":\"https:\\\/\\\/tremblylaw.com\\\/es\\\/terminos-y-condiciones-del-cliente-2\\\/\",\"url\":\"https:\\\/\\\/tremblylaw.com\\\/es\\\/terminos-y-condiciones-del-cliente-2\\\/\",\"name\":\"T\u00e9rminos y condiciones del cliente - Trembly Law Firm \\\"T\u00e9rminos y condiciones del cliente | Bufete de abogados Trembly\\\"\",\"isPartOf\":{\"@id\":\"https:\\\/\\\/tremblylaw.com\\\/es\\\/#website\"},\"datePublished\":\"2025-05-27T14:43:18+00:00\",\"description\":\"\\\"Negocios | Franquicia | Empleo | Litigios T\u00e9rminos y condiciones del cliente T\u00e9rminos y condiciones del cliente (vigentes a partir del 22 de enero de 2024) Cualquier referencia en este documento a \\\"este Acuerdo\\\" o \\\"el Acuerdo\\\" significa el Acuerdo de retenci\u00f3n celebrado entre el Cliente y la Firma. Todos los T\u00e9rminos y condiciones a continuaci\u00f3n se incorporan expresamente a [\u2026]\\\"\",\"breadcrumb\":{\"@id\":\"https:\\\/\\\/tremblylaw.com\\\/es\\\/terminos-y-condiciones-del-cliente-2\\\/#breadcrumb\"},\"inLanguage\":\"es\",\"potentialAction\":[{\"@type\":\"ReadAction\",\"target\":[\"https:\\\/\\\/tremblylaw.com\\\/es\\\/terminos-y-condiciones-del-cliente-2\\\/\"]}]},{\"@type\":\"BreadcrumbList\",\"@id\":\"https:\\\/\\\/tremblylaw.com\\\/es\\\/terminos-y-condiciones-del-cliente-2\\\/#breadcrumb\",\"itemListElement\":[{\"@type\":\"ListItem\",\"position\":1,\"name\":\"Home\",\"item\":\"https:\\\/\\\/tremblylaw.com\\\/es\\\/\"},{\"@type\":\"ListItem\",\"position\":2,\"name\":\"T\u00e9rminos y condiciones del cliente\"}]},{\"@type\":\"WebSite\",\"@id\":\"https:\\\/\\\/tremblylaw.com\\\/es\\\/#website\",\"url\":\"https:\\\/\\\/tremblylaw.com\\\/es\\\/\",\"name\":\"Trembly Law Firm\",\"description\":\"\",\"publisher\":{\"@id\":\"https:\\\/\\\/tremblylaw.com\\\/es\\\/#organization\"},\"potentialAction\":[{\"@type\":\"SearchAction\",\"target\":{\"@type\":\"EntryPoint\",\"urlTemplate\":\"https:\\\/\\\/tremblylaw.com\\\/es\\\/?s={search_term_string}\"},\"query-input\":{\"@type\":\"PropertyValueSpecification\",\"valueRequired\":true,\"valueName\":\"search_term_string\"}}],\"inLanguage\":\"es\"},{\"@type\":\"Organization\",\"@id\":\"https:\\\/\\\/tremblylaw.com\\\/es\\\/#organization\",\"name\":\"Trembly Law Firm\",\"url\":\"https:\\\/\\\/tremblylaw.com\\\/es\\\/\",\"logo\":{\"@type\":\"ImageObject\",\"inLanguage\":\"es\",\"@id\":\"https:\\\/\\\/tremblylaw.com\\\/es\\\/#\\\/schema\\\/logo\\\/image\\\/\",\"url\":\"https:\\\/\\\/tremblylaw.com\\\/wp-content\\\/uploads\\\/2024\\\/07\\\/trembly_logo_dk.webp\",\"contentUrl\":\"https:\\\/\\\/tremblylaw.com\\\/wp-content\\\/uploads\\\/2024\\\/07\\\/trembly_logo_dk.webp\",\"width\":336,\"height\":96,\"caption\":\"Trembly Law Firm\"},\"image\":{\"@id\":\"https:\\\/\\\/tremblylaw.com\\\/es\\\/#\\\/schema\\\/logo\\\/image\\\/\"}}]}<\/script>\n<!-- \/ Yoast SEO plugin. -->","yoast_head_json":{"title":"T\u00e9rminos y condiciones del cliente - Trembly Law Firm \"T\u00e9rminos y condiciones del cliente | Bufete de abogados Trembly\"","description":"\"Negocios | Franquicia | Empleo | Litigios T\u00e9rminos y condiciones del cliente T\u00e9rminos y condiciones del cliente (vigentes a partir del 22 de enero de 2024) Cualquier referencia en este documento a \"este Acuerdo\" o \"el Acuerdo\" significa el Acuerdo de retenci\u00f3n celebrado entre el Cliente y la Firma. Todos los T\u00e9rminos y condiciones a continuaci\u00f3n se incorporan expresamente a [\u2026]\"","robots":{"index":"index","follow":"follow","max-snippet":"max-snippet:-1","max-image-preview":"max-image-preview:large","max-video-preview":"max-video-preview:-1"},"canonical":"https:\/\/tremblylaw.com\/es\/terminos-y-condiciones-del-cliente-2\/","og_locale":"es_ES","og_type":"article","og_title":"T\u00e9rminos y condiciones del cliente - Trembly Law Firm \"T\u00e9rminos y condiciones del cliente | Bufete de abogados Trembly\"","og_description":"\"Negocios | Franquicia | Empleo | Litigios T\u00e9rminos y condiciones del cliente T\u00e9rminos y condiciones del cliente (vigentes a partir del 22 de enero de 2024) Cualquier referencia en este documento a \"este Acuerdo\" o \"el Acuerdo\" significa el Acuerdo de retenci\u00f3n celebrado entre el Cliente y la Firma. Todos los T\u00e9rminos y condiciones a continuaci\u00f3n se incorporan expresamente a [\u2026]\"","og_url":"https:\/\/tremblylaw.com\/es\/terminos-y-condiciones-del-cliente-2\/","og_site_name":"Trembly Law Firm","twitter_card":"summary_large_image","schema":{"@context":"https:\/\/schema.org","@graph":[{"@type":"WebPage","@id":"https:\/\/tremblylaw.com\/es\/terminos-y-condiciones-del-cliente-2\/","url":"https:\/\/tremblylaw.com\/es\/terminos-y-condiciones-del-cliente-2\/","name":"T\u00e9rminos y condiciones del cliente - Trembly Law Firm \"T\u00e9rminos y condiciones del cliente | Bufete de abogados Trembly\"","isPartOf":{"@id":"https:\/\/tremblylaw.com\/es\/#website"},"datePublished":"2025-05-27T14:43:18+00:00","description":"\"Negocios | Franquicia | Empleo | Litigios T\u00e9rminos y condiciones del cliente T\u00e9rminos y condiciones del cliente (vigentes a partir del 22 de enero de 2024) Cualquier referencia en este documento a \"este Acuerdo\" o \"el Acuerdo\" significa el Acuerdo de retenci\u00f3n celebrado entre el Cliente y la Firma. Todos los T\u00e9rminos y condiciones a continuaci\u00f3n se incorporan expresamente a [\u2026]\"","breadcrumb":{"@id":"https:\/\/tremblylaw.com\/es\/terminos-y-condiciones-del-cliente-2\/#breadcrumb"},"inLanguage":"es","potentialAction":[{"@type":"ReadAction","target":["https:\/\/tremblylaw.com\/es\/terminos-y-condiciones-del-cliente-2\/"]}]},{"@type":"BreadcrumbList","@id":"https:\/\/tremblylaw.com\/es\/terminos-y-condiciones-del-cliente-2\/#breadcrumb","itemListElement":[{"@type":"ListItem","position":1,"name":"Home","item":"https:\/\/tremblylaw.com\/es\/"},{"@type":"ListItem","position":2,"name":"T\u00e9rminos y condiciones del cliente"}]},{"@type":"WebSite","@id":"https:\/\/tremblylaw.com\/es\/#website","url":"https:\/\/tremblylaw.com\/es\/","name":"Trembly Law Firm","description":"","publisher":{"@id":"https:\/\/tremblylaw.com\/es\/#organization"},"potentialAction":[{"@type":"SearchAction","target":{"@type":"EntryPoint","urlTemplate":"https:\/\/tremblylaw.com\/es\/?s={search_term_string}"},"query-input":{"@type":"PropertyValueSpecification","valueRequired":true,"valueName":"search_term_string"}}],"inLanguage":"es"},{"@type":"Organization","@id":"https:\/\/tremblylaw.com\/es\/#organization","name":"Trembly Law Firm","url":"https:\/\/tremblylaw.com\/es\/","logo":{"@type":"ImageObject","inLanguage":"es","@id":"https:\/\/tremblylaw.com\/es\/#\/schema\/logo\/image\/","url":"https:\/\/tremblylaw.com\/wp-content\/uploads\/2024\/07\/trembly_logo_dk.webp","contentUrl":"https:\/\/tremblylaw.com\/wp-content\/uploads\/2024\/07\/trembly_logo_dk.webp","width":336,"height":96,"caption":"Trembly Law Firm"},"image":{"@id":"https:\/\/tremblylaw.com\/es\/#\/schema\/logo\/image\/"}}]}},"_links":{"self":[{"href":"https:\/\/tremblylaw.com\/es\/wp-json\/wp\/v2\/pages\/9670","targetHints":{"allow":["GET"]}}],"collection":[{"href":"https:\/\/tremblylaw.com\/es\/wp-json\/wp\/v2\/pages"}],"about":[{"href":"https:\/\/tremblylaw.com\/es\/wp-json\/wp\/v2\/types\/page"}],"author":[{"embeddable":true,"href":"https:\/\/tremblylaw.com\/es\/wp-json\/wp\/v2\/users\/13"}],"replies":[{"embeddable":true,"href":"https:\/\/tremblylaw.com\/es\/wp-json\/wp\/v2\/comments?post=9670"}],"version-history":[{"count":0,"href":"https:\/\/tremblylaw.com\/es\/wp-json\/wp\/v2\/pages\/9670\/revisions"}],"wp:attachment":[{"href":"https:\/\/tremblylaw.com\/es\/wp-json\/wp\/v2\/media?parent=9670"}],"curies":[{"name":"wp","href":"https:\/\/api.w.org\/{rel}","templated":true}]}}